{"id":1503,"date":"2024-11-26T09:44:23","date_gmt":"2024-11-26T09:44:23","guid":{"rendered":"https:\/\/pms.phwien.ac.at\/?page_id=1503"},"modified":"2025-03-06T12:19:52","modified_gmt":"2025-03-06T12:19:52","slug":"psychagogische-begleitung","status":"publish","type":"page","link":"https:\/\/pms.phwien.ac.at\/index.php\/psychagogische-begleitung\/","title":{"rendered":"Psychagogische Begleitung"},"content":{"rendered":"\t\t<div data-elementor-type=\"wp-page\" data-elementor-id=\"1503\" class=\"elementor elementor-1503\" data-elementor-post-type=\"page\">\n\t\t\t\t<div class=\"has_eae_slider elementor-element elementor-element-a980dc4 e-flex e-con-boxed e-con e-parent\" data-eae-slider=\"65106\" data-id=\"a980dc4\" data-element_type=\"container\" data-e-type=\"container\">\n\t\t\t\t\t<div class=\"e-con-inner\">\n\t\t\t\t<div class=\"elementor-element elementor-element-6dead84 elementor-widget elementor-widget-heading\" data-id=\"6dead84\" data-element_type=\"widget\" data-e-type=\"widget\" data-widget_type=\"heading.default\">\n\t\t\t\t<div class=\"elementor-widget-container\">\n\t\t\t\t\t<h2 class=\"elementor-heading-title elementor-size-default\">Psychagogische Betreuung<\/h2>\t\t\t\t<\/div>\n\t\t\t\t<\/div>\n\t\t\t\t<div class=\"elementor-element elementor-element-754b813 elementor-widget-divider--view-line elementor-widget elementor-widget-divider\" data-id=\"754b813\" data-element_type=\"widget\" data-e-type=\"widget\" data-widget_type=\"divider.default\">\n\t\t\t\t<div class=\"elementor-widget-container\">\n\t\t\t\t\t\t\t<div class=\"elementor-divider\">\n\t\t\t<span class=\"elementor-divider-separator\">\n\t\t\t\t\t\t<\/span>\n\t\t<\/div>\n\t\t\t\t\t\t<\/div>\n\t\t\t\t<\/div>\n\t\t\t\t<div class=\"elementor-element elementor-element-13430a8 elementor-widget elementor-widget-text-editor\" data-id=\"13430a8\" data-element_type=\"widget\" data-e-type=\"widget\" data-widget_type=\"text-editor.default\">\n\t\t\t\t<div class=\"elementor-widget-container\">\n\t\t\t\t\t\t\t\t\t<p><span data-olk-copy-source=\"MessageBody\">Die psychagogische Betreuung stellt ein psycho-soziales Unterst\u00fctzungsangebot dar und wird im Rahmen der Wiener Pflichtschule angeboten. Der Schwerpunkt der Arbeit liegt auf:<\/span><\/p><p>\u2022\u00a0Sozialem und emotionalem Lernen<\/p><p>\u2022\u00a0Psychischer Entwicklung<\/p><p>\u2022\u00a0Konfliktbew\u00e4ltigung<\/p><p>\u2022\u00a0Hilfestellung<\/p><p>\u2022\u00a0Vernetzung mit au\u00dferschulischen Unterst\u00fctzungssystemen<\/p><p>Psychagoginnen sind Lehrerinnen, die \u00fcber eine von der Bildungsdirektion anerkannte Zusatzausbildung verf\u00fcgen. Die Grunds\u00e4tze ihrer Arbeit basieren auf Verschwiegenheit, Wertsch\u00e4tzung, Verl\u00e4sslichkeit, Offenheit und einer sorgf\u00e4ltigen Unterst\u00fctzung aller Beteiligten.<\/p><p>\u00a0<\/p><p><strong>Sch\u00fcler*innen<\/strong><\/p><p>Sch\u00fcler*innen k\u00f6nnen \u2013 mit Zustimmung der Erziehungsberechtigten \u2013 regelm\u00e4\u00dfig die psychagogische Betreuung in Anspruch nehmen. Dabei wird stets auf einen sicheren Rahmen und ausreichend Zeit f\u00fcr die Gespr\u00e4che geachtet.<\/p><p>\u00a0<\/p><p><strong>Erziehungsberechtigte und andere wichtige Bezugspersonen<\/strong><\/p><p>Erziehungsberechtigte sowie andere zentrale Bezugspersonen werden aktiv in den Prozess der psychagogischen Betreuung einbezogen. Sie entscheiden freiwillig, ob eine Betreuung f\u00fcr das Kind in Frage kommt, und werden regelm\u00e4\u00dfig zu Gespr\u00e4chen eingeladen. Auch ohne ihre Kinder k\u00f6nnen Erziehungsberechtigte einen Beratungstermin vereinbaren, um etwa Erziehungsfragen zu besprechen und Unterst\u00fctzung zu erhalten (Kontaktaufnahme per Telefon oder E-Mail, siehe unten).<\/p><p><strong>Konstantin Smolik, BEd. MA<\/strong><\/p><div id=\"x_x_x_ms-outlook-mobile-signature\"><div dir=\"ltr\"><strong>konstantin.smolik@phwien.ac.at<\/strong><\/div><div dir=\"ltr\"><strong>Tel.: 0699\/183 39 604<\/strong><\/div><\/div>\t\t\t\t\t\t\t\t<\/div>\n\t\t\t\t<\/div>\n\t\t\t\t\t<\/div>\n\t\t\t\t<\/div>\n\t\t\t\t<\/div>\n\t\t","protected":false},"excerpt":{"rendered":"<p>Psychagogische Betreuung Die psychagogische Betreuung stellt ein psycho-soziales Unterst\u00fctzungsangebot dar und wird im Rahmen der Wiener Pflichtschule angeboten. Der Schwerpunkt der Arbeit liegt auf: \u2022\u00a0Sozialem und emotionalem Lernen \u2022\u00a0Psychischer Entwicklung \u2022\u00a0Konfliktbew\u00e4ltigung \u2022\u00a0Hilfestellung \u2022\u00a0Vernetzung mit au\u00dferschulischen Unterst\u00fctzungssystemen Psychagoginnen sind Lehrerinnen, die \u00fcber eine von der Bildungsdirektion anerkannte Zusatzausbildung verf\u00fcgen. Die Grunds\u00e4tze ihrer Arbeit basieren auf Verschwiegenheit, [&hellip;]<\/p>\n","protected":false},"author":3,"featured_media":0,"parent":0,"menu_order":0,"comment_status":"closed","ping_status":"closed","template":"","meta":{"_acf_changed":false,"footnotes":""},"jahrgang":[],"class_list":["post-1503","page","type-page","status-publish","hentry"],"acf":[],"_links":{"self":[{"href":"https:\/\/pms.phwien.ac.at\/index.php\/wp-json\/wp\/v2\/pages\/1503","targetHints":{"allow":["GET"]}}],"collection":[{"href":"https:\/\/pms.phwien.ac.at\/index.php\/wp-json\/wp\/v2\/pages"}],"about":[{"href":"https:\/\/pms.phwien.ac.at\/index.php\/wp-json\/wp\/v2\/types\/page"}],"author":[{"embeddable":true,"href":"https:\/\/pms.phwien.ac.at\/index.php\/wp-json\/wp\/v2\/users\/3"}],"replies":[{"embeddable":true,"href":"https:\/\/pms.phwien.ac.at\/index.php\/wp-json\/wp\/v2\/comments?post=1503"}],"version-history":[{"count":16,"href":"https:\/\/pms.phwien.ac.at\/index.php\/wp-json\/wp\/v2\/pages\/1503\/revisions"}],"predecessor-version":[{"id":2784,"href":"https:\/\/pms.phwien.ac.at\/index.php\/wp-json\/wp\/v2\/pages\/1503\/revisions\/2784"}],"wp:attachment":[{"href":"https:\/\/pms.phwien.ac.at\/index.php\/wp-json\/wp\/v2\/media?parent=1503"}],"wp:term":[{"taxonomy":"jahrgang","embeddable":true,"href":"https:\/\/pms.phwien.ac.at\/index.php\/wp-json\/wp\/v2\/jahrgang?post=1503"}],"curies":[{"name":"wp","href":"https:\/\/api.w.org\/{rel}","templated":true}]}}