{"id":2620,"date":"2025-02-17T10:01:12","date_gmt":"2025-02-17T10:01:12","guid":{"rendered":"https:\/\/pms.phwien.ac.at\/?page_id=2620"},"modified":"2025-03-17T13:00:10","modified_gmt":"2025-03-17T13:00:10","slug":"ph-wien-uni-bruenn","status":"publish","type":"page","link":"https:\/\/pms.phwien.ac.at\/index.php\/ph-wien-uni-bruenn\/","title":{"rendered":"PH Wien &#038; UNI Br\u00fcnn"},"content":{"rendered":"\t\t<div data-elementor-type=\"wp-page\" data-elementor-id=\"2620\" class=\"elementor elementor-2620\" data-elementor-post-type=\"page\">\n\t\t\t\t<div class=\"has_eae_slider elementor-element elementor-element-523c814 e-flex e-con-boxed e-con e-parent\" data-eae-slider=\"82599\" data-id=\"523c814\" data-element_type=\"container\" data-e-type=\"container\">\n\t\t\t\t\t<div class=\"e-con-inner\">\n\t\t\t\t<div class=\"elementor-element elementor-element-c58f995 elementor-widget-divider--view-line elementor-widget elementor-widget-divider\" data-id=\"c58f995\" data-element_type=\"widget\" data-e-type=\"widget\" data-widget_type=\"divider.default\">\n\t\t\t\t<div class=\"elementor-widget-container\">\n\t\t\t\t\t\t\t<div class=\"elementor-divider\">\n\t\t\t<span class=\"elementor-divider-separator\">\n\t\t\t\t\t\t<\/span>\n\t\t<\/div>\n\t\t\t\t\t\t<\/div>\n\t\t\t\t<\/div>\n\t\t\t\t<div class=\"elementor-element elementor-element-1eba021 elementor-widget elementor-widget-heading\" data-id=\"1eba021\" data-element_type=\"widget\" data-e-type=\"widget\" data-widget_type=\"heading.default\">\n\t\t\t\t<div class=\"elementor-widget-container\">\n\t\t\t\t\t<h2 class=\"elementor-heading-title elementor-size-default\">Aktionsprojekt PH Wien \u2013 Masaryk-Universit\u00e4t Br\u00fcnn<\/h2>\t\t\t\t<\/div>\n\t\t\t\t<\/div>\n\t\t\t\t<div class=\"elementor-element elementor-element-09e9af4 elementor-widget-divider--view-line elementor-widget elementor-widget-divider\" data-id=\"09e9af4\" data-element_type=\"widget\" data-e-type=\"widget\" data-widget_type=\"divider.default\">\n\t\t\t\t<div class=\"elementor-widget-container\">\n\t\t\t\t\t\t\t<div class=\"elementor-divider\">\n\t\t\t<span class=\"elementor-divider-separator\">\n\t\t\t\t\t\t<\/span>\n\t\t<\/div>\n\t\t\t\t\t\t<\/div>\n\t\t\t\t<\/div>\n\t\t\t\t<div class=\"elementor-element elementor-element-9a3c941 elementor-widget elementor-widget-text-editor\" data-id=\"9a3c941\" data-element_type=\"widget\" data-e-type=\"widget\" data-widget_type=\"text-editor.default\">\n\t\t\t\t<div class=\"elementor-widget-container\">\n\t\t\t\t\t\t\t\t\t<p>Das Aktionsprojekt\u00a0<em>Good Practice im Lehramtspraktikum<\/em>\u00a0zwischen \u00d6sterreich und Tschechien hatte zum einen die Ausbildung der Studierenden im Rahmen von Schulpraxis im Fokus und zum anderen die Besonderheit von Praxisschulen, welche in \u00d6sterreich an den P\u00e4dagogischen Hochschulen direkt angesiedelt sind.<\/p><p>Am 7.\/8.11.2024 waren 8 Vertreter*innen der PH Wien und deren Praxisschulen zu Besuch in Br\u00fcnn und am 5.\/6.12.2024 waren 8 Vertreter*innen der Masaryk Uni an der PH Wien zu Besuch.<\/p><p><strong>Zentrale Aktivit\u00e4ten waren:<\/strong><\/p><ul><li>Hospitationen in Klassen der Praxisschule PH Wien und an zwei Grundschulen in Br\u00fcnn inkl. Reflexionsgespr\u00e4chen mit Schulleitungen, Lehrkr\u00e4ften und Studierenden in der Praxis<\/li><li>Vortr\u00e4ge und Diskussionen zu den Praxissystemen in \u00d6sterreich und in Tschechien inkl. Curricula, Standards, Feedbacksystemen und der Begleitseminare<\/li><li>\u00dcberlegungen zur wechselseitigen Praxism\u00f6glichkeiten der Studierenden<\/li><\/ul><p>\u00a0<\/p><p><strong>Projektfinanzierung:<\/strong> \u00a0Aktion \u00d6sterreich-Tschechische Republik (Projekt Nr. 100p2)<\/p><p><strong>Quelle:<\/strong> https:\/\/phwien.ac.at\/aktuelles\/aktionsprojekt-ph-wien-masaryk-universitat-brunn\/<\/p>\t\t\t\t\t\t\t\t<\/div>\n\t\t\t\t<\/div>\n\t\t\t\t\t<\/div>\n\t\t\t\t<\/div>\n\t\t<div class=\"has_eae_slider elementor-element elementor-element-a72ad3e e-flex e-con-boxed e-con e-parent\" data-eae-slider=\"40462\" data-id=\"a72ad3e\" data-element_type=\"container\" data-e-type=\"container\">\n\t\t\t\t\t<div class=\"e-con-inner\">\n\t\t\t\t\t<\/div>\n\t\t\t\t<\/div>\n\t\t\t\t<\/div>\n\t\t","protected":false},"excerpt":{"rendered":"<p>Aktionsprojekt PH Wien \u2013 Masaryk-Universit\u00e4t Br\u00fcnn Das Aktionsprojekt\u00a0Good Practice im Lehramtspraktikum\u00a0zwischen \u00d6sterreich und Tschechien hatte zum einen die Ausbildung der Studierenden im Rahmen von Schulpraxis im Fokus und zum anderen die Besonderheit von Praxisschulen, welche in \u00d6sterreich an den P\u00e4dagogischen Hochschulen direkt angesiedelt sind. Am 7.\/8.11.2024 waren 8 Vertreter*innen der PH Wien und deren Praxisschulen [&hellip;]<\/p>\n","protected":false},"author":3,"featured_media":0,"parent":0,"menu_order":0,"comment_status":"closed","ping_status":"closed","template":"","meta":{"_acf_changed":false,"footnotes":""},"jahrgang":[],"class_list":["post-2620","page","type-page","status-publish","hentry"],"acf":[],"_links":{"self":[{"href":"https:\/\/pms.phwien.ac.at\/index.php\/wp-json\/wp\/v2\/pages\/2620","targetHints":{"allow":["GET"]}}],"collection":[{"href":"https:\/\/pms.phwien.ac.at\/index.php\/wp-json\/wp\/v2\/pages"}],"about":[{"href":"https:\/\/pms.phwien.ac.at\/index.php\/wp-json\/wp\/v2\/types\/page"}],"author":[{"embeddable":true,"href":"https:\/\/pms.phwien.ac.at\/index.php\/wp-json\/wp\/v2\/users\/3"}],"replies":[{"embeddable":true,"href":"https:\/\/pms.phwien.ac.at\/index.php\/wp-json\/wp\/v2\/comments?post=2620"}],"version-history":[{"count":22,"href":"https:\/\/pms.phwien.ac.at\/index.php\/wp-json\/wp\/v2\/pages\/2620\/revisions"}],"predecessor-version":[{"id":2858,"href":"https:\/\/pms.phwien.ac.at\/index.php\/wp-json\/wp\/v2\/pages\/2620\/revisions\/2858"}],"wp:attachment":[{"href":"https:\/\/pms.phwien.ac.at\/index.php\/wp-json\/wp\/v2\/media?parent=2620"}],"wp:term":[{"taxonomy":"jahrgang","embeddable":true,"href":"https:\/\/pms.phwien.ac.at\/index.php\/wp-json\/wp\/v2\/jahrgang?post=2620"}],"curies":[{"name":"wp","href":"https:\/\/api.w.org\/{rel}","templated":true}]}}