{"id":2663,"date":"2025-02-23T13:21:30","date_gmt":"2025-02-23T13:21:30","guid":{"rendered":"https:\/\/pms.phwien.ac.at\/?page_id=2663"},"modified":"2025-03-17T13:02:02","modified_gmt":"2025-03-17T13:02:02","slug":"mint-schulkooperation","status":"publish","type":"page","link":"https:\/\/pms.phwien.ac.at\/index.php\/mint-schulkooperation\/","title":{"rendered":"MINT Schulkooperation"},"content":{"rendered":"\t\t<div data-elementor-type=\"wp-page\" data-elementor-id=\"2663\" class=\"elementor elementor-2663\" data-elementor-post-type=\"page\">\n\t\t\t\t<div class=\"has_eae_slider elementor-element elementor-element-79b9864 e-flex e-con-boxed e-con e-parent\" data-eae-slider=\"39637\" data-id=\"79b9864\" data-element_type=\"container\" data-e-type=\"container\">\n\t\t\t\t\t<div class=\"e-con-inner\">\n\t\t\t\t<div class=\"elementor-element elementor-element-723db6f elementor-widget-divider--view-line elementor-widget elementor-widget-divider\" data-id=\"723db6f\" data-element_type=\"widget\" data-e-type=\"widget\" data-widget_type=\"divider.default\">\n\t\t\t\t<div class=\"elementor-widget-container\">\n\t\t\t\t\t\t\t<div class=\"elementor-divider\">\n\t\t\t<span class=\"elementor-divider-separator\">\n\t\t\t\t\t\t<\/span>\n\t\t<\/div>\n\t\t\t\t\t\t<\/div>\n\t\t\t\t<\/div>\n\t\t\t\t<div class=\"elementor-element elementor-element-c016c85 elementor-widget elementor-widget-heading\" data-id=\"c016c85\" data-element_type=\"widget\" data-e-type=\"widget\" data-widget_type=\"heading.default\">\n\t\t\t\t<div class=\"elementor-widget-container\">\n\t\t\t\t\t<h2 class=\"elementor-heading-title elementor-size-default\">MINT Schulkooperation<\/h2>\t\t\t\t<\/div>\n\t\t\t\t<\/div>\n\t\t\t\t<div class=\"elementor-element elementor-element-55343d7 elementor-widget-divider--view-line elementor-widget elementor-widget-divider\" data-id=\"55343d7\" data-element_type=\"widget\" data-e-type=\"widget\" data-widget_type=\"divider.default\">\n\t\t\t\t<div class=\"elementor-widget-container\">\n\t\t\t\t\t\t\t<div class=\"elementor-divider\">\n\t\t\t<span class=\"elementor-divider-separator\">\n\t\t\t\t\t\t<\/span>\n\t\t<\/div>\n\t\t\t\t\t\t<\/div>\n\t\t\t\t<\/div>\n\t\t\t\t\t<\/div>\n\t\t\t\t<\/div>\n\t\t<div class=\"has_eae_slider elementor-element elementor-element-93fd504 e-flex e-con-boxed e-con e-parent\" data-eae-slider=\"1582\" data-id=\"93fd504\" data-element_type=\"container\" data-e-type=\"container\">\n\t\t\t\t\t<div class=\"e-con-inner\">\n\t\t\t\t<div class=\"elementor-element elementor-element-5fad5b2 elementor-widget elementor-widget-text-editor\" data-id=\"5fad5b2\" data-element_type=\"widget\" data-e-type=\"widget\" data-widget_type=\"text-editor.default\">\n\t\t\t\t<div class=\"elementor-widget-container\">\n\t\t\t\t\t\t\t\t\t<p data-start=\"0\" data-end=\"783\">Die Schulkooperation zwischen der <strong>Hertha-Firnberg-Schule<\/strong>, der <strong>HTL Donaustadt<\/strong> und unserer <strong>PMS<\/strong> l\u00e4uft schon seit einigen Jahren.<br data-start=\"121\" data-end=\"124\" \/>Diese Nahtstelle zur HTL und HFS soll aufbauend die <strong>MINT-Klassen<\/strong> auf ihrem Weg durch die PMS begleiten. Das ist eine Neuerung, und unsere Sch\u00fclerinnen und Sch\u00fcler haben somit eine zus\u00e4tzliche M\u00f6glichkeit, sich auf ihre weitere Laufbahn nach der 8. Schulstufe vorzubereiten.<br data-start=\"397\" data-end=\"400\" \/>Die gehaltenen Stunden in der HTL und HFS werden geblockt und finden in den Fachr\u00e4umen und Werkst\u00e4tten der HTL und HFS statt.<br data-start=\"525\" data-end=\"528\" \/>Der Lehrplan des neuen Faches MINT verlangt unter anderem die Erweiterung der Lernr\u00e4ume der Sch\u00fcler*innen \u2013 sowohl durch l\u00e4ngerfristige Kooperationen mit h\u00f6heren und mittleren berufsbildenden Schulen als auch durch die Nutzung au\u00dferschulischer Lernorte.<\/p><p data-start=\"785\" data-end=\"952\" data-is-last-node=\"\" data-is-only-node=\"\">Unsere Schule freut sich \u00fcber die Zusammenarbeit und die Kooperationsbereitschaft der engagierten Kolleg*innen in der Hertha-Firnberg-Schule und in der HTL Donaustadt.<\/p>\t\t\t\t\t\t\t\t<\/div>\n\t\t\t\t<\/div>\n\t\t\t\t\t<\/div>\n\t\t\t\t<\/div>\n\t\t\t\t<\/div>\n\t\t","protected":false},"excerpt":{"rendered":"<p>MINT Schulkooperation Die Schulkooperation zwischen der Hertha-Firnberg-Schule, der HTL Donaustadt und unserer PMS l\u00e4uft schon seit einigen Jahren.Diese Nahtstelle zur HTL und HFS soll aufbauend die MINT-Klassen auf ihrem Weg durch die PMS begleiten. Das ist eine Neuerung, und unsere Sch\u00fclerinnen und Sch\u00fcler haben somit eine zus\u00e4tzliche M\u00f6glichkeit, sich auf ihre weitere Laufbahn nach der [&hellip;]<\/p>\n","protected":false},"author":3,"featured_media":0,"parent":0,"menu_order":0,"comment_status":"closed","ping_status":"closed","template":"","meta":{"_acf_changed":false,"footnotes":""},"jahrgang":[],"class_list":["post-2663","page","type-page","status-publish","hentry"],"acf":[],"_links":{"self":[{"href":"https:\/\/pms.phwien.ac.at\/index.php\/wp-json\/wp\/v2\/pages\/2663","targetHints":{"allow":["GET"]}}],"collection":[{"href":"https:\/\/pms.phwien.ac.at\/index.php\/wp-json\/wp\/v2\/pages"}],"about":[{"href":"https:\/\/pms.phwien.ac.at\/index.php\/wp-json\/wp\/v2\/types\/page"}],"author":[{"embeddable":true,"href":"https:\/\/pms.phwien.ac.at\/index.php\/wp-json\/wp\/v2\/users\/3"}],"replies":[{"embeddable":true,"href":"https:\/\/pms.phwien.ac.at\/index.php\/wp-json\/wp\/v2\/comments?post=2663"}],"version-history":[{"count":16,"href":"https:\/\/pms.phwien.ac.at\/index.php\/wp-json\/wp\/v2\/pages\/2663\/revisions"}],"predecessor-version":[{"id":2864,"href":"https:\/\/pms.phwien.ac.at\/index.php\/wp-json\/wp\/v2\/pages\/2663\/revisions\/2864"}],"wp:attachment":[{"href":"https:\/\/pms.phwien.ac.at\/index.php\/wp-json\/wp\/v2\/media?parent=2663"}],"wp:term":[{"taxonomy":"jahrgang","embeddable":true,"href":"https:\/\/pms.phwien.ac.at\/index.php\/wp-json\/wp\/v2\/jahrgang?post=2663"}],"curies":[{"name":"wp","href":"https:\/\/api.w.org\/{rel}","templated":true}]}}