{"id":2814,"date":"2025-03-17T08:48:46","date_gmt":"2025-03-17T08:48:46","guid":{"rendered":"https:\/\/pms.phwien.ac.at\/?page_id=2814"},"modified":"2025-03-17T13:10:15","modified_gmt":"2025-03-17T13:10:15","slug":"cultural-collisions-tu-wien","status":"publish","type":"page","link":"https:\/\/pms.phwien.ac.at\/index.php\/cultural-collisions-tu-wien\/","title":{"rendered":"Cultural Collisions &#8211; TU Wien"},"content":{"rendered":"\t\t<div data-elementor-type=\"wp-page\" data-elementor-id=\"2814\" class=\"elementor elementor-2814\" data-elementor-post-type=\"page\">\n\t\t\t\t<div class=\"has_eae_slider elementor-element elementor-element-310d869 e-flex e-con-boxed e-con e-parent\" data-eae-slider=\"68679\" data-id=\"310d869\" data-element_type=\"container\" data-e-type=\"container\">\n\t\t\t\t\t<div class=\"e-con-inner\">\n\t\t\t\t<div class=\"elementor-element elementor-element-ef7d6a6 elementor-widget-divider--view-line elementor-widget elementor-widget-divider\" data-id=\"ef7d6a6\" data-element_type=\"widget\" data-e-type=\"widget\" data-widget_type=\"divider.default\">\n\t\t\t\t<div class=\"elementor-widget-container\">\n\t\t\t\t\t\t\t<div class=\"elementor-divider\">\n\t\t\t<span class=\"elementor-divider-separator\">\n\t\t\t\t\t\t<\/span>\n\t\t<\/div>\n\t\t\t\t\t\t<\/div>\n\t\t\t\t<\/div>\n\t\t\t\t<div class=\"elementor-element elementor-element-8a9f94d elementor-widget elementor-widget-heading\" data-id=\"8a9f94d\" data-element_type=\"widget\" data-e-type=\"widget\" data-widget_type=\"heading.default\">\n\t\t\t\t<div class=\"elementor-widget-container\">\n\t\t\t\t\t<h2 class=\"elementor-heading-title elementor-size-default\">Cultural Collisions - TU Wien<\/h2>\t\t\t\t<\/div>\n\t\t\t\t<\/div>\n\t\t\t\t<div class=\"elementor-element elementor-element-cd72f17 elementor-widget-divider--view-line elementor-widget elementor-widget-divider\" data-id=\"cd72f17\" data-element_type=\"widget\" data-e-type=\"widget\" data-widget_type=\"divider.default\">\n\t\t\t\t<div class=\"elementor-widget-container\">\n\t\t\t\t\t\t\t<div class=\"elementor-divider\">\n\t\t\t<span class=\"elementor-divider-separator\">\n\t\t\t\t\t\t<\/span>\n\t\t<\/div>\n\t\t\t\t\t\t<\/div>\n\t\t\t\t<\/div>\n\t\t\t\t\t<\/div>\n\t\t\t\t<\/div>\n\t\t<div class=\"has_eae_slider elementor-element elementor-element-7557ae8 e-flex e-con-boxed e-con e-parent\" data-eae-slider=\"57113\" data-id=\"7557ae8\" data-element_type=\"container\" data-e-type=\"container\">\n\t\t\t\t\t<div class=\"e-con-inner\">\n\t\t\t\t<div class=\"elementor-element elementor-element-934eea6 elementor-widget elementor-widget-text-editor\" data-id=\"934eea6\" data-element_type=\"widget\" data-e-type=\"widget\" data-widget_type=\"text-editor.default\">\n\t\t\t\t<div class=\"elementor-widget-container\">\n\t\t\t\t\t\t\t\t\t<p><span dir=\"ltr\" lang=\"en\">Cultural Collisions <\/span>l\u00e4sst unterschiedliche Disziplinen und unterschiedliche Menschen aufeinandertreffen, Diversit\u00e4t findet auf allen Ebenen statt, das Ziel aber ist das gro\u00dfe Ganze.<\/p><p>Das international erprobte, interdisziplin\u00e4re Kunst- und Wissenschaftsvermittlungsformat erm\u00f6glicht Sch\u00fcler_innen einen Zugang zur Welt der Wissenschaft und Technik. Sie n\u00e4hern sich mittels k\u00fcnstlerischer Auseinandersetzung komplexen Themen an. Dies f\u00f6rdert die fr\u00fchzeitige Inspiration f\u00fcr die sp\u00e4tere Studienwahl.<\/p><p>Die Vielfalt von Technik und die damit verbundenen Berufsbilder, die sich mit gro\u00dfer Dynamik laufend ver\u00e4ndern, sind f\u00fcr Jugendliche oft schwer fassbar. Veraltete Rollenbilder und hartn\u00e4ckige Stereotype schrecken junge Frauen immer noch ab.\u00a0<span dir=\"ltr\" lang=\"en\">Cultural Collisions<\/span>\u00a0erm\u00f6glicht durch den kreativen Ansatz einen neuen Zugang, um die Perspektive \u201eBeruf Techniker_in\u201c direkt zu erfahren.<\/p><p>Dadurch wird neben dem Aufzeigen von Karriereoptionen auch dem Nachwuchsmangel in den MINT-Berufen entgegengewirkt.<br \/><br \/><\/p><p><strong>Herausforderungen<\/strong><\/p><p>Die Gesellschaft steht folgenden Herausforderungen gegen\u00fcber:\u00a0<\/p><ul><li>Nachwuchsmangel in MINT-Berufen\u00a0<\/li><li>veraltete Rollenbilder und Stereotype<\/li><li>geringe Anzahl weiblicher Studierender in technischen und naturwissenschaftlichen Studien\u00a0<\/li><\/ul><p>Diesen wirken wir mit dem Projekt\u00a0<span dir=\"ltr\" lang=\"en\">Cultural Collisions<\/span> entgegen, indem wir Sch\u00fcler_innen f\u00fcr Studien im MINT-Bereich begeistern und sie motivieren, Stereotype zu durchbrechen. Dadurch verbessern wir das Image der technischen Berufe und meistern mit geeignetem Fachpersonal die Herausforderungen der Zukunft.\u00a0Die k\u00fcnstlerische und kreative Auseinandersetzung mit wissenschaftlichen Themen schafft interdisziplin\u00e4re Kompetenzen, die im 21. Jahrhundert in nahezu allen Bereichen dringend ben\u00f6tigt werden.<br \/><br \/><\/p><p><strong>Themenschwerpunkt Klimawandel<\/strong><\/p><p>Die inhaltliche Ausrichtung widmet sich dem Klimawandel. Darunter befinden sich folgende Schwerpunktthemen:<\/p><ul><li>St\u00e4dte \/ Geb\u00e4ude<\/li><li>Energie<\/li><li>Mobilit\u00e4t<\/li><li>Produktion \/ Technologien<\/li><li>Ressourcen \/ Materialien<br \/><br \/><\/li><\/ul><p><strong>Textquelle, TU Wien:<\/strong> https:\/\/www.tuwien.at\/cultural-collisions<\/p>\t\t\t\t\t\t\t\t<\/div>\n\t\t\t\t<\/div>\n\t\t\t\t\t<\/div>\n\t\t\t\t<\/div>\n\t\t\t\t<\/div>\n\t\t","protected":false},"excerpt":{"rendered":"<p>Cultural Collisions &#8211; TU Wien Cultural Collisions l\u00e4sst unterschiedliche Disziplinen und unterschiedliche Menschen aufeinandertreffen, Diversit\u00e4t findet auf allen Ebenen statt, das Ziel aber ist das gro\u00dfe Ganze. Das international erprobte, interdisziplin\u00e4re Kunst- und Wissenschaftsvermittlungsformat erm\u00f6glicht Sch\u00fcler_innen einen Zugang zur Welt der Wissenschaft und Technik. Sie n\u00e4hern sich mittels k\u00fcnstlerischer Auseinandersetzung komplexen Themen an. Dies f\u00f6rdert [&hellip;]<\/p>\n","protected":false},"author":3,"featured_media":0,"parent":0,"menu_order":0,"comment_status":"closed","ping_status":"closed","template":"","meta":{"_acf_changed":false,"footnotes":""},"jahrgang":[],"class_list":["post-2814","page","type-page","status-publish","hentry"],"acf":[],"_links":{"self":[{"href":"https:\/\/pms.phwien.ac.at\/index.php\/wp-json\/wp\/v2\/pages\/2814","targetHints":{"allow":["GET"]}}],"collection":[{"href":"https:\/\/pms.phwien.ac.at\/index.php\/wp-json\/wp\/v2\/pages"}],"about":[{"href":"https:\/\/pms.phwien.ac.at\/index.php\/wp-json\/wp\/v2\/types\/page"}],"author":[{"embeddable":true,"href":"https:\/\/pms.phwien.ac.at\/index.php\/wp-json\/wp\/v2\/users\/3"}],"replies":[{"embeddable":true,"href":"https:\/\/pms.phwien.ac.at\/index.php\/wp-json\/wp\/v2\/comments?post=2814"}],"version-history":[{"count":25,"href":"https:\/\/pms.phwien.ac.at\/index.php\/wp-json\/wp\/v2\/pages\/2814\/revisions"}],"predecessor-version":[{"id":2873,"href":"https:\/\/pms.phwien.ac.at\/index.php\/wp-json\/wp\/v2\/pages\/2814\/revisions\/2873"}],"wp:attachment":[{"href":"https:\/\/pms.phwien.ac.at\/index.php\/wp-json\/wp\/v2\/media?parent=2814"}],"wp:term":[{"taxonomy":"jahrgang","embeddable":true,"href":"https:\/\/pms.phwien.ac.at\/index.php\/wp-json\/wp\/v2\/jahrgang?post=2814"}],"curies":[{"name":"wp","href":"https:\/\/api.w.org\/{rel}","templated":true}]}}