{"id":32,"date":"2023-11-28T13:30:26","date_gmt":"2023-11-28T13:30:26","guid":{"rendered":"https:\/\/pms.phwien.ac.at\/?page_id=32"},"modified":"2025-09-03T13:06:10","modified_gmt":"2025-09-03T13:06:10","slug":"mint","status":"publish","type":"page","link":"https:\/\/pms.phwien.ac.at\/index.php\/mint\/","title":{"rendered":"MINT"},"content":{"rendered":"\t\t<div data-elementor-type=\"wp-page\" data-elementor-id=\"32\" class=\"elementor elementor-32\" data-elementor-post-type=\"page\">\n\t\t\t\t<div class=\"has_eae_slider elementor-element elementor-element-365e947 e-flex e-con-boxed e-con e-parent\" data-eae-slider=\"65230\" data-id=\"365e947\" data-element_type=\"container\" data-e-type=\"container\">\n\t\t\t\t\t<div class=\"e-con-inner\">\n\t\t\t\t<div class=\"elementor-element elementor-element-e894c64 elementor-widget elementor-widget-heading\" data-id=\"e894c64\" data-element_type=\"widget\" data-e-type=\"widget\" data-widget_type=\"heading.default\">\n\t\t\t\t<div class=\"elementor-widget-container\">\n\t\t\t\t\t<h2 class=\"elementor-heading-title elementor-size-default\">MINT Lab<\/h2>\t\t\t\t<\/div>\n\t\t\t\t<\/div>\n\t\t\t\t<div class=\"elementor-element elementor-element-777306f elementor-widget-divider--view-line elementor-widget elementor-widget-divider\" data-id=\"777306f\" data-element_type=\"widget\" data-e-type=\"widget\" data-widget_type=\"divider.default\">\n\t\t\t\t<div class=\"elementor-widget-container\">\n\t\t\t\t\t\t\t<div class=\"elementor-divider\">\n\t\t\t<span class=\"elementor-divider-separator\">\n\t\t\t\t\t\t<\/span>\n\t\t<\/div>\n\t\t\t\t\t\t<\/div>\n\t\t\t\t<\/div>\n\t\t\t\t<div class=\"elementor-element elementor-element-c456ca2 elementor-widget elementor-widget-text-editor\" data-id=\"c456ca2\" data-element_type=\"widget\" data-e-type=\"widget\" data-widget_type=\"text-editor.default\">\n\t\t\t\t<div class=\"elementor-widget-container\">\n\t\t\t\t\t\t\t\t\t<p>Das <em>MINT Lab<\/em> orientiert sich am Unterrichtsfach MINT, welches als Schulversuch in der Praxismittelschule in jedem Jahrgang einmal vertreten ist. MINT ist eine zusammenfassende Bezeichnung von Unterrichts- und Studienf\u00e4chern bzw. Berufen aus den Bereichen Mathematik, Informatik, Naturwissenschaft und Technik.<\/p><p>Das Lab erm\u00f6glicht es den Sch\u00fcler*innen, \u00fcber den Regelunterricht hinaus, intensiv in naturwissenschaftlich-technische Themen einzutauchen. Dabei stehen praxisorientiertes Arbeiten, eigenst\u00e4ndiges Forschen und die Entwicklung technischer L\u00f6sungen im Mittelpunkt.<\/p><p>Das Lab bietet zudem ein breites Spektrum an Unterrichtsmaterialien und erm\u00f6glicht auch fachfremden Lehrpersonen einen ersten Einstieg. Die Unterrichtsmaterialien werden nach Themen in den MINT-Koffern bereitgestellt, von der Beschreibung des Inhalts bis hin zu den Materialien f\u00fcr Experimente und Arbeitsbl\u00e4tter ist alles enthalten.<\/p>\t\t\t\t\t\t\t\t<\/div>\n\t\t\t\t<\/div>\n\t\t\t\t<div class=\"elementor-element elementor-element-48a2e96 elementor-widget-divider--view-line elementor-widget elementor-widget-divider\" data-id=\"48a2e96\" data-element_type=\"widget\" data-e-type=\"widget\" data-widget_type=\"divider.default\">\n\t\t\t\t<div class=\"elementor-widget-container\">\n\t\t\t\t\t\t\t<div class=\"elementor-divider\">\n\t\t\t<span class=\"elementor-divider-separator\">\n\t\t\t\t\t\t<\/span>\n\t\t<\/div>\n\t\t\t\t\t\t<\/div>\n\t\t\t\t<\/div>\n\t\t\t\t<div class=\"elementor-element elementor-element-77bae2a elementor-widget elementor-widget-jet-listing-grid\" data-id=\"77bae2a\" data-element_type=\"widget\" data-e-type=\"widget\" data-settings=\"{&quot;columns&quot;:&quot;1&quot;}\" data-widget_type=\"jet-listing-grid.default\">\n\t\t\t\t<div class=\"elementor-widget-container\">\n\t\t\t\t\t<div class=\"jet-listing-grid jet-listing\"><div class=\"jet-listing-grid__items grid-col-desk-1 grid-col-tablet-1 grid-col-mobile-1 jet-listing-grid--962\" data-queried-id=\"32|WP_Post\" data-nav=\"{&quot;enabled&quot;:true,&quot;type&quot;:&quot;scroll&quot;,&quot;more_el&quot;:null,&quot;query&quot;:{&quot;post_status&quot;:[&quot;publish&quot;],&quot;post_type&quot;:&quot;mint&quot;,&quot;posts_per_page&quot;:&quot;2&quot;,&quot;paged&quot;:&quot;1&quot;,&quot;ignore_sticky_posts&quot;:&quot;1&quot;,&quot;date_query&quot;:[{&quot;column&quot;:&quot;post_date&quot;,&quot;after&quot;:&quot;&quot;,&quot;before&quot;:&quot;&quot;}],&quot;signature&quot;:&quot;e8792df0aed30eb06f077751580355e37e6f5a5643b2127b81c3384a065e3bd3&quot;},&quot;widget_settings&quot;:{&quot;lisitng_id&quot;:962,&quot;posts_num&quot;:2,&quot;columns&quot;:1,&quot;columns_tablet&quot;:1,&quot;columns_mobile&quot;:1,&quot;column_min_width&quot;:240,&quot;column_min_width_tablet&quot;:240,&quot;column_min_width_mobile&quot;:240,&quot;inline_columns_css&quot;:false,&quot;is_archive_template&quot;:&quot;&quot;,&quot;post_status&quot;:[&quot;publish&quot;],&quot;use_random_posts_num&quot;:&quot;&quot;,&quot;max_posts_num&quot;:9,&quot;not_found_message&quot;:&quot;No data was found&quot;,&quot;is_masonry&quot;:false,&quot;equal_columns_height&quot;:&quot;&quot;,&quot;use_load_more&quot;:&quot;yes&quot;,&quot;load_more_id&quot;:&quot;&quot;,&quot;load_more_type&quot;:&quot;scroll&quot;,&quot;load_more_offset&quot;:{&quot;unit&quot;:&quot;px&quot;,&quot;size&quot;:0,&quot;sizes&quot;:[]},&quot;use_custom_post_types&quot;:&quot;&quot;,&quot;custom_post_types&quot;:[],&quot;hide_widget_if&quot;:&quot;&quot;,&quot;carousel_enabled&quot;:&quot;&quot;,&quot;slides_to_scroll&quot;:&quot;1&quot;,&quot;arrows&quot;:&quot;true&quot;,&quot;arrow_icon&quot;:&quot;fa fa-angle-left&quot;,&quot;dots&quot;:&quot;&quot;,&quot;autoplay&quot;:&quot;true&quot;,&quot;pause_on_hover&quot;:&quot;true&quot;,&quot;autoplay_speed&quot;:5000,&quot;infinite&quot;:&quot;true&quot;,&quot;center_mode&quot;:&quot;&quot;,&quot;effect&quot;:&quot;slide&quot;,&quot;speed&quot;:500,&quot;inject_alternative_items&quot;:&quot;&quot;,&quot;injection_items&quot;:[],&quot;scroll_slider_enabled&quot;:&quot;&quot;,&quot;scroll_slider_on&quot;:[&quot;desktop&quot;,&quot;tablet&quot;,&quot;mobile&quot;],&quot;custom_query&quot;:false,&quot;custom_query_id&quot;:&quot;&quot;,&quot;_element_id&quot;:&quot;&quot;,&quot;collapse_first_last_gap&quot;:false,&quot;list_tag_selection&quot;:&quot;&quot;,&quot;list_items_wrapper_tag&quot;:&quot;div&quot;,&quot;list_item_tag&quot;:&quot;div&quot;,&quot;empty_items_wrapper_tag&quot;:&quot;div&quot;}}\" data-page=\"1\" data-pages=\"6\" data-listing-source=\"posts\" data-listing-id=\"962\" data-query-id=\"\"><div class=\"jet-listing-grid__item jet-listing-dynamic-post-4538\" data-post-id=\"4538\"  >\t\t<div data-elementor-type=\"jet-listing-items\" data-elementor-id=\"962\" class=\"elementor elementor-962\" data-elementor-post-type=\"jet-engine\">\n\t\t\t\t<a class=\"has_eae_slider elementor-element elementor-element-0bdea30 e-transform e-flex e-con-boxed e-con e-parent\" data-eae-slider=\"5301\" data-id=\"0bdea30\" data-element_type=\"container\" data-e-type=\"container\" data-settings=\"{&quot;_transform_scale_effect_hover&quot;:{&quot;unit&quot;:&quot;px&quot;,&quot;size&quot;:1.01,&quot;sizes&quot;:[]},&quot;_transform_scale_effect_hover_tablet&quot;:{&quot;unit&quot;:&quot;px&quot;,&quot;size&quot;:&quot;&quot;,&quot;sizes&quot;:[]},&quot;_transform_scale_effect_hover_mobile&quot;:{&quot;unit&quot;:&quot;px&quot;,&quot;size&quot;:&quot;&quot;,&quot;sizes&quot;:[]}}\" href=\"https:\/\/pms.phwien.ac.at\/index.php\/mint\/entstehungsprozess-der-prototypen\/\">\n\t\t\t\t\t<div class=\"e-con-inner\">\n\t\t<div class=\"has_eae_slider elementor-element elementor-element-e934bc1 e-con-full e-flex e-con e-child\" data-eae-slider=\"36276\" data-id=\"e934bc1\" data-element_type=\"container\" data-e-type=\"container\">\n\t\t\t\t<div class=\"elementor-element elementor-element-689b3eb dce_masking-none elementor-widget elementor-widget-image\" data-id=\"689b3eb\" data-element_type=\"widget\" data-e-type=\"widget\" data-widget_type=\"image.default\">\n\t\t\t\t<div class=\"elementor-widget-container\">\n\t\t\t\t\t\t\t\t\t\t\t\t\t\t\t<img loading=\"lazy\" decoding=\"async\" width=\"210\" height=\"300\" src=\"https:\/\/pms.phwien.ac.at\/wp-content\/uploads\/2026\/04\/684226138_1443349337594727_7941880212380033186_n-210x300.jpg\" class=\"attachment-medium size-medium wp-image-4548\" alt=\"\" srcset=\"https:\/\/pms.phwien.ac.at\/wp-content\/uploads\/2026\/04\/684226138_1443349337594727_7941880212380033186_n-210x300.jpg 210w, https:\/\/pms.phwien.ac.at\/wp-content\/uploads\/2026\/04\/684226138_1443349337594727_7941880212380033186_n-719x1024.jpg 719w, https:\/\/pms.phwien.ac.at\/wp-content\/uploads\/2026\/04\/684226138_1443349337594727_7941880212380033186_n-768x1095.jpg 768w, https:\/\/pms.phwien.ac.at\/wp-content\/uploads\/2026\/04\/684226138_1443349337594727_7941880212380033186_n-1078x1536.jpg 1078w, https:\/\/pms.phwien.ac.at\/wp-content\/uploads\/2026\/04\/684226138_1443349337594727_7941880212380033186_n.jpg 1437w\" sizes=\"(max-width: 210px) 100vw, 210px\" \/>\t\t\t\t\t\t\t\t\t\t\t\t\t\t\t<\/div>\n\t\t\t\t<\/div>\n\t\t\t\t<\/div>\n\t\t<div class=\"has_eae_slider elementor-element elementor-element-910542e e-con-full e-flex e-con e-child\" data-eae-slider=\"34466\" data-id=\"910542e\" data-element_type=\"container\" data-e-type=\"container\">\n\t\t\t\t<div class=\"elementor-element elementor-element-f1795cc elementor-widget elementor-widget-heading\" data-id=\"f1795cc\" data-element_type=\"widget\" data-e-type=\"widget\" data-widget_type=\"heading.default\">\n\t\t\t\t<div class=\"elementor-widget-container\">\n\t\t\t\t\t<h2 class=\"elementor-heading-title elementor-size-default\">Entstehungsprozess der Prototypen<\/h2>\t\t\t\t<\/div>\n\t\t\t\t<\/div>\n\t\t\t\t<div class=\"elementor-element elementor-element-ca98f0d elementor-widget elementor-widget-text-editor\" data-id=\"ca98f0d\" data-element_type=\"widget\" data-e-type=\"widget\" data-widget_type=\"text-editor.default\">\n\t\t\t\t<div class=\"elementor-widget-container\">\n\t\t\t\t\t\t\t\t\t<p>Im MINT Lab standen Kreativit\u00e4t und Ideenreichtum im Mittelpunkt!<br \/>\nMit innovativen Ans\u00e4tzen wurden neue Erfindungen entwickelt. Der Entstehungsprozess der Prototypen war besonders spannend und lehrreich!<br \/>\nWir freuen uns nun auf die Pr\u00e4sentation unserer Innovationen!<\/p>\n\t\t\t\t\t\t\t\t<\/div>\n\t\t\t\t<\/div>\n\t\t\t\t<div class=\"elementor-element elementor-element-78a30fe elementor-widget elementor-widget-text-editor\" data-id=\"78a30fe\" data-element_type=\"widget\" data-e-type=\"widget\" data-widget_type=\"text-editor.default\">\n\t\t\t\t<div class=\"elementor-widget-container\">\n\t\t\t\t\t\t\t\t\t<p>mehr erfahren&#8230;<\/p>\t\t\t\t\t\t\t\t<\/div>\n\t\t\t\t<\/div>\n\t\t\t\t<\/div>\n\t\t\t\t\t<\/div>\n\t\t\t\t<\/a>\n\t\t\t\t<\/div>\n\t\t<\/div><div class=\"jet-listing-grid__item jet-listing-dynamic-post-4359\" data-post-id=\"4359\"  >\t\t<div data-elementor-type=\"jet-listing-items\" data-elementor-id=\"962\" class=\"elementor elementor-962\" data-elementor-post-type=\"jet-engine\">\n\t\t\t\t<a class=\"has_eae_slider elementor-element elementor-element-0bdea30 e-transform e-flex e-con-boxed e-con e-parent\" data-eae-slider=\"15163\" data-id=\"0bdea30\" data-element_type=\"container\" data-e-type=\"container\" data-settings=\"{&quot;_transform_scale_effect_hover&quot;:{&quot;unit&quot;:&quot;px&quot;,&quot;size&quot;:1.01,&quot;sizes&quot;:[]},&quot;_transform_scale_effect_hover_tablet&quot;:{&quot;unit&quot;:&quot;px&quot;,&quot;size&quot;:&quot;&quot;,&quot;sizes&quot;:[]},&quot;_transform_scale_effect_hover_mobile&quot;:{&quot;unit&quot;:&quot;px&quot;,&quot;size&quot;:&quot;&quot;,&quot;sizes&quot;:[]}}\" href=\"https:\/\/pms.phwien.ac.at\/index.php\/mint\/zuckerlwerkstatt\/\">\n\t\t\t\t\t<div class=\"e-con-inner\">\n\t\t<div class=\"has_eae_slider elementor-element elementor-element-e934bc1 e-con-full e-flex e-con e-child\" data-eae-slider=\"56779\" data-id=\"e934bc1\" data-element_type=\"container\" data-e-type=\"container\">\n\t\t\t\t<div class=\"elementor-element elementor-element-689b3eb dce_masking-none elementor-widget elementor-widget-image\" data-id=\"689b3eb\" data-element_type=\"widget\" data-e-type=\"widget\" data-widget_type=\"image.default\">\n\t\t\t\t<div class=\"elementor-widget-container\">\n\t\t\t\t\t\t\t\t\t\t\t\t\t\t\t<img loading=\"lazy\" decoding=\"async\" width=\"225\" height=\"300\" src=\"https:\/\/pms.phwien.ac.at\/wp-content\/uploads\/2026\/03\/IMG_20260311_145016-225x300.jpg\" class=\"attachment-medium size-medium wp-image-4360\" alt=\"\" srcset=\"https:\/\/pms.phwien.ac.at\/wp-content\/uploads\/2026\/03\/IMG_20260311_145016-225x300.jpg 225w, https:\/\/pms.phwien.ac.at\/wp-content\/uploads\/2026\/03\/IMG_20260311_145016-768x1024.jpg 768w, https:\/\/pms.phwien.ac.at\/wp-content\/uploads\/2026\/03\/IMG_20260311_145016-1152x1536.jpg 1152w, https:\/\/pms.phwien.ac.at\/wp-content\/uploads\/2026\/03\/IMG_20260311_145016-1536x2048.jpg 1536w, https:\/\/pms.phwien.ac.at\/wp-content\/uploads\/2026\/03\/IMG_20260311_145016-scaled.jpg 1920w\" sizes=\"(max-width: 225px) 100vw, 225px\" \/>\t\t\t\t\t\t\t\t\t\t\t\t\t\t\t<\/div>\n\t\t\t\t<\/div>\n\t\t\t\t<\/div>\n\t\t<div class=\"has_eae_slider elementor-element elementor-element-910542e e-con-full e-flex e-con e-child\" data-eae-slider=\"98605\" data-id=\"910542e\" data-element_type=\"container\" data-e-type=\"container\">\n\t\t\t\t<div class=\"elementor-element elementor-element-f1795cc elementor-widget elementor-widget-heading\" data-id=\"f1795cc\" data-element_type=\"widget\" data-e-type=\"widget\" data-widget_type=\"heading.default\">\n\t\t\t\t<div class=\"elementor-widget-container\">\n\t\t\t\t\t<h2 class=\"elementor-heading-title elementor-size-default\">Zuckerlwerkstatt<\/h2>\t\t\t\t<\/div>\n\t\t\t\t<\/div>\n\t\t\t\t<div class=\"elementor-element elementor-element-ca98f0d elementor-widget elementor-widget-text-editor\" data-id=\"ca98f0d\" data-element_type=\"widget\" data-e-type=\"widget\" data-widget_type=\"text-editor.default\">\n\t\t\t\t<div class=\"elementor-widget-container\">\n\t\t\t\t\t\t\t\t\t<p>Im Rahmen des MINT LAB-Unterrichts besuchten wir die Zuckerlwerkstatt. Zuvor hatten wir uns im Unterricht mit Ern\u00e4hrung und der Herstellung von Zucker besch\u00e4ftigt. In der Zuckerlwerkstatt konnten wir anschlie\u00dfend live miterleben, wie Zuckerl hergestellt werden. Besonders spannend war es zu sehen, wie aus der hei\u00dfen Zuckermasse Schritt f\u00fcr Schritt bunte Smiley-Bonbons entstehen<span class=\"html-span xexx8yu xyri2b x18d9i69 x1c1uobl x1hl2dhg x16tdsg8 x1vvkbs x3nfvp2 x1j61x8r x1fcty0u xdj266r xat24cr xm2jcoa x1mpyi22 xxymvpz xlup9mm x1kky2od\"><img loading=\"lazy\" decoding=\"async\" class=\"xz74otr x15mokao x1ga7v0g x16uus16 xbiv7yw\" src=\"https:\/\/static.xx.fbcdn.net\/images\/emoji.php\/v9\/tce\/1\/16\/1f600.png\" alt=\"\ud83d\ude00\" width=\"16\" height=\"16\" \/><\/span>Der Besuch war sehr interessant, duftend und geschmackvoll. Am Ende durften wir die frisch hergestellten Zuckerl sogar kosten und jeder bekam einige Bonbons mit nach Hause<span class=\"html-span xexx8yu xyri2b x18d9i69 x1c1uobl x1hl2dhg x16tdsg8 x1vvkbs x3nfvp2 x1j61x8r x1fcty0u xdj266r xat24cr xm2jcoa x1mpyi22 xxymvpz xlup9mm x1kky2od\"><img loading=\"lazy\" decoding=\"async\" class=\"xz74otr x15mokao x1ga7v0g x16uus16 xbiv7yw\" src=\"https:\/\/static.xx.fbcdn.net\/images\/emoji.php\/v9\/t8c\/1\/16\/1f389.png\" alt=\"\ud83c\udf89\" width=\"16\" height=\"16\" \/><\/span><span class=\"html-span xexx8yu xyri2b x18d9i69 x1c1uobl x1hl2dhg x16tdsg8 x1vvkbs x3nfvp2 x1j61x8r x1fcty0u xdj266r xat24cr xm2jcoa x1mpyi22 xxymvpz xlup9mm x1kky2od\"><img loading=\"lazy\" decoding=\"async\" class=\"xz74otr x15mokao x1ga7v0g x16uus16 xbiv7yw\" src=\"https:\/\/static.xx.fbcdn.net\/images\/emoji.php\/v9\/t78\/1\/16\/1f36c.png\" alt=\"\ud83c\udf6c\" width=\"16\" height=\"16\" \/><\/span><\/p>\n\t\t\t\t\t\t\t\t<\/div>\n\t\t\t\t<\/div>\n\t\t\t\t<div class=\"elementor-element elementor-element-78a30fe elementor-widget elementor-widget-text-editor\" data-id=\"78a30fe\" data-element_type=\"widget\" data-e-type=\"widget\" data-widget_type=\"text-editor.default\">\n\t\t\t\t<div class=\"elementor-widget-container\">\n\t\t\t\t\t\t\t\t\t<p>mehr erfahren&#8230;<\/p>\t\t\t\t\t\t\t\t<\/div>\n\t\t\t\t<\/div>\n\t\t\t\t<\/div>\n\t\t\t\t\t<\/div>\n\t\t\t\t<\/a>\n\t\t\t\t<\/div>\n\t\t<\/div><\/div><div class=\"jet-listing-grid__loader\"><div class=\"jet-listing-grid__loader-spinner\"><\/div><\/div><\/div>\t\t\t\t<\/div>\n\t\t\t\t<\/div>\n\t\t\t\t\t<\/div>\n\t\t\t\t<\/div>\n\t\t\t\t<\/div>\n\t\t","protected":false},"excerpt":{"rendered":"<p>MINT Lab Das MINT Lab orientiert sich am Unterrichtsfach MINT, welches als Schulversuch in der Praxismittelschule in jedem Jahrgang einmal vertreten ist. MINT ist eine zusammenfassende Bezeichnung von Unterrichts- und Studienf\u00e4chern bzw. Berufen aus den Bereichen Mathematik, Informatik, Naturwissenschaft und Technik. Das Lab erm\u00f6glicht es den Sch\u00fcler*innen, \u00fcber den Regelunterricht hinaus, intensiv in naturwissenschaftlich-technische Themen [&hellip;]<\/p>\n","protected":false},"author":1,"featured_media":0,"parent":0,"menu_order":0,"comment_status":"closed","ping_status":"closed","template":"","meta":{"_acf_changed":false,"footnotes":""},"jahrgang":[],"class_list":["post-32","page","type-page","status-publish","hentry"],"acf":[],"_links":{"self":[{"href":"https:\/\/pms.phwien.ac.at\/index.php\/wp-json\/wp\/v2\/pages\/32","targetHints":{"allow":["GET"]}}],"collection":[{"href":"https:\/\/pms.phwien.ac.at\/index.php\/wp-json\/wp\/v2\/pages"}],"about":[{"href":"https:\/\/pms.phwien.ac.at\/index.php\/wp-json\/wp\/v2\/types\/page"}],"author":[{"embeddable":true,"href":"https:\/\/pms.phwien.ac.at\/index.php\/wp-json\/wp\/v2\/users\/1"}],"replies":[{"embeddable":true,"href":"https:\/\/pms.phwien.ac.at\/index.php\/wp-json\/wp\/v2\/comments?post=32"}],"version-history":[{"count":101,"href":"https:\/\/pms.phwien.ac.at\/index.php\/wp-json\/wp\/v2\/pages\/32\/revisions"}],"predecessor-version":[{"id":3399,"href":"https:\/\/pms.phwien.ac.at\/index.php\/wp-json\/wp\/v2\/pages\/32\/revisions\/3399"}],"wp:attachment":[{"href":"https:\/\/pms.phwien.ac.at\/index.php\/wp-json\/wp\/v2\/media?parent=32"}],"wp:term":[{"taxonomy":"jahrgang","embeddable":true,"href":"https:\/\/pms.phwien.ac.at\/index.php\/wp-json\/wp\/v2\/jahrgang?post=32"}],"curies":[{"name":"wp","href":"https:\/\/api.w.org\/{rel}","templated":true}]}}