{"id":3251,"date":"2025-06-02T14:23:49","date_gmt":"2025-06-02T14:23:49","guid":{"rendered":"https:\/\/pms.phwien.ac.at\/?page_id=3251"},"modified":"2026-04-20T20:46:38","modified_gmt":"2026-04-20T20:46:38","slug":"nepal","status":"publish","type":"page","link":"https:\/\/pms.phwien.ac.at\/index.php\/nepal\/","title":{"rendered":"Nepal"},"content":{"rendered":"\t\t<div data-elementor-type=\"wp-page\" data-elementor-id=\"3251\" class=\"elementor elementor-3251\" data-elementor-post-type=\"page\">\n\t\t\t\t<div class=\"has_eae_slider elementor-element elementor-element-90861e1 e-flex e-con-boxed e-con e-parent\" data-eae-slider=\"26656\" data-id=\"90861e1\" data-element_type=\"container\" data-e-type=\"container\">\n\t\t\t\t\t<div class=\"e-con-inner\">\n\t\t\t\t<div class=\"elementor-element elementor-element-88b1027 elementor-widget elementor-widget-heading\" data-id=\"88b1027\" data-element_type=\"widget\" data-e-type=\"widget\" data-widget_type=\"heading.default\">\n\t\t\t\t<div class=\"elementor-widget-container\">\n\t\t\t\t\t<h2 class=\"elementor-heading-title elementor-size-default\">Nepal<\/h2>\t\t\t\t<\/div>\n\t\t\t\t<\/div>\n\t\t\t\t<div class=\"elementor-element elementor-element-2e4def1 elementor-widget-divider--view-line elementor-widget elementor-widget-divider\" data-id=\"2e4def1\" data-element_type=\"widget\" data-e-type=\"widget\" data-widget_type=\"divider.default\">\n\t\t\t\t<div class=\"elementor-widget-container\">\n\t\t\t\t\t\t\t<div class=\"elementor-divider\">\n\t\t\t<span class=\"elementor-divider-separator\">\n\t\t\t\t\t\t<\/span>\n\t\t<\/div>\n\t\t\t\t\t\t<\/div>\n\t\t\t\t<\/div>\n\t\t\t\t<div class=\"elementor-element elementor-element-ff1df68 elementor-widget-divider--view-line elementor-widget elementor-widget-divider\" data-id=\"ff1df68\" data-element_type=\"widget\" data-e-type=\"widget\" data-widget_type=\"divider.default\">\n\t\t\t\t<div class=\"elementor-widget-container\">\n\t\t\t\t\t\t\t<div class=\"elementor-divider\">\n\t\t\t<span class=\"elementor-divider-separator\">\n\t\t\t\t\t\t<\/span>\n\t\t<\/div>\n\t\t\t\t\t\t<\/div>\n\t\t\t\t<\/div>\n\t\t\t\t\t<\/div>\n\t\t\t\t<\/div>\n\t\t<div class=\"has_eae_slider elementor-element elementor-element-6b221b5 e-flex e-con-boxed e-con e-parent\" data-eae-slider=\"90503\" data-id=\"6b221b5\" data-element_type=\"container\" data-e-type=\"container\">\n\t\t\t\t\t<div class=\"e-con-inner\">\n\t\t\t\t<div class=\"elementor-element elementor-element-5e97435 elementor-widget elementor-widget-text-editor\" data-id=\"5e97435\" data-element_type=\"widget\" data-e-type=\"widget\" data-widget_type=\"text-editor.default\">\n\t\t\t\t<div class=\"elementor-widget-container\">\n\t\t\t\t\t\t\t\t\t<p><strong>Willkommen am Campus Praxisschulen Wien 10!<\/strong><\/p><p>Heute durften wir eine Delegation der Kathmandu University School of Education (KUSoEd) in Lalitpur sowie der Kathmandu University (KU) bei uns am Campus Praxisschulen herzlich willkommen hei\u00dfen!<\/p><p>Im Rahmen der Kooperation mit der P\u00e4dagogischen Hochschule Wien stand der Austausch zur Integration nachhaltiger Bildungsans\u00e4tze in Curricula im Mittelpunkt. Besonders intensiv diskutiert wurden Themen wie Inklusion, Zugeh\u00f6rigkeit, Mehrsprachigkeit, Diversit\u00e4t, digitale Kompetenz, Bildung f\u00fcr nachhaltige Entwicklung und Global Citizenship Education.<\/p><p>Ziel der Zusammenarbeit ist es, gemeinsame Projekte zu entwickeln und den Austausch f\u00fcr Lehrende zu st\u00e4rken.<\/p><p>Die Delegation, begleitet von Florentine Paudel \u2013 Delegationsleiterin f\u00fcr die Kooperation mit Nepal &#8211; erhielt spannende Einblicke in das \u00f6sterreichische Schulsystem. Beim Besuch des Campus Praxisschulen konnten sie den Schulalltag hautnah erleben und sich mit Lehrkr\u00e4ften sowie den Schulleitungen Sabine Jakl und Matthias Bischoff intensiv austauschen.<\/p><p>Ein bereicherndes Treffen, das den internationalen Bildungsdialog weiter st\u00e4rkt!<\/p>\t\t\t\t\t\t\t\t<\/div>\n\t\t\t\t<\/div>\n\t\t\t\t\t<\/div>\n\t\t\t\t<\/div>\n\t\t<div class=\"has_eae_slider elementor-element elementor-element-f3ed867 e-con-full e-flex e-con e-parent\" data-eae-slider=\"52263\" data-id=\"f3ed867\" data-element_type=\"container\" data-e-type=\"container\">\n\t\t\t\t<div class=\"elementor-element elementor-element-71a5a2f dce_masking-none elementor-widget elementor-widget-image\" data-id=\"71a5a2f\" data-element_type=\"widget\" data-e-type=\"widget\" data-widget_type=\"image.default\">\n\t\t\t\t<div class=\"elementor-widget-container\">\n\t\t\t\t\t\t\t\t\t\t\t\t\t\t\t<img fetchpriority=\"high\" decoding=\"async\" width=\"768\" height=\"1152\" src=\"https:\/\/pms.phwien.ac.at\/wp-content\/uploads\/2025\/06\/491606182_1145788260684171_5471472258058600662_n-768x1152.jpg\" class=\"attachment-medium_large size-medium_large wp-image-3264\" alt=\"\" srcset=\"https:\/\/pms.phwien.ac.at\/wp-content\/uploads\/2025\/06\/491606182_1145788260684171_5471472258058600662_n-768x1152.jpg 768w, https:\/\/pms.phwien.ac.at\/wp-content\/uploads\/2025\/06\/491606182_1145788260684171_5471472258058600662_n-200x300.jpg 200w, https:\/\/pms.phwien.ac.at\/wp-content\/uploads\/2025\/06\/491606182_1145788260684171_5471472258058600662_n-683x1024.jpg 683w, https:\/\/pms.phwien.ac.at\/wp-content\/uploads\/2025\/06\/491606182_1145788260684171_5471472258058600662_n-1024x1536.jpg 1024w, https:\/\/pms.phwien.ac.at\/wp-content\/uploads\/2025\/06\/491606182_1145788260684171_5471472258058600662_n.jpg 1365w\" sizes=\"(max-width: 768px) 100vw, 768px\" \/>\t\t\t\t\t\t\t\t\t\t\t\t\t\t\t<\/div>\n\t\t\t\t<\/div>\n\t\t\t\t<div class=\"elementor-element elementor-element-868ca0b dce_masking-none elementor-widget elementor-widget-image\" data-id=\"868ca0b\" data-element_type=\"widget\" data-e-type=\"widget\" data-widget_type=\"image.default\">\n\t\t\t\t<div class=\"elementor-widget-container\">\n\t\t\t\t\t\t\t\t\t\t\t\t\t\t\t<img decoding=\"async\" width=\"593\" height=\"395\" src=\"https:\/\/pms.phwien.ac.at\/wp-content\/uploads\/2025\/06\/491940269_1145785604017770_7121683285177198024_n.jpg\" class=\"attachment-large size-large wp-image-3265\" alt=\"\" srcset=\"https:\/\/pms.phwien.ac.at\/wp-content\/uploads\/2025\/06\/491940269_1145785604017770_7121683285177198024_n.jpg 593w, https:\/\/pms.phwien.ac.at\/wp-content\/uploads\/2025\/06\/491940269_1145785604017770_7121683285177198024_n-300x200.jpg 300w\" sizes=\"(max-width: 593px) 100vw, 593px\" \/>\t\t\t\t\t\t\t\t\t\t\t\t\t\t\t<\/div>\n\t\t\t\t<\/div>\n\t\t\t\t<div class=\"elementor-element elementor-element-6c19c4b dce_masking-none elementor-widget elementor-widget-image\" data-id=\"6c19c4b\" data-element_type=\"widget\" data-e-type=\"widget\" data-widget_type=\"image.default\">\n\t\t\t\t<div class=\"elementor-widget-container\">\n\t\t\t\t\t\t\t\t\t\t\t\t\t\t\t<img decoding=\"async\" width=\"800\" height=\"534\" src=\"https:\/\/pms.phwien.ac.at\/wp-content\/uploads\/2025\/06\/492123202_1145785804017750_8122162307984393068_n-1024x683.jpg\" class=\"attachment-large size-large wp-image-3266\" alt=\"\" srcset=\"https:\/\/pms.phwien.ac.at\/wp-content\/uploads\/2025\/06\/492123202_1145785804017750_8122162307984393068_n-1024x683.jpg 1024w, https:\/\/pms.phwien.ac.at\/wp-content\/uploads\/2025\/06\/492123202_1145785804017750_8122162307984393068_n-300x200.jpg 300w, https:\/\/pms.phwien.ac.at\/wp-content\/uploads\/2025\/06\/492123202_1145785804017750_8122162307984393068_n-768x512.jpg 768w, https:\/\/pms.phwien.ac.at\/wp-content\/uploads\/2025\/06\/492123202_1145785804017750_8122162307984393068_n-1536x1024.jpg 1536w, https:\/\/pms.phwien.ac.at\/wp-content\/uploads\/2025\/06\/492123202_1145785804017750_8122162307984393068_n.jpg 2048w\" sizes=\"(max-width: 800px) 100vw, 800px\" \/>\t\t\t\t\t\t\t\t\t\t\t\t\t\t\t<\/div>\n\t\t\t\t<\/div>\n\t\t\t\t<div class=\"elementor-element elementor-element-b9ab39b dce_masking-none elementor-widget elementor-widget-image\" data-id=\"b9ab39b\" data-element_type=\"widget\" data-e-type=\"widget\" data-widget_type=\"image.default\">\n\t\t\t\t<div class=\"elementor-widget-container\">\n\t\t\t\t\t\t\t\t\t\t\t\t\t\t\t<img loading=\"lazy\" decoding=\"async\" width=\"683\" height=\"1024\" src=\"https:\/\/pms.phwien.ac.at\/wp-content\/uploads\/2025\/06\/492226494_1145787927350871_4119384576327480565_n-683x1024.jpg\" class=\"attachment-large size-large wp-image-3268\" alt=\"\" srcset=\"https:\/\/pms.phwien.ac.at\/wp-content\/uploads\/2025\/06\/492226494_1145787927350871_4119384576327480565_n-683x1024.jpg 683w, https:\/\/pms.phwien.ac.at\/wp-content\/uploads\/2025\/06\/492226494_1145787927350871_4119384576327480565_n-200x300.jpg 200w, https:\/\/pms.phwien.ac.at\/wp-content\/uploads\/2025\/06\/492226494_1145787927350871_4119384576327480565_n-768x1151.jpg 768w, https:\/\/pms.phwien.ac.at\/wp-content\/uploads\/2025\/06\/492226494_1145787927350871_4119384576327480565_n-1025x1536.jpg 1025w, https:\/\/pms.phwien.ac.at\/wp-content\/uploads\/2025\/06\/492226494_1145787927350871_4119384576327480565_n.jpg 1366w\" sizes=\"(max-width: 683px) 100vw, 683px\" \/>\t\t\t\t\t\t\t\t\t\t\t\t\t\t\t<\/div>\n\t\t\t\t<\/div>\n\t\t\t\t<div class=\"elementor-element elementor-element-89519a2 dce_masking-none elementor-widget elementor-widget-image\" data-id=\"89519a2\" data-element_type=\"widget\" data-e-type=\"widget\" data-widget_type=\"image.default\">\n\t\t\t\t<div class=\"elementor-widget-container\">\n\t\t\t\t\t\t\t\t\t\t\t\t\t\t\t<img loading=\"lazy\" decoding=\"async\" width=\"683\" height=\"1024\" src=\"https:\/\/pms.phwien.ac.at\/wp-content\/uploads\/2025\/06\/492224446_1145786964017634_3829716154255706544_n-683x1024.jpg\" class=\"attachment-large size-large wp-image-3267\" alt=\"\" srcset=\"https:\/\/pms.phwien.ac.at\/wp-content\/uploads\/2025\/06\/492224446_1145786964017634_3829716154255706544_n-683x1024.jpg 683w, https:\/\/pms.phwien.ac.at\/wp-content\/uploads\/2025\/06\/492224446_1145786964017634_3829716154255706544_n-200x300.jpg 200w, https:\/\/pms.phwien.ac.at\/wp-content\/uploads\/2025\/06\/492224446_1145786964017634_3829716154255706544_n-768x1151.jpg 768w, https:\/\/pms.phwien.ac.at\/wp-content\/uploads\/2025\/06\/492224446_1145786964017634_3829716154255706544_n-1025x1536.jpg 1025w, https:\/\/pms.phwien.ac.at\/wp-content\/uploads\/2025\/06\/492224446_1145786964017634_3829716154255706544_n.jpg 1366w\" sizes=\"(max-width: 683px) 100vw, 683px\" \/>\t\t\t\t\t\t\t\t\t\t\t\t\t\t\t<\/div>\n\t\t\t\t<\/div>\n\t\t\t\t<div class=\"elementor-element elementor-element-8bfa5e7 dce_masking-none elementor-widget elementor-widget-image\" data-id=\"8bfa5e7\" data-element_type=\"widget\" data-e-type=\"widget\" data-widget_type=\"image.default\">\n\t\t\t\t<div class=\"elementor-widget-container\">\n\t\t\t\t\t\t\t\t\t\t\t\t\t\t\t<img loading=\"lazy\" decoding=\"async\" width=\"683\" height=\"1024\" src=\"https:\/\/pms.phwien.ac.at\/wp-content\/uploads\/2025\/06\/491606182_1145788260684171_5471472258058600662_n-683x1024.jpg\" class=\"attachment-large size-large wp-image-3264\" alt=\"\" srcset=\"https:\/\/pms.phwien.ac.at\/wp-content\/uploads\/2025\/06\/491606182_1145788260684171_5471472258058600662_n-683x1024.jpg 683w, https:\/\/pms.phwien.ac.at\/wp-content\/uploads\/2025\/06\/491606182_1145788260684171_5471472258058600662_n-200x300.jpg 200w, https:\/\/pms.phwien.ac.at\/wp-content\/uploads\/2025\/06\/491606182_1145788260684171_5471472258058600662_n-768x1152.jpg 768w, https:\/\/pms.phwien.ac.at\/wp-content\/uploads\/2025\/06\/491606182_1145788260684171_5471472258058600662_n-1024x1536.jpg 1024w, https:\/\/pms.phwien.ac.at\/wp-content\/uploads\/2025\/06\/491606182_1145788260684171_5471472258058600662_n.jpg 1365w\" sizes=\"(max-width: 683px) 100vw, 683px\" \/>\t\t\t\t\t\t\t\t\t\t\t\t\t\t\t<\/div>\n\t\t\t\t<\/div>\n\t\t\t\t<\/div>\n\t\t\t\t<\/div>\n\t\t","protected":false},"excerpt":{"rendered":"<p>Nepal Willkommen am Campus Praxisschulen Wien 10! Heute durften wir eine Delegation der Kathmandu University School of Education (KUSoEd) in Lalitpur sowie der Kathmandu University (KU) bei uns am Campus Praxisschulen herzlich willkommen hei\u00dfen! Im Rahmen der Kooperation mit der P\u00e4dagogischen Hochschule Wien stand der Austausch zur Integration nachhaltiger Bildungsans\u00e4tze in Curricula im Mittelpunkt. Besonders [&hellip;]<\/p>\n","protected":false},"author":3,"featured_media":0,"parent":0,"menu_order":0,"comment_status":"closed","ping_status":"closed","template":"","meta":{"_acf_changed":false,"footnotes":""},"jahrgang":[],"class_list":["post-3251","page","type-page","status-publish","hentry"],"acf":[],"_links":{"self":[{"href":"https:\/\/pms.phwien.ac.at\/index.php\/wp-json\/wp\/v2\/pages\/3251","targetHints":{"allow":["GET"]}}],"collection":[{"href":"https:\/\/pms.phwien.ac.at\/index.php\/wp-json\/wp\/v2\/pages"}],"about":[{"href":"https:\/\/pms.phwien.ac.at\/index.php\/wp-json\/wp\/v2\/types\/page"}],"author":[{"embeddable":true,"href":"https:\/\/pms.phwien.ac.at\/index.php\/wp-json\/wp\/v2\/users\/3"}],"replies":[{"embeddable":true,"href":"https:\/\/pms.phwien.ac.at\/index.php\/wp-json\/wp\/v2\/comments?post=3251"}],"version-history":[{"count":19,"href":"https:\/\/pms.phwien.ac.at\/index.php\/wp-json\/wp\/v2\/pages\/3251\/revisions"}],"predecessor-version":[{"id":4446,"href":"https:\/\/pms.phwien.ac.at\/index.php\/wp-json\/wp\/v2\/pages\/3251\/revisions\/4446"}],"wp:attachment":[{"href":"https:\/\/pms.phwien.ac.at\/index.php\/wp-json\/wp\/v2\/media?parent=3251"}],"wp:term":[{"taxonomy":"jahrgang","embeddable":true,"href":"https:\/\/pms.phwien.ac.at\/index.php\/wp-json\/wp\/v2\/jahrgang?post=3251"}],"curies":[{"name":"wp","href":"https:\/\/api.w.org\/{rel}","templated":true}]}}