{"id":3252,"date":"2025-06-02T14:23:49","date_gmt":"2025-06-02T14:23:49","guid":{"rendered":"https:\/\/pms.phwien.ac.at\/?page_id=3252"},"modified":"2026-04-20T20:45:59","modified_gmt":"2026-04-20T20:45:59","slug":"schweden","status":"publish","type":"page","link":"https:\/\/pms.phwien.ac.at\/index.php\/schweden\/","title":{"rendered":"Schweden"},"content":{"rendered":"\t\t<div data-elementor-type=\"wp-page\" data-elementor-id=\"3252\" class=\"elementor elementor-3252\" data-elementor-post-type=\"page\">\n\t\t\t\t<div class=\"has_eae_slider elementor-element elementor-element-1544f1f e-flex e-con-boxed e-con e-parent\" data-eae-slider=\"95211\" data-id=\"1544f1f\" data-element_type=\"container\" data-e-type=\"container\">\n\t\t\t\t\t<div class=\"e-con-inner\">\n\t\t\t\t<div class=\"elementor-element elementor-element-df266fd elementor-widget elementor-widget-heading\" data-id=\"df266fd\" data-element_type=\"widget\" data-e-type=\"widget\" data-widget_type=\"heading.default\">\n\t\t\t\t<div class=\"elementor-widget-container\">\n\t\t\t\t\t<h2 class=\"elementor-heading-title elementor-size-default\">Schweden<\/h2>\t\t\t\t<\/div>\n\t\t\t\t<\/div>\n\t\t\t\t<div class=\"elementor-element elementor-element-84c5ae9 elementor-widget-divider--view-line elementor-widget elementor-widget-divider\" data-id=\"84c5ae9\" data-element_type=\"widget\" data-e-type=\"widget\" data-widget_type=\"divider.default\">\n\t\t\t\t<div class=\"elementor-widget-container\">\n\t\t\t\t\t\t\t<div class=\"elementor-divider\">\n\t\t\t<span class=\"elementor-divider-separator\">\n\t\t\t\t\t\t<\/span>\n\t\t<\/div>\n\t\t\t\t\t\t<\/div>\n\t\t\t\t<\/div>\n\t\t\t\t<div class=\"elementor-element elementor-element-c80578e elementor-widget-divider--view-line elementor-widget elementor-widget-divider\" data-id=\"c80578e\" data-element_type=\"widget\" data-e-type=\"widget\" data-widget_type=\"divider.default\">\n\t\t\t\t<div class=\"elementor-widget-container\">\n\t\t\t\t\t\t\t<div class=\"elementor-divider\">\n\t\t\t<span class=\"elementor-divider-separator\">\n\t\t\t\t\t\t<\/span>\n\t\t<\/div>\n\t\t\t\t\t\t<\/div>\n\t\t\t\t<\/div>\n\t\t\t\t\t<\/div>\n\t\t\t\t<\/div>\n\t\t<div class=\"has_eae_slider elementor-element elementor-element-0839827 e-flex e-con-boxed e-con e-parent\" data-eae-slider=\"74027\" data-id=\"0839827\" data-element_type=\"container\" data-e-type=\"container\">\n\t\t\t\t\t<div class=\"e-con-inner\">\n\t\t\t\t<div class=\"elementor-element elementor-element-0528288 elementor-widget elementor-widget-text-editor\" data-id=\"0528288\" data-element_type=\"widget\" data-e-type=\"widget\" data-widget_type=\"text-editor.default\">\n\t\t\t\t<div class=\"elementor-widget-container\">\n\t\t\t\t\t\t\t\t\t<p><strong>V\u00e4lkommen till Praxismittelschule!<\/strong><\/p><p><strong>Herzlich willkommen an der Praxismittelschule!<\/strong><\/p><p>Eine schwedische Delegation besuchte die Praxismittelschule im Rahmen eines internationalen Austausches und einer Fortbildung zum Thema Deutsch als Fremd- und Zweitsprache (DaF\/DaZ).<\/p><p>In Hospitationen in den Klassen konnten die schwedischen Lehrpersonen und Professorinnen der Universit\u00e4t Uppsala einen Einblick in unseren Unterricht gewinnen und sich mit unseren Lehrerinnen sowie Sch\u00fclerinnen und Sch\u00fclern austauschen.<\/p><p>Im Anschluss fand eine gemeinsame Reflexions- und Austauschrunde mit der Schulleitung der PMS sowie der Delegationsleitung Alexandra Efstathiades statt. In einem offenen und wertsch\u00e4tzenden Gespr\u00e4ch wurden Eindr\u00fccke geteilt, didaktische Ans\u00e4tze diskutiert und Gemeinsamkeiten in der Sprachf\u00f6rderung herausgearbeitet.<\/p><p>Wir blicken mit gro\u00dfer Freude auf diesen inspirierenden Besuch zur\u00fcck und hoffen auf eine Vertiefung der Zusammenarbeit \u2013 etwa im Rahmen zuk\u00fcnftiger Erasmus+ Projekte, um voneinander zu lernen und gemeinsam neue Wege in der Bildungsarbeit zu beschreiten.<\/p>\t\t\t\t\t\t\t\t<\/div>\n\t\t\t\t<\/div>\n\t\t\t\t\t<\/div>\n\t\t\t\t<\/div>\n\t\t<div class=\"has_eae_slider elementor-element elementor-element-5401cec e-grid e-con-full e-con e-parent\" data-eae-slider=\"41392\" data-id=\"5401cec\" data-element_type=\"container\" data-e-type=\"container\">\n\t\t\t\t<div class=\"elementor-element elementor-element-a98b291 dce_masking-none elementor-widget elementor-widget-image\" data-id=\"a98b291\" data-element_type=\"widget\" data-e-type=\"widget\" data-widget_type=\"image.default\">\n\t\t\t\t<div class=\"elementor-widget-container\">\n\t\t\t\t\t\t\t\t\t\t\t\t\t\t\t<img fetchpriority=\"high\" decoding=\"async\" width=\"2048\" height=\"1365\" src=\"https:\/\/pms.phwien.ac.at\/wp-content\/uploads\/2025\/06\/489802375_1140290124567318_5429999625602858651_n.jpg\" class=\"attachment-full size-full wp-image-3276\" alt=\"\" srcset=\"https:\/\/pms.phwien.ac.at\/wp-content\/uploads\/2025\/06\/489802375_1140290124567318_5429999625602858651_n.jpg 2048w, https:\/\/pms.phwien.ac.at\/wp-content\/uploads\/2025\/06\/489802375_1140290124567318_5429999625602858651_n-300x200.jpg 300w, https:\/\/pms.phwien.ac.at\/wp-content\/uploads\/2025\/06\/489802375_1140290124567318_5429999625602858651_n-1024x683.jpg 1024w, https:\/\/pms.phwien.ac.at\/wp-content\/uploads\/2025\/06\/489802375_1140290124567318_5429999625602858651_n-768x512.jpg 768w, https:\/\/pms.phwien.ac.at\/wp-content\/uploads\/2025\/06\/489802375_1140290124567318_5429999625602858651_n-1536x1024.jpg 1536w\" sizes=\"(max-width: 2048px) 100vw, 2048px\" \/>\t\t\t\t\t\t\t\t\t\t\t\t\t\t\t<\/div>\n\t\t\t\t<\/div>\n\t\t\t\t<div class=\"elementor-element elementor-element-840e794 dce_masking-none elementor-widget elementor-widget-image\" data-id=\"840e794\" data-element_type=\"widget\" data-e-type=\"widget\" data-widget_type=\"image.default\">\n\t\t\t\t<div class=\"elementor-widget-container\">\n\t\t\t\t\t\t\t\t\t\t\t\t\t\t\t<img decoding=\"async\" width=\"683\" height=\"1024\" src=\"https:\/\/pms.phwien.ac.at\/wp-content\/uploads\/2025\/06\/489848374_1140290044567326_5482279079628511343_n-683x1024.jpg\" class=\"attachment-large size-large wp-image-3277\" alt=\"\" srcset=\"https:\/\/pms.phwien.ac.at\/wp-content\/uploads\/2025\/06\/489848374_1140290044567326_5482279079628511343_n-683x1024.jpg 683w, https:\/\/pms.phwien.ac.at\/wp-content\/uploads\/2025\/06\/489848374_1140290044567326_5482279079628511343_n-200x300.jpg 200w, https:\/\/pms.phwien.ac.at\/wp-content\/uploads\/2025\/06\/489848374_1140290044567326_5482279079628511343_n-768x1152.jpg 768w, https:\/\/pms.phwien.ac.at\/wp-content\/uploads\/2025\/06\/489848374_1140290044567326_5482279079628511343_n-1024x1536.jpg 1024w, https:\/\/pms.phwien.ac.at\/wp-content\/uploads\/2025\/06\/489848374_1140290044567326_5482279079628511343_n.jpg 1365w\" sizes=\"(max-width: 683px) 100vw, 683px\" \/>\t\t\t\t\t\t\t\t\t\t\t\t\t\t\t<\/div>\n\t\t\t\t<\/div>\n\t\t\t\t<div class=\"elementor-element elementor-element-2889d03 dce_masking-none elementor-widget elementor-widget-image\" data-id=\"2889d03\" data-element_type=\"widget\" data-e-type=\"widget\" data-widget_type=\"image.default\">\n\t\t\t\t<div class=\"elementor-widget-container\">\n\t\t\t\t\t\t\t\t\t\t\t\t\t\t\t<img decoding=\"async\" width=\"800\" height=\"534\" src=\"https:\/\/pms.phwien.ac.at\/wp-content\/uploads\/2025\/06\/489871746_1140290084567322_5716057267532682167_n-1024x683.jpg\" class=\"attachment-large size-large wp-image-3278\" alt=\"\" srcset=\"https:\/\/pms.phwien.ac.at\/wp-content\/uploads\/2025\/06\/489871746_1140290084567322_5716057267532682167_n-1024x683.jpg 1024w, https:\/\/pms.phwien.ac.at\/wp-content\/uploads\/2025\/06\/489871746_1140290084567322_5716057267532682167_n-300x200.jpg 300w, https:\/\/pms.phwien.ac.at\/wp-content\/uploads\/2025\/06\/489871746_1140290084567322_5716057267532682167_n-768x512.jpg 768w, https:\/\/pms.phwien.ac.at\/wp-content\/uploads\/2025\/06\/489871746_1140290084567322_5716057267532682167_n-1536x1024.jpg 1536w, https:\/\/pms.phwien.ac.at\/wp-content\/uploads\/2025\/06\/489871746_1140290084567322_5716057267532682167_n.jpg 2048w\" sizes=\"(max-width: 800px) 100vw, 800px\" \/>\t\t\t\t\t\t\t\t\t\t\t\t\t\t\t<\/div>\n\t\t\t\t<\/div>\n\t\t\t\t<div class=\"elementor-element elementor-element-a9618de dce_masking-none elementor-widget elementor-widget-image\" data-id=\"a9618de\" data-element_type=\"widget\" data-e-type=\"widget\" data-widget_type=\"image.default\">\n\t\t\t\t<div class=\"elementor-widget-container\">\n\t\t\t\t\t\t\t\t\t\t\t\t\t\t\t<img loading=\"lazy\" decoding=\"async\" width=\"683\" height=\"1024\" src=\"https:\/\/pms.phwien.ac.at\/wp-content\/uploads\/2025\/06\/489905088_1140290161233981_3736720177433175650_n-683x1024.jpg\" class=\"attachment-large size-large wp-image-3279\" alt=\"\" srcset=\"https:\/\/pms.phwien.ac.at\/wp-content\/uploads\/2025\/06\/489905088_1140290161233981_3736720177433175650_n-683x1024.jpg 683w, https:\/\/pms.phwien.ac.at\/wp-content\/uploads\/2025\/06\/489905088_1140290161233981_3736720177433175650_n-200x300.jpg 200w, https:\/\/pms.phwien.ac.at\/wp-content\/uploads\/2025\/06\/489905088_1140290161233981_3736720177433175650_n-768x1152.jpg 768w, https:\/\/pms.phwien.ac.at\/wp-content\/uploads\/2025\/06\/489905088_1140290161233981_3736720177433175650_n-1024x1536.jpg 1024w, https:\/\/pms.phwien.ac.at\/wp-content\/uploads\/2025\/06\/489905088_1140290161233981_3736720177433175650_n.jpg 1365w\" sizes=\"(max-width: 683px) 100vw, 683px\" \/>\t\t\t\t\t\t\t\t\t\t\t\t\t\t\t<\/div>\n\t\t\t\t<\/div>\n\t\t\t\t<div class=\"elementor-element elementor-element-1fe916c dce_masking-none elementor-widget elementor-widget-image\" data-id=\"1fe916c\" data-element_type=\"widget\" data-e-type=\"widget\" data-widget_type=\"image.default\">\n\t\t\t\t<div class=\"elementor-widget-container\">\n\t\t\t\t\t\t\t\t\t\t\t\t\t\t\t<img loading=\"lazy\" decoding=\"async\" width=\"768\" height=\"1152\" src=\"https:\/\/pms.phwien.ac.at\/wp-content\/uploads\/2025\/06\/489910757_1140289961234001_4050752252021634437_n-1-768x1152.jpg\" class=\"attachment-medium_large size-medium_large wp-image-3280\" alt=\"\" srcset=\"https:\/\/pms.phwien.ac.at\/wp-content\/uploads\/2025\/06\/489910757_1140289961234001_4050752252021634437_n-1-768x1152.jpg 768w, https:\/\/pms.phwien.ac.at\/wp-content\/uploads\/2025\/06\/489910757_1140289961234001_4050752252021634437_n-1-200x300.jpg 200w, https:\/\/pms.phwien.ac.at\/wp-content\/uploads\/2025\/06\/489910757_1140289961234001_4050752252021634437_n-1-683x1024.jpg 683w, https:\/\/pms.phwien.ac.at\/wp-content\/uploads\/2025\/06\/489910757_1140289961234001_4050752252021634437_n-1-1024x1536.jpg 1024w, https:\/\/pms.phwien.ac.at\/wp-content\/uploads\/2025\/06\/489910757_1140289961234001_4050752252021634437_n-1.jpg 1365w\" sizes=\"(max-width: 768px) 100vw, 768px\" \/>\t\t\t\t\t\t\t\t\t\t\t\t\t\t\t<\/div>\n\t\t\t\t<\/div>\n\t\t\t\t<div class=\"elementor-element elementor-element-26a5084 dce_masking-none elementor-widget elementor-widget-image\" data-id=\"26a5084\" data-element_type=\"widget\" data-e-type=\"widget\" data-widget_type=\"image.default\">\n\t\t\t\t<div class=\"elementor-widget-container\">\n\t\t\t\t\t\t\t\t\t\t\t\t\t\t\t<img loading=\"lazy\" decoding=\"async\" width=\"768\" height=\"576\" src=\"https:\/\/pms.phwien.ac.at\/wp-content\/uploads\/2025\/06\/489989880_1140290327900631_1355020209301232213_n-768x576.jpg\" class=\"attachment-medium_large size-medium_large wp-image-3282\" alt=\"\" srcset=\"https:\/\/pms.phwien.ac.at\/wp-content\/uploads\/2025\/06\/489989880_1140290327900631_1355020209301232213_n-768x576.jpg 768w, https:\/\/pms.phwien.ac.at\/wp-content\/uploads\/2025\/06\/489989880_1140290327900631_1355020209301232213_n-300x225.jpg 300w, https:\/\/pms.phwien.ac.at\/wp-content\/uploads\/2025\/06\/489989880_1140290327900631_1355020209301232213_n-1024x768.jpg 1024w, https:\/\/pms.phwien.ac.at\/wp-content\/uploads\/2025\/06\/489989880_1140290327900631_1355020209301232213_n-1536x1152.jpg 1536w, https:\/\/pms.phwien.ac.at\/wp-content\/uploads\/2025\/06\/489989880_1140290327900631_1355020209301232213_n.jpg 2048w\" sizes=\"(max-width: 768px) 100vw, 768px\" \/>\t\t\t\t\t\t\t\t\t\t\t\t\t\t\t<\/div>\n\t\t\t\t<\/div>\n\t\t\t\t<\/div>\n\t\t\t\t<\/div>\n\t\t","protected":false},"excerpt":{"rendered":"<p>Schweden V\u00e4lkommen till Praxismittelschule! Herzlich willkommen an der Praxismittelschule! Eine schwedische Delegation besuchte die Praxismittelschule im Rahmen eines internationalen Austausches und einer Fortbildung zum Thema Deutsch als Fremd- und Zweitsprache (DaF\/DaZ). In Hospitationen in den Klassen konnten die schwedischen Lehrpersonen und Professorinnen der Universit\u00e4t Uppsala einen Einblick in unseren Unterricht gewinnen und sich mit unseren [&hellip;]<\/p>\n","protected":false},"author":3,"featured_media":0,"parent":0,"menu_order":0,"comment_status":"closed","ping_status":"closed","template":"","meta":{"_acf_changed":false,"footnotes":""},"jahrgang":[],"class_list":["post-3252","page","type-page","status-publish","hentry"],"acf":[],"_links":{"self":[{"href":"https:\/\/pms.phwien.ac.at\/index.php\/wp-json\/wp\/v2\/pages\/3252","targetHints":{"allow":["GET"]}}],"collection":[{"href":"https:\/\/pms.phwien.ac.at\/index.php\/wp-json\/wp\/v2\/pages"}],"about":[{"href":"https:\/\/pms.phwien.ac.at\/index.php\/wp-json\/wp\/v2\/types\/page"}],"author":[{"embeddable":true,"href":"https:\/\/pms.phwien.ac.at\/index.php\/wp-json\/wp\/v2\/users\/3"}],"replies":[{"embeddable":true,"href":"https:\/\/pms.phwien.ac.at\/index.php\/wp-json\/wp\/v2\/comments?post=3252"}],"version-history":[{"count":16,"href":"https:\/\/pms.phwien.ac.at\/index.php\/wp-json\/wp\/v2\/pages\/3252\/revisions"}],"predecessor-version":[{"id":4443,"href":"https:\/\/pms.phwien.ac.at\/index.php\/wp-json\/wp\/v2\/pages\/3252\/revisions\/4443"}],"wp:attachment":[{"href":"https:\/\/pms.phwien.ac.at\/index.php\/wp-json\/wp\/v2\/media?parent=3252"}],"wp:term":[{"taxonomy":"jahrgang","embeddable":true,"href":"https:\/\/pms.phwien.ac.at\/index.php\/wp-json\/wp\/v2\/jahrgang?post=3252"}],"curies":[{"name":"wp","href":"https:\/\/api.w.org\/{rel}","templated":true}]}}