{"id":3323,"date":"2025-06-17T11:25:26","date_gmt":"2025-06-17T11:25:26","guid":{"rendered":"https:\/\/pms.phwien.ac.at\/?page_id=3323"},"modified":"2025-06-17T11:29:39","modified_gmt":"2025-06-17T11:29:39","slug":"cambridge-certificate","status":"publish","type":"page","link":"https:\/\/pms.phwien.ac.at\/index.php\/cambridge-certificate\/","title":{"rendered":"Cambridge Certificate"},"content":{"rendered":"\t\t<div data-elementor-type=\"wp-page\" data-elementor-id=\"3323\" class=\"elementor elementor-3323\" data-elementor-post-type=\"page\">\n\t\t\t\t<div class=\"has_eae_slider elementor-element elementor-element-d341214 e-flex e-con-boxed e-con e-parent\" data-eae-slider=\"1640\" data-id=\"d341214\" data-element_type=\"container\" data-e-type=\"container\">\n\t\t\t\t\t<div class=\"e-con-inner\">\n\t\t\t\t<div class=\"elementor-element elementor-element-feb7af4 elementor-widget elementor-widget-heading\" data-id=\"feb7af4\" data-element_type=\"widget\" data-e-type=\"widget\" data-widget_type=\"heading.default\">\n\t\t\t\t<div class=\"elementor-widget-container\">\n\t\t\t\t\t<h2 class=\"elementor-heading-title elementor-size-default\">Cambridge Certificate<\/h2>\t\t\t\t<\/div>\n\t\t\t\t<\/div>\n\t\t\t\t<div class=\"elementor-element elementor-element-b74928c elementor-widget-divider--view-line elementor-widget elementor-widget-divider\" data-id=\"b74928c\" data-element_type=\"widget\" data-e-type=\"widget\" data-widget_type=\"divider.default\">\n\t\t\t\t<div class=\"elementor-widget-container\">\n\t\t\t\t\t\t\t<div class=\"elementor-divider\">\n\t\t\t<span class=\"elementor-divider-separator\">\n\t\t\t\t\t\t<\/span>\n\t\t<\/div>\n\t\t\t\t\t\t<\/div>\n\t\t\t\t<\/div>\n\t\t\t\t<div class=\"elementor-element elementor-element-137f63c elementor-widget-divider--view-line elementor-widget elementor-widget-divider\" data-id=\"137f63c\" data-element_type=\"widget\" data-e-type=\"widget\" data-widget_type=\"divider.default\">\n\t\t\t\t<div class=\"elementor-widget-container\">\n\t\t\t\t\t\t\t<div class=\"elementor-divider\">\n\t\t\t<span class=\"elementor-divider-separator\">\n\t\t\t\t\t\t<\/span>\n\t\t<\/div>\n\t\t\t\t\t\t<\/div>\n\t\t\t\t<\/div>\n\t\t\t\t\t<\/div>\n\t\t\t\t<\/div>\n\t\t<div class=\"has_eae_slider elementor-element elementor-element-b4505b4 e-flex e-con-boxed e-con e-parent\" data-eae-slider=\"9299\" data-id=\"b4505b4\" data-element_type=\"container\" data-e-type=\"container\">\n\t\t\t\t\t<div class=\"e-con-inner\">\n\t\t\t\t<div class=\"elementor-element elementor-element-eab7ddd elementor-widget elementor-widget-text-editor\" data-id=\"eab7ddd\" data-element_type=\"widget\" data-e-type=\"widget\" data-widget_type=\"text-editor.default\">\n\t\t\t\t<div class=\"elementor-widget-container\">\n\t\t\t\t\t\t\t\t\t<p>An der PMS gibt es seit vielen Jahren die M\u00f6glichkeit f\u00fcr Sch\u00fcler*innen der 8. Schulstufe das <em>Cambridge Certificate<\/em> zu erwerben. Ziel ist es, unseren Sch\u00fcler*innen einen niederschwelligen Zugang zu einem internationalen Zertifikat zu erm\u00f6glichen.<\/p><p>Die Sch\u00fcler*innen melden sich zur <em>Unverbindlichen \u00dcbung Englisch intensiv<\/em> an, in der sie von Englisch-Lehrkr\u00e4ften der PMS auf die Pr\u00fcfung vorbereitet werden. Die PMS ist mittlerweile ein vom Cambridge Institute anerkanntes <em>Preparation Center<\/em> f\u00fcr das Cambridge Certificate.\u00a0<\/p><p>Die angemeldeten Sch\u00fcler*innen der 8. Schulstufe absolvieren im Fr\u00fchjahr eine externe Pr\u00fcfung auf B1\/B2 (oder auch A2) Level (PET bzw. KET for schools) direkt im Cambridge Institute Vienna im 6. Wiener Gemeindebezirk. Dieses Angebot ist auch durch die gro\u00dfz\u00fcgige Unterst\u00fctzung der PH Wien m\u00f6glich, da die Pr\u00fcfung mittlerweile an die 200 Euro kostet. Einen zus\u00e4tzlichen Rabatt von 20 Euro pro Sch\u00fcler*in bekommt die PMS durch den Status als <em>Preparation Center.<\/em><\/p><p>Das Angebot wird seit Jahren ohne Unterbrechung durchgehend gerne angenommen. Die Erfahrung zeigt, dass es f\u00fcr die Sch\u00fcler*innen immer wieder ein besonderes Ereignis ist, da sie ihr K\u00f6nnen in einem au\u00dferschulischem Kontext unter Beweis stellen m\u00fcssen und ungemein stolz sind, wenn sie ihr Ziel erreicht haben. Die Erfolgsquote, die Pr\u00fcfung auch zu bestehen, ist durch die intensive Vorbereitung an der Schule sehr hoch. Die Vorbereitung, der Antritt zur Pr\u00fcfung, die Feier und Freude danach und das international anerkannte Zertifikat (kann dem Zeugnis f\u00fcr die weiterf\u00fchrende Schule beigelegt werden) steigert den Selbstwert der Sch\u00fcler*innen, wie sie immer wieder selbst berichten. Auch das \u00dcberwinden der Nervosit\u00e4t und das Erleben \u201ees geschafft zu haben\u201c tr\u00e4gt dazu bei.<\/p>\t\t\t\t\t\t\t\t<\/div>\n\t\t\t\t<\/div>\n\t\t\t\t\t<\/div>\n\t\t\t\t<\/div>\n\t\t<div class=\"has_eae_slider elementor-element elementor-element-6a2c174 e-flex e-con-boxed e-con e-parent\" data-eae-slider=\"51938\" data-id=\"6a2c174\" data-element_type=\"container\" data-e-type=\"container\">\n\t\t\t\t\t<div class=\"e-con-inner\">\n\t\t\t\t<div class=\"elementor-element elementor-element-80e5d8d dce_masking-none elementor-widget elementor-widget-image\" data-id=\"80e5d8d\" data-element_type=\"widget\" data-e-type=\"widget\" data-widget_type=\"image.default\">\n\t\t\t\t<div class=\"elementor-widget-container\">\n\t\t\t\t\t\t\t\t\t\t\t\t\t\t\t<img fetchpriority=\"high\" decoding=\"async\" width=\"800\" height=\"430\" src=\"https:\/\/pms.phwien.ac.at\/wp-content\/uploads\/2025\/06\/Prep-centre-logo_CMYK-1024x550.jpg\" class=\"attachment-large size-large wp-image-3336\" alt=\"\" srcset=\"https:\/\/pms.phwien.ac.at\/wp-content\/uploads\/2025\/06\/Prep-centre-logo_CMYK-1024x550.jpg 1024w, https:\/\/pms.phwien.ac.at\/wp-content\/uploads\/2025\/06\/Prep-centre-logo_CMYK-300x161.jpg 300w, https:\/\/pms.phwien.ac.at\/wp-content\/uploads\/2025\/06\/Prep-centre-logo_CMYK-768x412.jpg 768w, https:\/\/pms.phwien.ac.at\/wp-content\/uploads\/2025\/06\/Prep-centre-logo_CMYK-1536x824.jpg 1536w, https:\/\/pms.phwien.ac.at\/wp-content\/uploads\/2025\/06\/Prep-centre-logo_CMYK.jpg 1787w\" sizes=\"(max-width: 800px) 100vw, 800px\" \/>\t\t\t\t\t\t\t\t\t\t\t\t\t\t\t<\/div>\n\t\t\t\t<\/div>\n\t\t\t\t\t<\/div>\n\t\t\t\t<\/div>\n\t\t\t\t<\/div>\n\t\t","protected":false},"excerpt":{"rendered":"<p>Cambridge Certificate An der PMS gibt es seit vielen Jahren die M\u00f6glichkeit f\u00fcr Sch\u00fcler*innen der 8. Schulstufe das Cambridge Certificate zu erwerben. Ziel ist es, unseren Sch\u00fcler*innen einen niederschwelligen Zugang zu einem internationalen Zertifikat zu erm\u00f6glichen. Die Sch\u00fcler*innen melden sich zur Unverbindlichen \u00dcbung Englisch intensiv an, in der sie von Englisch-Lehrkr\u00e4ften der PMS auf die [&hellip;]<\/p>\n","protected":false},"author":3,"featured_media":0,"parent":0,"menu_order":0,"comment_status":"closed","ping_status":"closed","template":"","meta":{"_acf_changed":false,"footnotes":""},"jahrgang":[],"class_list":["post-3323","page","type-page","status-publish","hentry"],"acf":[],"_links":{"self":[{"href":"https:\/\/pms.phwien.ac.at\/index.php\/wp-json\/wp\/v2\/pages\/3323","targetHints":{"allow":["GET"]}}],"collection":[{"href":"https:\/\/pms.phwien.ac.at\/index.php\/wp-json\/wp\/v2\/pages"}],"about":[{"href":"https:\/\/pms.phwien.ac.at\/index.php\/wp-json\/wp\/v2\/types\/page"}],"author":[{"embeddable":true,"href":"https:\/\/pms.phwien.ac.at\/index.php\/wp-json\/wp\/v2\/users\/3"}],"replies":[{"embeddable":true,"href":"https:\/\/pms.phwien.ac.at\/index.php\/wp-json\/wp\/v2\/comments?post=3323"}],"version-history":[{"count":13,"href":"https:\/\/pms.phwien.ac.at\/index.php\/wp-json\/wp\/v2\/pages\/3323\/revisions"}],"predecessor-version":[{"id":3339,"href":"https:\/\/pms.phwien.ac.at\/index.php\/wp-json\/wp\/v2\/pages\/3323\/revisions\/3339"}],"wp:attachment":[{"href":"https:\/\/pms.phwien.ac.at\/index.php\/wp-json\/wp\/v2\/media?parent=3323"}],"wp:term":[{"taxonomy":"jahrgang","embeddable":true,"href":"https:\/\/pms.phwien.ac.at\/index.php\/wp-json\/wp\/v2\/jahrgang?post=3323"}],"curies":[{"name":"wp","href":"https:\/\/api.w.org\/{rel}","templated":true}]}}