{"id":4028,"date":"2026-01-19T21:21:36","date_gmt":"2026-01-19T21:21:36","guid":{"rendered":"https:\/\/pms.phwien.ac.at\/?page_id=4028"},"modified":"2026-02-03T18:50:20","modified_gmt":"2026-02-03T18:50:20","slug":"mint-einreichung","status":"publish","type":"page","link":"https:\/\/pms.phwien.ac.at\/index.php\/mint-einreichung\/","title":{"rendered":"MINT-Einreichung"},"content":{"rendered":"\t\t<div data-elementor-type=\"wp-page\" data-elementor-id=\"4028\" class=\"elementor elementor-4028\" data-elementor-post-type=\"page\">\n\t\t\t\t<div class=\"has_eae_slider elementor-element elementor-element-c4a6cf5 e-flex e-con-boxed e-con e-parent\" data-eae-slider=\"73431\" data-id=\"c4a6cf5\" data-element_type=\"container\" data-e-type=\"container\">\n\t\t\t\t\t<div class=\"e-con-inner\">\n\t\t\t\t<div class=\"elementor-element elementor-element-1f1c1a5 elementor-widget elementor-widget-heading\" data-id=\"1f1c1a5\" data-element_type=\"widget\" data-e-type=\"widget\" data-widget_type=\"heading.default\">\n\t\t\t\t<div class=\"elementor-widget-container\">\n\t\t\t\t\t<h2 class=\"elementor-heading-title elementor-size-default\">MINT - Einreihung<\/h2>\t\t\t\t<\/div>\n\t\t\t\t<\/div>\n\t\t\t\t<div class=\"elementor-element elementor-element-ce1eac6 elementor-widget-divider--view-line elementor-widget elementor-widget-divider\" data-id=\"ce1eac6\" data-element_type=\"widget\" data-e-type=\"widget\" data-widget_type=\"divider.default\">\n\t\t\t\t<div class=\"elementor-widget-container\">\n\t\t\t\t\t\t\t<div class=\"elementor-divider\">\n\t\t\t<span class=\"elementor-divider-separator\">\n\t\t\t\t\t\t<\/span>\n\t\t<\/div>\n\t\t\t\t\t\t<\/div>\n\t\t\t\t<\/div>\n\t\t\t\t<div class=\"elementor-element elementor-element-e761b8d elementor-widget-divider--view-line elementor-widget elementor-widget-divider\" data-id=\"e761b8d\" data-element_type=\"widget\" data-e-type=\"widget\" data-widget_type=\"divider.default\">\n\t\t\t\t<div class=\"elementor-widget-container\">\n\t\t\t\t\t\t\t<div class=\"elementor-divider\">\n\t\t\t<span class=\"elementor-divider-separator\">\n\t\t\t\t\t\t<\/span>\n\t\t<\/div>\n\t\t\t\t\t\t<\/div>\n\t\t\t\t<\/div>\n\t\t\t\t<div class=\"elementor-element elementor-element-e783c72 elementor-widget elementor-widget-text-editor\" data-id=\"e783c72\" data-element_type=\"widget\" data-e-type=\"widget\" data-widget_type=\"text-editor.default\">\n\t\t\t\t<div class=\"elementor-widget-container\">\n\t\t\t\t\t\t\t\t\t<p><strong>Auf dieser Seite finden Sie sechs Projekte aus den letzten drei Schuljahren, die im Rahmen des schulischen Schwerpunkts MINT eingereicht wurden.<\/strong><\/p><p><strong>Dar\u00fcber hinaus setzen wir im MINT-Bereich zahlreiche weitere Projekte\/Aktivit\u00e4ten um, die auf den anderen Reitern unserer Homepage dargestellt sind. <br \/>An dieser Stelle sind jedoch ausschlie\u00dflich jene Projekte angef\u00fchrt, die eingereicht wurden!<\/strong><\/p><p><strong>Weitere Informationen und Einblicke in unsere MINT-Aktivit\u00e4ten finden Sie unter folgenden Links:<\/strong><br \/><strong>a)<\/strong> <a href=\"https:\/\/pms.phwien.ac.at\/index.php\/mint\/\">https:\/\/pms.phwien.ac.at\/index.php\/mint\/<\/a><br \/><strong>b)<\/strong> <a href=\"https:\/\/pms.phwien.ac.at\/index.php\/mint-2\/\">https:\/\/pms.phwien.ac.at\/index.php\/mint-2\/<\/a><\/p>\t\t\t\t\t\t\t\t<\/div>\n\t\t\t\t<\/div>\n\t\t\t\t<div class=\"elementor-element elementor-element-b689952 elementor-widget-divider--view-line elementor-widget elementor-widget-divider\" data-id=\"b689952\" data-element_type=\"widget\" data-e-type=\"widget\" data-widget_type=\"divider.default\">\n\t\t\t\t<div class=\"elementor-widget-container\">\n\t\t\t\t\t\t\t<div class=\"elementor-divider\">\n\t\t\t<span class=\"elementor-divider-separator\">\n\t\t\t\t\t\t<\/span>\n\t\t<\/div>\n\t\t\t\t\t\t<\/div>\n\t\t\t\t<\/div>\n\t\t\t\t<div class=\"elementor-element elementor-element-328b5f3 elementor-widget elementor-widget-heading\" data-id=\"328b5f3\" data-element_type=\"widget\" data-e-type=\"widget\" data-widget_type=\"heading.default\">\n\t\t\t\t<div class=\"elementor-widget-container\">\n\t\t\t\t\t<h2 class=\"elementor-heading-title elementor-size-default\">1. Projekt - Mission X<\/h2>\t\t\t\t<\/div>\n\t\t\t\t<\/div>\n\t\t\t\t<div class=\"elementor-element elementor-element-0363a9a elementor-widget elementor-widget-text-editor\" data-id=\"0363a9a\" data-element_type=\"widget\" data-e-type=\"widget\" data-widget_type=\"text-editor.default\">\n\t\t\t\t<div class=\"elementor-widget-container\">\n\t\t\t\t\t\t\t\t\t<div class=\"x_elementToProof\" data-olk-copy-source=\"MessageBody\">Mission X \u2013 Train Like an Astronaut ist ein internationaler Schulklassen-Wettbewerb, der seit 2011 von der NASA und der ESA entwickelt und weltweit in zahlreichen L\u00e4ndern durchgef\u00fchrt wird. Ziel des Projekts ist es, Sch\u00fcler*innen spielerisch f\u00fcr MINT-Themen zu begeistern und gleichzeitig Bewegung, sportliche Aktivit\u00e4t sowie die Bedeutung einer gesunden Ern\u00e4hrung im Alltag zu vermitteln.<\/div><div class=\"x_elementToProof\">In \u00d6sterreich wird Mission X vom ESERO Austria B\u00fcro im Ars Electronica Center Linz koordiniert. Die sogenannten \u201eMissionen\u201c zeigen den Kindern, wie Astronautinnen und Astronauten trainieren, und verbinden naturwissenschaftliche Inhalte mit praktischen Bewegungs\u00fcbungen.<\/div><div class=\"x_elementToProof\">Unsere Schule hat Mission X mit einer Klasse erfolgreich umgesetzt. Die Sch\u00fcler*innen arbeiteten insbesondere an Aufgaben der Sekundarstufe, sammelten dabei Punkte f\u00fcr \u00d6sterreich und setzten sich intensiv mit Themen aus den Bereichen Weltraumforschung, Physik, Biologie, Bewegung und Sport und Ern\u00e4hrung und Gesundheit auseinander. Durch die Verbindung von Theorie und Praxis wurde sowohl das naturwissenschaftliche Verst\u00e4ndnis als auch die Motivation der Lernenden nachhaltig gest\u00e4rkt.<\/div><div class=\"x_elementToProof\">Ein besonderer H\u00f6hepunkt des Projekts war die Teilnahme am Abschlussevent im Ars Electronica Center Linz. Dort hatten die Sch\u00fcler*innen die Gelegenheit, die \u00f6sterreichische Reserveastronautin\u00a0<b>Carmen Possnig<\/b>\u00a0pers\u00f6nlich kennenzulernen, die unserer Klasse feierlich die Teilnahmeurkunde \u00fcberreichte. Dieses Erlebnis stellte einen starken Motivationsfaktor dar und erm\u00f6glichte einen direkten Bezug zwischen schulischem Lernen und realen MINT-Berufsfeldern.<\/div><div class=\"x_elementToProof\">Mission X leistet einen wertvollen Beitrag zur MINT-Bildung, f\u00f6rdert Teamgeist, Eigenverantwortung und Begeisterung f\u00fcr Wissenschaft und Technik und stellt damit eine nachhaltige Bereicherung f\u00fcr den Unterricht dar.<\/div><div>\u00a0<\/div><div>F\u00fcr Fotos und mehr klicken Sie den Link: <a href=\"https:\/\/pms.phwien.ac.at\/index.php\/mint\/mission-x-sj-22-23\/\">https:\/\/pms.phwien.ac.at\/index.php\/mint\/mission-x-sj-22-23\/<\/a><\/div>\t\t\t\t\t\t\t\t<\/div>\n\t\t\t\t<\/div>\n\t\t\t\t<div class=\"elementor-element elementor-element-2d70420 elementor-widget-divider--view-line elementor-widget elementor-widget-divider\" data-id=\"2d70420\" data-element_type=\"widget\" data-e-type=\"widget\" data-widget_type=\"divider.default\">\n\t\t\t\t<div class=\"elementor-widget-container\">\n\t\t\t\t\t\t\t<div class=\"elementor-divider\">\n\t\t\t<span class=\"elementor-divider-separator\">\n\t\t\t\t\t\t<\/span>\n\t\t<\/div>\n\t\t\t\t\t\t<\/div>\n\t\t\t\t<\/div>\n\t\t\t\t\t<\/div>\n\t\t\t\t<\/div>\n\t\t<div class=\"has_eae_slider elementor-element elementor-element-c498b69 e-flex e-con-boxed e-con e-parent\" data-eae-slider=\"39086\" data-id=\"c498b69\" data-element_type=\"container\" data-e-type=\"container\">\n\t\t\t\t\t<div class=\"e-con-inner\">\n\t\t\t\t<div class=\"elementor-element elementor-element-0d852db elementor-widget elementor-widget-heading\" data-id=\"0d852db\" data-element_type=\"widget\" data-e-type=\"widget\" data-widget_type=\"heading.default\">\n\t\t\t\t<div class=\"elementor-widget-container\">\n\t\t\t\t\t<h2 class=\"elementor-heading-title elementor-size-default\">2. Projekt - Geothermie<\/h2>\t\t\t\t<\/div>\n\t\t\t\t<\/div>\n\t\t\t\t<div class=\"elementor-element elementor-element-f200fe8 elementor-widget elementor-widget-text-editor\" data-id=\"f200fe8\" data-element_type=\"widget\" data-e-type=\"widget\" data-widget_type=\"text-editor.default\">\n\t\t\t\t<div class=\"elementor-widget-container\">\n\t\t\t\t\t\t\t\t\t<div class=\"x_elementToProof\" data-olk-copy-source=\"MessageBody\"><div>Erdw\u00e4rme \u2013 die nat\u00fcrliche W\u00e4rme aus dem Inneren unseres Planeten \u2013 bietet eine umweltfreundliche und nachhaltige M\u00f6glichkeit, Geb\u00e4ude zu heizen. Sie z\u00e4hlt zu den erneuerbaren Energiequellen und verursacht keinerlei sch\u00e4dliche Emissionen. Damit leistet sie einen wertvollen Beitrag zum Klimaschutz.<\/div><div>Die Klasse 2B der PMS Ettenreichgasse tauchte im Rahmen eines Projekts tief in die Welt der erneuerbaren Energien ein. Mit viel Kreativit\u00e4t und technischem Verst\u00e4ndnis bauten die Sch\u00fclerinnen und Sch\u00fcler ein detailliertes Hausmodell, in dem der komplette W\u00e4rmekreislauf \u00fcber mehrere Stockwerke hinweg sichtbar wird. Auch die technischen Komponenten wie W\u00e4rmepumpen, W\u00e4rmetauscher und ein Heizungs-Pufferspeicher wurden realit\u00e4tsnah nachgebildet. Die Vorteile der Erdw\u00e4rmenutzung brachten die Kinder gut sichtbar an den Hausfl\u00fcgeln an \u2013 ein echter Hingucker!<\/div><div>Durch die praktische Arbeit konnten die Kinder ihr Wissen \u00fcber moderne Haustechnik spielerisch erweitern und zeigten w\u00e4hrend des gesamten Projekts beeindruckendes Engagement und Neugier.<br \/><br \/><\/div><div>Mit diesem Modell nahm die Klasse 2B am Innovationsgipfel 2025 von Cape 10 teil \u2013 und wurde mit dem <b>2. Platz<\/b>\u00a0ausgezeichnet. Die Freude \u00fcber das Preisgeld von\u00a0<b>500 Euro<\/b>\u00a0war nat\u00fcrlich gro\u00df!<\/div><\/div><div>\u00a0<\/div><div>F\u00fcr Fotos und mehr klicken Sie den Link: <a href=\"https:\/\/pms.phwien.ac.at\/index.php\/aktivitaeten\/2b-projektbeschreibung-geothermie\/\">https:\/\/pms.phwien.ac.at\/index.php\/aktivitaeten\/2b-projektbeschreibung-geothermie\/<\/a><\/div>\t\t\t\t\t\t\t\t<\/div>\n\t\t\t\t<\/div>\n\t\t\t\t<div class=\"elementor-element elementor-element-bb7fc02 elementor-widget-divider--view-line elementor-widget elementor-widget-divider\" data-id=\"bb7fc02\" data-element_type=\"widget\" data-e-type=\"widget\" data-widget_type=\"divider.default\">\n\t\t\t\t<div class=\"elementor-widget-container\">\n\t\t\t\t\t\t\t<div class=\"elementor-divider\">\n\t\t\t<span class=\"elementor-divider-separator\">\n\t\t\t\t\t\t<\/span>\n\t\t<\/div>\n\t\t\t\t\t\t<\/div>\n\t\t\t\t<\/div>\n\t\t\t\t<div class=\"elementor-element elementor-element-d1918bc elementor-widget elementor-widget-heading\" data-id=\"d1918bc\" data-element_type=\"widget\" data-e-type=\"widget\" data-widget_type=\"heading.default\">\n\t\t\t\t<div class=\"elementor-widget-container\">\n\t\t\t\t\t<h2 class=\"elementor-heading-title elementor-size-default\">3. Projekt - Recycling Preisverleihung<\/h2>\t\t\t\t<\/div>\n\t\t\t\t<\/div>\n\t\t\t\t<div class=\"elementor-element elementor-element-64d6ed8 elementor-widget elementor-widget-text-editor\" data-id=\"64d6ed8\" data-element_type=\"widget\" data-e-type=\"widget\" data-widget_type=\"text-editor.default\">\n\t\t\t\t<div class=\"elementor-widget-container\">\n\t\t\t\t\t\t\t\t\t<p dir=\"ltr\"><span data-olk-copy-source=\"MessageBody\">Die Idee zu diesem Projekt entstand durch ein Online-Video, das zeigte, wie man aus Kunststoffverschl\u00fcssen von Plastikflaschen einfache Schneidbretter herstellen kann. Daraufhin begannen wir, Plastikst\u00f6psel zu sammeln. Diese bestehen aus Polypropylen, einem Material, das sich besonders gut eignet, da es nahezu schadstofffrei, sehr widerstandsf\u00e4hig gegen Chemikalien und gleichzeitig thermoplastisch ist. Dadurch l\u00e4sst es sich relativ leicht schmelzen und neu verformen.<\/span><\/p><p dir=\"ltr\">Die Kunststoffverschl\u00fcsse wurden sowohl in der Schule als auch zu Hause gesammelt. Dabei wurde auch das Bewusstsein f\u00fcr M\u00fclltrennung gest\u00e4rkt, da das Ziel des Projekts ist, einen Beitrag dazu zu leisten, dass weniger Kunststoff \u2013 insbesondere Mikroplastik \u2013 in die Umwelt und Nahrungskette gelangt. In Zukunft soll das Projekt auch auf weitere Klassen ausgeweitet werden.<\/p><p dir=\"ltr\">Nach dem Sammeln wurden die Kunststoffverschl\u00fcsse zerkleinert und in einer alten Pfanne geschmolzen. Der Pfannenboden wurde zuvor eingefettet, damit nichts anklebt. Nach etwa 25 Minuten entstand eine z\u00e4hfl\u00fcssige Masse, die zus\u00e4tzlich von oben mit einem Hei\u00dfluftf\u00f6hn erhitzt wurde, um das Material gleichm\u00e4\u00dfig verarbeiten zu k\u00f6nnen.<\/p><p>F\u00fcr die weitere Verarbeitung wurde aus Holzleisten ein einfacher Rahmen gebaut. Boden und W\u00e4nde des Rahmens sowie die verwendeten Werkzeuge wurden mit Silikonspray bespr\u00fcht und eingefettet, damit sich das Material sp\u00e4ter leichter aus der Form l\u00f6sen l\u00e4sst. Die erhitzte Kunststoffmasse wurde anschlie\u00dfend in den Rahmen gepresst. Bei Bedarf wurde erneut mit dem Hei\u00dfluftf\u00f6hn nachgeholfen. Danach wurde eine Abdeckung aufgelegt und mit Zwingen gleichm\u00e4\u00dfig auf die Masse gedr\u00fcckt, um eine stabile Rohform zu erhalten.<\/p><p>Nachdem die Form vollst\u00e4ndig abgek\u00fchlt war, konnte das Schneidbrett weiterbearbeitet werden. Dabei wurden beispielsweise L\u00f6cher gebohrt oder kleine Unebenheiten mit einem F\u00f6hn ausgeglichen. Zum Abschluss wurde das fertige Schneidbrett im Alltag getestet. Dabei zeigte sich, dass es stabil ist und sich gut f\u00fcr den vorgesehenen Zweck eignet.<\/p><p>F\u00fcr Fotos und mehr klicken Sie die beiden Links:<\/p><p>a) <a href=\"https:\/\/pms.phwien.ac.at\/index.php\/aktivitaeten\/we-recycle-lets-make-something-useful-again\/\">https:\/\/pms.phwien.ac.at\/index.php\/aktivitaeten\/we-recycle-lets-make-something-useful-again\/<\/a><\/p><p>b) Preisverleihung: <a href=\"https:\/\/pms.phwien.ac.at\/index.php\/mint\/mint-projekt-3-platz\/\">https:\/\/pms.phwien.ac.at\/index.php\/mint\/mint-projekt-3-platz\/<\/a><\/p>\t\t\t\t\t\t\t\t<\/div>\n\t\t\t\t<\/div>\n\t\t\t\t<div class=\"elementor-element elementor-element-61452de elementor-widget-divider--view-line elementor-widget elementor-widget-divider\" data-id=\"61452de\" data-element_type=\"widget\" data-e-type=\"widget\" data-widget_type=\"divider.default\">\n\t\t\t\t<div class=\"elementor-widget-container\">\n\t\t\t\t\t\t\t<div class=\"elementor-divider\">\n\t\t\t<span class=\"elementor-divider-separator\">\n\t\t\t\t\t\t<\/span>\n\t\t<\/div>\n\t\t\t\t\t\t<\/div>\n\t\t\t\t<\/div>\n\t\t\t\t<div class=\"elementor-element elementor-element-f3a0e0e elementor-widget elementor-widget-heading\" data-id=\"f3a0e0e\" data-element_type=\"widget\" data-e-type=\"widget\" data-widget_type=\"heading.default\">\n\t\t\t\t<div class=\"elementor-widget-container\">\n\t\t\t\t\t<h2 class=\"elementor-heading-title elementor-size-default\">4. Projekt - Wie machen wir Papier stark ?<\/h2>\t\t\t\t<\/div>\n\t\t\t\t<\/div>\n\t\t\t\t<div class=\"elementor-element elementor-element-364a7f2 elementor-widget elementor-widget-text-editor\" data-id=\"364a7f2\" data-element_type=\"widget\" data-e-type=\"widget\" data-widget_type=\"text-editor.default\">\n\t\t\t\t<div class=\"elementor-widget-container\">\n\t\t\t\t\t\t\t\t\t<p>Aus Papierprofilen bauten wir einen Kugelbahnturm.<\/p><p>Der kreative Einsatz war Br\u00fccken bauen. Br\u00fccken schaffen Verbindungen und \u00fcberwinden Hindernisse. Unsere Br\u00fccken haben das Gewicht eines Ziegelsteines aushalten m\u00fcssen. 24 Sch\u00fcler*innen bauten in Gruppenarbeit mehrere Br\u00fccken, die zu einem Turm verklebt wurden. Profile waren wichtig, weil sie die Br\u00fccken stabiler machen. Die Tragf\u00e4higkeit wurde durch die Profilgebung um ein Vielfaches erh\u00f6ht.<\/p><p>Unser Br\u00fcckenturm wurde immer h\u00f6her und da der Spa\u00df nicht zu kurz kommen darf, wurde draus ein Kugelbahnturm. Die Kugelbahnen wurden aus 3D Profile gefertigt. Wir lie\u00dfen die Kugel rollen und waren auf unser Kunstwerk sehr stolz.<\/p><p>Dazu kommt das wir mit diesem Projekt bei einem Publikumsvoting den <strong>ersten Platz<\/strong> erreicht haben.<\/p><p>F\u00fcr Fotos und mehr klicken Sie den Link:\u00a0 <a href=\"https:\/\/pms.phwien.ac.at\/index.php\/aktivitaeten\/papier-macht-schule\/\">https:\/\/pms.phwien.ac.at\/index.php\/aktivitaeten\/papier-macht-schule\/<\/a><\/p>\t\t\t\t\t\t\t\t<\/div>\n\t\t\t\t<\/div>\n\t\t\t\t<div class=\"elementor-element elementor-element-9c2fe74 elementor-widget-divider--view-line elementor-widget elementor-widget-divider\" data-id=\"9c2fe74\" data-element_type=\"widget\" data-e-type=\"widget\" data-widget_type=\"divider.default\">\n\t\t\t\t<div class=\"elementor-widget-container\">\n\t\t\t\t\t\t\t<div class=\"elementor-divider\">\n\t\t\t<span class=\"elementor-divider-separator\">\n\t\t\t\t\t\t<\/span>\n\t\t<\/div>\n\t\t\t\t\t\t<\/div>\n\t\t\t\t<\/div>\n\t\t\t\t<div class=\"elementor-element elementor-element-1133d2c elementor-widget elementor-widget-heading\" data-id=\"1133d2c\" data-element_type=\"widget\" data-e-type=\"widget\" data-widget_type=\"heading.default\">\n\t\t\t\t<div class=\"elementor-widget-container\">\n\t\t\t\t\t<h2 class=\"elementor-heading-title elementor-size-default\">5. Projekt -  Leonardo da Vinci Br\u00fccke<\/h2>\t\t\t\t<\/div>\n\t\t\t\t<\/div>\n\t\t\t\t<div class=\"elementor-element elementor-element-9b83227 elementor-widget elementor-widget-text-editor\" data-id=\"9b83227\" data-element_type=\"widget\" data-e-type=\"widget\" data-widget_type=\"text-editor.default\">\n\t\t\t\t<div class=\"elementor-widget-container\">\n\t\t\t\t\t\t\t\t\t<div class=\"x_elementToProof\" data-olk-copy-source=\"MessageBody\"><p dir=\"ltr\"><span data-olk-copy-source=\"MessageBody\">Beim Bau einer Leonardo-da-Vinci-Br\u00fccke lernen die Sch\u00fclerinnen und Sch\u00fcler grundlegende Prinzipien der Statik und Reibung kennen. Die besondere Konstruktion kommt ohne N\u00e4gel, Schrauben oder Leim aus und bleibt dennoch stabil. Dadurch wird anschaulich vermittelt, wie physikalische Kr\u00e4fte in der Praxis wirken. Gleichzeitig f\u00f6rdert das Projekt logisches Denken, r\u00e4umliches Vorstellungsverm\u00f6gen und Teamarbeit, da die Holzelemente pr\u00e4zise und gemeinschaftlich zusammengesetzt werden m\u00fcssen.<\/span><\/p><p>Zentrale statische Prinzipien werden dabei unmittelbar erfahrbar. Die Stabilit\u00e4t der Br\u00fccke beruht auf dem Reibungsschluss: Alle Bauteile halten ausschlie\u00dflich durch die Haftreibung zwischen den H\u00f6lzern zusammen, die ein Verrutschen unter Belastung verhindert. Zus\u00e4tzlich spielen Druckkr\u00e4fte eine entscheidende Rolle. Jedes aufgebrachte Gewicht erh\u00f6ht den Anpressdruck der \u00fcberlappenden St\u00e4be, wodurch vertikale Lasten in stabilisierende Normalkr\u00e4fte umgewandelt werden. Je gr\u00f6\u00dfer die Belastung, desto fester wird die gesamte Struktur. Zudem st\u00fctzen sich die einzelnen St\u00e4be gegenseitig ab, indem sie sich geschickt verkanten und sowohl am Boden als auch an benachbarten Elementen Halt finden.<\/p><p>Der gesamte Bauprozess wurde durch Fotos und Videos dokumentiert und begleitete das Projekt anschaulich.<\/p><\/div><div>\u00a0<\/div><div><p>F\u00fcr Fotos und mehr klicken Sie die beiden Links:<\/p><\/div><div>a) <a href=\"https:\/\/pms.phwien.ac.at\/index.php\/aktivitaeten\/4a-mint-eine-bruecke-wie-leonardo-da-vinci-bauen\/\">https:\/\/pms.phwien.ac.at\/index.php\/aktivitaeten\/4a-mint-eine-bruecke-wie-leonardo-da-vinci-bauen\/<\/a><\/div><div>\u00a0<\/div><div>b) Video:\u00a0 <a href=\"https:\/\/www.youtube.com\/watch?v=jpwcReXfWWE\">https:\/\/www.youtube.com\/watch?v=jpwcReXfWWE<\/a><\/div>\t\t\t\t\t\t\t\t<\/div>\n\t\t\t\t<\/div>\n\t\t\t\t<div class=\"elementor-element elementor-element-4545be7 elementor-widget-divider--view-line elementor-widget elementor-widget-divider\" data-id=\"4545be7\" data-element_type=\"widget\" data-e-type=\"widget\" data-widget_type=\"divider.default\">\n\t\t\t\t<div class=\"elementor-widget-container\">\n\t\t\t\t\t\t\t<div class=\"elementor-divider\">\n\t\t\t<span class=\"elementor-divider-separator\">\n\t\t\t\t\t\t<\/span>\n\t\t<\/div>\n\t\t\t\t\t\t<\/div>\n\t\t\t\t<\/div>\n\t\t\t\t<div class=\"elementor-element elementor-element-ba85367 elementor-widget elementor-widget-heading\" data-id=\"ba85367\" data-element_type=\"widget\" data-e-type=\"widget\" data-widget_type=\"heading.default\">\n\t\t\t\t<div class=\"elementor-widget-container\">\n\t\t\t\t\t<h2 class=\"elementor-heading-title elementor-size-default\">6. Projekt - Cultural Collisions<\/h2>\t\t\t\t<\/div>\n\t\t\t\t<\/div>\n\t\t\t\t<div class=\"elementor-element elementor-element-122adb4 elementor-widget elementor-widget-text-editor\" data-id=\"122adb4\" data-element_type=\"widget\" data-e-type=\"widget\" data-widget_type=\"text-editor.default\">\n\t\t\t\t<div class=\"elementor-widget-container\">\n\t\t\t\t\t\t\t\t\t<p><span data-olk-copy-source=\"MessageBody\">Wie erleben wir Mobilit\u00e4t in unserem unmittelbaren Lebensraum? Wie pr\u00e4gt Verkehr unsere Wahrnehmung von Stadt, Umwelt und Gesundheit?<\/span><\/p><p>Diese Fragen stehen im Zentrum des Projekts \u201eMobilit\u00e4t und mein Lebensraum in der Stadt\u201c, das im Rahmen von MINT \u2013 Cultural Collisions umgesetzt wird.<\/p><p>Ausgehend von ihrer individuellen Perspektive setzen sich die Lernenden mit dem Begriff Mobilit\u00e4t auseinander. Sie erforschen, wie Bewegung von Menschen und Dingen \u2013 insbesondere durch Verkehr \u2013 ihren Alltag beeinflusst und wie Mobilit\u00e4t zur Nutzung und Gestaltung des eigenen Lebensraums beitr\u00e4gt. Mobilit\u00e4t wird dabei nicht abstrakt, sondern direkt erlebbar gemacht: gesehen, geh\u00f6rt, benannt und reflektiert.<\/p><p><span style=\"text-decoration: underline;\">Lernaktivit\u00e4t und Ablauf<\/span><br \/>Zu Beginn werden im Plenum unterschiedliche Eindr\u00fccke, Erfahrungen und Sichtweisen der Lernenden zu den Themen Mobilit\u00e4t, Umweltschutz und Gesundheit gesammelt. Um ein erstes r\u00e4umliches Verst\u00e4ndnis zu entwickeln, erstellen die Lernenden anschlie\u00dfend eine vereinfachte Karte ihrer Schule und der n\u00e4heren Umgebung.<\/p><p>In diesem Schritt setzen sie sich bewusst mit den sie umgebenden Verkehrswegen auseinander und kennzeichnen diese auf ihren Karten (z. B. Gehsteige, Radwege, Stra\u00dfen, mehrspurige Verkehrsfl\u00e4chen). Erg\u00e4nzend werden verschiedene Verkehrsteilnehmer:innen identifiziert und gemeinsam reflektiert.<\/p><p>Darauf aufbauend unternehmen die Lernenden einen Geh\u00f6rspaziergang rund um die Schule. In Kleingruppen verweilen sie an ausgew\u00e4hlten Orten, schlie\u00dfen bewusst die Augen und konzentrieren sich auf Ger\u00e4usche, Bewegungen und wahrnehmbare Verkehrssituationen. Die gesammelten Eindr\u00fccke werden dokumentiert und auf den Karten festgehalten.<\/p><p>Diese direkte Auseinandersetzung st\u00e4rkt das Bewusstsein f\u00fcr Mobilit\u00e4t als pr\u00e4genden Bestandteil des eigenen Lebensraums und bildet die Grundlage f\u00fcr die k\u00fcnstlerische Umsetzung.<\/p><p>F\u00fcr Fotos und mehr klicken Sie den Link:\u00a0 <a href=\"https:\/\/pms.phwien.ac.at\/index.php\/mint\/cultural-collisions-die-zukunft-gestalten\/\">https:\/\/pms.phwien.ac.at\/index.php\/mint\/cultural-collisions-die-zukunft-gestalten\/<\/a><\/p>\t\t\t\t\t\t\t\t<\/div>\n\t\t\t\t<\/div>\n\t\t\t\t<div class=\"elementor-element elementor-element-ac203c9 elementor-widget-divider--view-line elementor-widget elementor-widget-divider\" data-id=\"ac203c9\" data-element_type=\"widget\" data-e-type=\"widget\" data-widget_type=\"divider.default\">\n\t\t\t\t<div class=\"elementor-widget-container\">\n\t\t\t\t\t\t\t<div class=\"elementor-divider\">\n\t\t\t<span class=\"elementor-divider-separator\">\n\t\t\t\t\t\t<\/span>\n\t\t<\/div>\n\t\t\t\t\t\t<\/div>\n\t\t\t\t<\/div>\n\t\t\t\t\t<\/div>\n\t\t\t\t<\/div>\n\t\t\t\t<\/div>\n\t\t","protected":false},"excerpt":{"rendered":"<p>MINT &#8211; Einreihung Auf dieser Seite finden Sie sechs Projekte aus den letzten drei Schuljahren, die im Rahmen des schulischen Schwerpunkts MINT eingereicht wurden. Dar\u00fcber hinaus setzen wir im MINT-Bereich zahlreiche weitere Projekte\/Aktivit\u00e4ten um, die auf den anderen Reitern unserer Homepage dargestellt sind. An dieser Stelle sind jedoch ausschlie\u00dflich jene Projekte angef\u00fchrt, die eingereicht wurden! [&hellip;]<\/p>\n","protected":false},"author":3,"featured_media":0,"parent":0,"menu_order":0,"comment_status":"closed","ping_status":"closed","template":"","meta":{"_acf_changed":false,"footnotes":""},"jahrgang":[],"class_list":["post-4028","page","type-page","status-publish","hentry"],"acf":[],"_links":{"self":[{"href":"https:\/\/pms.phwien.ac.at\/index.php\/wp-json\/wp\/v2\/pages\/4028","targetHints":{"allow":["GET"]}}],"collection":[{"href":"https:\/\/pms.phwien.ac.at\/index.php\/wp-json\/wp\/v2\/pages"}],"about":[{"href":"https:\/\/pms.phwien.ac.at\/index.php\/wp-json\/wp\/v2\/types\/page"}],"author":[{"embeddable":true,"href":"https:\/\/pms.phwien.ac.at\/index.php\/wp-json\/wp\/v2\/users\/3"}],"replies":[{"embeddable":true,"href":"https:\/\/pms.phwien.ac.at\/index.php\/wp-json\/wp\/v2\/comments?post=4028"}],"version-history":[{"count":67,"href":"https:\/\/pms.phwien.ac.at\/index.php\/wp-json\/wp\/v2\/pages\/4028\/revisions"}],"predecessor-version":[{"id":4174,"href":"https:\/\/pms.phwien.ac.at\/index.php\/wp-json\/wp\/v2\/pages\/4028\/revisions\/4174"}],"wp:attachment":[{"href":"https:\/\/pms.phwien.ac.at\/index.php\/wp-json\/wp\/v2\/media?parent=4028"}],"wp:term":[{"taxonomy":"jahrgang","embeddable":true,"href":"https:\/\/pms.phwien.ac.at\/index.php\/wp-json\/wp\/v2\/jahrgang?post=4028"}],"curies":[{"name":"wp","href":"https:\/\/api.w.org\/{rel}","templated":true}]}}