{"id":4111,"date":"2026-01-27T08:10:39","date_gmt":"2026-01-27T08:10:39","guid":{"rendered":"https:\/\/pms.phwien.ac.at\/?page_id=4111"},"modified":"2026-01-27T08:39:56","modified_gmt":"2026-01-27T08:39:56","slug":"werte-2","status":"publish","type":"page","link":"https:\/\/pms.phwien.ac.at\/index.php\/werte-2\/","title":{"rendered":"Werte"},"content":{"rendered":"\t\t<div data-elementor-type=\"wp-page\" data-elementor-id=\"4111\" class=\"elementor elementor-4111\" data-elementor-post-type=\"page\">\n\t\t\t\t<div class=\"has_eae_slider elementor-element elementor-element-aaacd5a e-flex e-con-boxed e-con e-parent\" data-eae-slider=\"26967\" data-id=\"aaacd5a\" data-element_type=\"container\" data-e-type=\"container\">\n\t\t\t\t\t<div class=\"e-con-inner\">\n\t\t\t\t<div class=\"elementor-element elementor-element-2af5afe elementor-widget elementor-widget-heading\" data-id=\"2af5afe\" data-element_type=\"widget\" data-e-type=\"widget\" data-widget_type=\"heading.default\">\n\t\t\t\t<div class=\"elementor-widget-container\">\n\t\t\t\t\t<h2 class=\"elementor-heading-title elementor-size-default\">Werte<\/h2>\t\t\t\t<\/div>\n\t\t\t\t<\/div>\n\t\t\t\t<div class=\"elementor-element elementor-element-dc76db0 elementor-widget-divider--view-line elementor-widget elementor-widget-divider\" data-id=\"dc76db0\" data-element_type=\"widget\" data-e-type=\"widget\" data-widget_type=\"divider.default\">\n\t\t\t\t<div class=\"elementor-widget-container\">\n\t\t\t\t\t\t\t<div class=\"elementor-divider\">\n\t\t\t<span class=\"elementor-divider-separator\">\n\t\t\t\t\t\t<\/span>\n\t\t<\/div>\n\t\t\t\t\t\t<\/div>\n\t\t\t\t<\/div>\n\t\t\t\t<div class=\"elementor-element elementor-element-bb98758 elementor-widget-divider--view-line elementor-widget elementor-widget-divider\" data-id=\"bb98758\" data-element_type=\"widget\" data-e-type=\"widget\" data-widget_type=\"divider.default\">\n\t\t\t\t<div class=\"elementor-widget-container\">\n\t\t\t\t\t\t\t<div class=\"elementor-divider\">\n\t\t\t<span class=\"elementor-divider-separator\">\n\t\t\t\t\t\t<\/span>\n\t\t<\/div>\n\t\t\t\t\t\t<\/div>\n\t\t\t\t<\/div>\n\t\t\t\t\t<\/div>\n\t\t\t\t<\/div>\n\t\t<div class=\"has_eae_slider elementor-element elementor-element-c8b8a2a e-flex e-con-boxed e-con e-parent\" data-eae-slider=\"32182\" data-id=\"c8b8a2a\" data-element_type=\"container\" data-e-type=\"container\">\n\t\t\t\t\t<div class=\"e-con-inner\">\n\t\t\t\t<div class=\"elementor-element elementor-element-d3b4156 elementor-widget elementor-widget-text-editor\" data-id=\"d3b4156\" data-element_type=\"widget\" data-e-type=\"widget\" data-widget_type=\"text-editor.default\">\n\t\t\t\t<div class=\"elementor-widget-container\">\n\t\t\t\t\t\t\t\t\t<p>Im Rahmen unseres p\u00e4dagogischen Konzepts hat unsere Schule Werte formuliert. <br \/>F\u00fcr weitere Informationen klicken Sie bitte auf die entsprechenden Unterreiter (Unsere Schule -&gt; Werte -&gt; &#8230;).<\/p><p><br \/>Oder klicken Sie hier den gew\u00fcnschten Link:<\/p><p>a) Werte f\u00fcr das Lehrpersonal: <a href=\"https:\/\/pms.phwien.ac.at\/index.php\/werte-fuer-das-lehrpersonal\/\">https:\/\/pms.phwien.ac.at\/index.php\/werte-fuer-das-lehrpersonal\/<\/a><\/p><p>b) Werte f\u00fcr die Sch\u00fclerinnen und Sch\u00fcler:\u00a0<a href=\"https:\/\/pms.phwien.ac.at\/index.php\/werte-fuer-die-schuelerinnen-und-schueler\/\">https:\/\/pms.phwien.ac.at\/index.php\/werte-fuer-die-schuelerinnen-und-schueler\/<\/a><\/p><p>c) Werte f\u00fcr die Eltern und Erziehungsberechtigten:\u00a0<a href=\"https:\/\/pms.phwien.ac.at\/index.php\/werte-fuer-die-eltern-und-erziehungsberechtigten\/\">https:\/\/pms.phwien.ac.at\/index.php\/werte-fuer-die-eltern-und-erziehungsberechtigten\/<\/a><\/p>\t\t\t\t\t\t\t\t<\/div>\n\t\t\t\t<\/div>\n\t\t\t\t<div class=\"elementor-element elementor-element-b006248 elementor-widget-divider--view-line elementor-widget elementor-widget-divider\" data-id=\"b006248\" data-element_type=\"widget\" data-e-type=\"widget\" data-widget_type=\"divider.default\">\n\t\t\t\t<div class=\"elementor-widget-container\">\n\t\t\t\t\t\t\t<div class=\"elementor-divider\">\n\t\t\t<span class=\"elementor-divider-separator\">\n\t\t\t\t\t\t<\/span>\n\t\t<\/div>\n\t\t\t\t\t\t<\/div>\n\t\t\t\t<\/div>\n\t\t\t\t\t<\/div>\n\t\t\t\t<\/div>\n\t\t\t\t<\/div>\n\t\t","protected":false},"excerpt":{"rendered":"<p>Werte Im Rahmen unseres p\u00e4dagogischen Konzepts hat unsere Schule Werte formuliert. F\u00fcr weitere Informationen klicken Sie bitte auf die entsprechenden Unterreiter (Unsere Schule -&gt; Werte -&gt; &#8230;). Oder klicken Sie hier den gew\u00fcnschten Link: a) Werte f\u00fcr das Lehrpersonal: https:\/\/pms.phwien.ac.at\/index.php\/werte-fuer-das-lehrpersonal\/ b) Werte f\u00fcr die Sch\u00fclerinnen und Sch\u00fcler:\u00a0https:\/\/pms.phwien.ac.at\/index.php\/werte-fuer-die-schuelerinnen-und-schueler\/ c) Werte f\u00fcr die Eltern und Erziehungsberechtigten:\u00a0https:\/\/pms.phwien.ac.at\/index.php\/werte-fuer-die-eltern-und-erziehungsberechtigten\/<\/p>\n","protected":false},"author":3,"featured_media":0,"parent":0,"menu_order":0,"comment_status":"closed","ping_status":"closed","template":"","meta":{"_acf_changed":false,"footnotes":""},"jahrgang":[],"class_list":["post-4111","page","type-page","status-publish","hentry"],"acf":[],"_links":{"self":[{"href":"https:\/\/pms.phwien.ac.at\/index.php\/wp-json\/wp\/v2\/pages\/4111","targetHints":{"allow":["GET"]}}],"collection":[{"href":"https:\/\/pms.phwien.ac.at\/index.php\/wp-json\/wp\/v2\/pages"}],"about":[{"href":"https:\/\/pms.phwien.ac.at\/index.php\/wp-json\/wp\/v2\/types\/page"}],"author":[{"embeddable":true,"href":"https:\/\/pms.phwien.ac.at\/index.php\/wp-json\/wp\/v2\/users\/3"}],"replies":[{"embeddable":true,"href":"https:\/\/pms.phwien.ac.at\/index.php\/wp-json\/wp\/v2\/comments?post=4111"}],"version-history":[{"count":13,"href":"https:\/\/pms.phwien.ac.at\/index.php\/wp-json\/wp\/v2\/pages\/4111\/revisions"}],"predecessor-version":[{"id":4150,"href":"https:\/\/pms.phwien.ac.at\/index.php\/wp-json\/wp\/v2\/pages\/4111\/revisions\/4150"}],"wp:attachment":[{"href":"https:\/\/pms.phwien.ac.at\/index.php\/wp-json\/wp\/v2\/media?parent=4111"}],"wp:term":[{"taxonomy":"jahrgang","embeddable":true,"href":"https:\/\/pms.phwien.ac.at\/index.php\/wp-json\/wp\/v2\/jahrgang?post=4111"}],"curies":[{"name":"wp","href":"https:\/\/api.w.org\/{rel}","templated":true}]}}