{"id":4112,"date":"2026-01-27T08:10:39","date_gmt":"2026-01-27T08:10:39","guid":{"rendered":"https:\/\/pms.phwien.ac.at\/?page_id=4112"},"modified":"2026-02-03T19:24:16","modified_gmt":"2026-02-03T19:24:16","slug":"werte-fuer-das-lehrpersonal","status":"publish","type":"page","link":"https:\/\/pms.phwien.ac.at\/index.php\/werte-fuer-das-lehrpersonal\/","title":{"rendered":"Werte f\u00fcr das Lehrpersonal"},"content":{"rendered":"\t\t<div data-elementor-type=\"wp-page\" data-elementor-id=\"4112\" class=\"elementor elementor-4112\" data-elementor-post-type=\"page\">\n\t\t\t\t<div class=\"has_eae_slider elementor-element elementor-element-6b79650 e-flex e-con-boxed e-con e-parent\" data-eae-slider=\"76701\" data-id=\"6b79650\" data-element_type=\"container\" data-e-type=\"container\">\n\t\t\t\t\t<div class=\"e-con-inner\">\n\t\t\t\t<div class=\"elementor-element elementor-element-5796180 elementor-widget elementor-widget-heading\" data-id=\"5796180\" data-element_type=\"widget\" data-e-type=\"widget\" data-widget_type=\"heading.default\">\n\t\t\t\t<div class=\"elementor-widget-container\">\n\t\t\t\t\t<h2 class=\"elementor-heading-title elementor-size-default\">Werte f\u00fcr die P\u00e4dagoginnen und P\u00e4dagogen<\/h2>\t\t\t\t<\/div>\n\t\t\t\t<\/div>\n\t\t\t\t<div class=\"elementor-element elementor-element-11fb48b elementor-widget-divider--view-line elementor-widget elementor-widget-divider\" data-id=\"11fb48b\" data-element_type=\"widget\" data-e-type=\"widget\" data-widget_type=\"divider.default\">\n\t\t\t\t<div class=\"elementor-widget-container\">\n\t\t\t\t\t\t\t<div class=\"elementor-divider\">\n\t\t\t<span class=\"elementor-divider-separator\">\n\t\t\t\t\t\t<\/span>\n\t\t<\/div>\n\t\t\t\t\t\t<\/div>\n\t\t\t\t<\/div>\n\t\t\t\t<div class=\"elementor-element elementor-element-42c27b7 elementor-widget elementor-widget-text-editor\" data-id=\"42c27b7\" data-element_type=\"widget\" data-e-type=\"widget\" data-widget_type=\"text-editor.default\">\n\t\t\t\t<div class=\"elementor-widget-container\">\n\t\t\t\t\t\t\t\t\t<p>Wir, P\u00e4dagoginnen und P\u00e4dagogen, sind <strong>wertsch\u00e4tzend<\/strong>, weil wir<\/p><p>&#8230; einander zuh\u00f6ren.<br \/>&#8230; auf eine wohlwollende Sprache achten.<br \/>&#8230; unser Schulleben friedlich gestalten.<br \/>&#8230; uns f\u00fcr eine positive Fehlerkultur einsetzen und aus unseren Fehlern lernen.<br \/>&#8230; uns in Gespr\u00e4chen Zeit f\u00fcreinander nehmen.<\/p><p><br \/><br \/>Wir, P\u00e4dagoginnen und P\u00e4dagogen, sind <strong>toleran<\/strong>t, weil wir<\/p><p>&#8230; allen verantwortungs- und w\u00fcrdevoll, unabh\u00e4ngig ihres Alters, ihres Geschlechts, ihrer Herkunft, ihrer Sprache, ihrer Religion, ihres sozio\u00f6konomischen Hintergrundes und ihrer Begabungen begegnen.<br \/>&#8230; Argumenten und Meinungen anderer gegen\u00fcber offen sind.<br \/>&#8230; verantwortungsbewusst mit Mehrsprachigkeit umgehen.<br \/>&#8230; eigene Bed\u00fcrfnisse wahrnehmen und sie auf angemessene Art und Weise artikulieren.<br \/>&#8230; Bed\u00fcrfnisse anderer wahrnehmen.<\/p><p><br \/><br \/>Wir, P\u00e4dagoginnen und P\u00e4dagogen, leben<strong> Teamgeist<\/strong>, weil wir<\/p><p>&#8230; uns an unsere Vereinbarungen und Termine halten.<br \/>&#8230; unsere St\u00e4rken sch\u00e4tzen und unsere Schw\u00e4chen akzeptieren.<br \/>&#8230; uns ausreichend Zeit nehmen als Team zu wachsen.<br \/>&#8230; ziel- und l\u00f6sungsorientiert arbeiten.<br \/>&#8230; unsere verschiedenen Rollen wahrnehmen.<br \/>&#8230; einen Beitrag f\u00fcr das Zusammenleben in unserer Schulgemeinschaft leisten.<br \/>&#8230; aufeinander achten.<br \/>&#8230; \u00fcber die Konsequenzen unseres Handelns und Nichthandelns nachdenken.<\/p><p><br \/><br \/>Wir, P\u00e4dagoginnen und P\u00e4dagogen, sind <strong>professionell<\/strong>, weil wir<\/p><p>&#8230; p\u00fcnktlich sind.<br \/>&#8230; auf unsere Sprache, die Wortwahl und den Umgangston unabh\u00e4ngig unserer pers\u00f6nlichen Befindlichkeiten achten.<br \/>&#8230; uns an Vorgaben und Regeln halten.<br \/>&#8230; unser Handeln und unsere Absichten transparent, ehrlich, zeitnah und nachvollziehbar kommunizieren und reflektieren.<br \/>&#8230; einander zuh\u00f6ren, gemeinsam diskutieren und uns konstruktives Feedback geben.<br \/>&#8230; in der Zusammenarbeit mit allen andere Perspektiven einnehmen.<br \/>&#8230; uns stetig weiterbilden.<br \/>&#8230; an schulinternen Prozessen aktiv teilnehmen.<br \/>&#8230; vorbereitet in den Unterricht gehen.<br \/>&#8230; Verantwortung \u00fcbernehmen.<\/p><p><br \/><br \/>Wir, P\u00e4dagoginnen und P\u00e4dagogen, arbeiten<strong> transparent<\/strong>, weil wir<\/p><p>&#8230; aktualisierte Informationen, Formulare, Listen, Termine, \u2026 zeitnah f\u00fcr unsere Schulgemeinschaft analog oder digital bereitstellen.<br \/>&#8230; eine klar definierte Aufgabenverteilung bzw. unsere Verantwortungsbereiche kennen.<br \/>&#8230; unsere Anforderungen, Ziele, Erwartungen, Ergebnisse, etc. offenlegen.<br \/>&#8230; uns aktiv im Rahmen von Teamsitzungen, Konferenzen, Gespr\u00e4chsrunden, Elternsprechtagen, KEL-Gespr\u00e4chen, Schulfesten, etc. austauschen.<br \/>&#8230; unsere relevanten Schulvereinbarungen \u00f6ffentlich aufzeigen.<br \/>&#8230; Beschl\u00fcsse, Konsequenzen, Ma\u00dfnahmen, etc. die zuvor vereinbart und somit von allen getragen werden, setzen.<\/p>\t\t\t\t\t\t\t\t<\/div>\n\t\t\t\t<\/div>\n\t\t\t\t<div class=\"elementor-element elementor-element-1b7d94a elementor-widget-divider--view-line elementor-widget elementor-widget-divider\" data-id=\"1b7d94a\" data-element_type=\"widget\" data-e-type=\"widget\" data-widget_type=\"divider.default\">\n\t\t\t\t<div class=\"elementor-widget-container\">\n\t\t\t\t\t\t\t<div class=\"elementor-divider\">\n\t\t\t<span class=\"elementor-divider-separator\">\n\t\t\t\t\t\t<\/span>\n\t\t<\/div>\n\t\t\t\t\t\t<\/div>\n\t\t\t\t<\/div>\n\t\t\t\t<div class=\"elementor-element elementor-element-4010177 elementor-widget-divider--view-line elementor-widget elementor-widget-divider\" data-id=\"4010177\" data-element_type=\"widget\" data-e-type=\"widget\" data-widget_type=\"divider.default\">\n\t\t\t\t<div class=\"elementor-widget-container\">\n\t\t\t\t\t\t\t<div class=\"elementor-divider\">\n\t\t\t<span class=\"elementor-divider-separator\">\n\t\t\t\t\t\t<\/span>\n\t\t<\/div>\n\t\t\t\t\t\t<\/div>\n\t\t\t\t<\/div>\n\t\t\t\t\t<\/div>\n\t\t\t\t<\/div>\n\t\t\t\t<\/div>\n\t\t","protected":false},"excerpt":{"rendered":"<p>Werte f\u00fcr die P\u00e4dagoginnen und P\u00e4dagogen Wir, P\u00e4dagoginnen und P\u00e4dagogen, sind wertsch\u00e4tzend, weil wir &#8230; einander zuh\u00f6ren.&#8230; auf eine wohlwollende Sprache achten.&#8230; unser Schulleben friedlich gestalten.&#8230; uns f\u00fcr eine positive Fehlerkultur einsetzen und aus unseren Fehlern lernen.&#8230; uns in Gespr\u00e4chen Zeit f\u00fcreinander nehmen. Wir, P\u00e4dagoginnen und P\u00e4dagogen, sind tolerant, weil wir &#8230; allen verantwortungs- und [&hellip;]<\/p>\n","protected":false},"author":3,"featured_media":0,"parent":0,"menu_order":0,"comment_status":"closed","ping_status":"closed","template":"","meta":{"_acf_changed":false,"footnotes":""},"jahrgang":[],"class_list":["post-4112","page","type-page","status-publish","hentry"],"acf":[],"_links":{"self":[{"href":"https:\/\/pms.phwien.ac.at\/index.php\/wp-json\/wp\/v2\/pages\/4112","targetHints":{"allow":["GET"]}}],"collection":[{"href":"https:\/\/pms.phwien.ac.at\/index.php\/wp-json\/wp\/v2\/pages"}],"about":[{"href":"https:\/\/pms.phwien.ac.at\/index.php\/wp-json\/wp\/v2\/types\/page"}],"author":[{"embeddable":true,"href":"https:\/\/pms.phwien.ac.at\/index.php\/wp-json\/wp\/v2\/users\/3"}],"replies":[{"embeddable":true,"href":"https:\/\/pms.phwien.ac.at\/index.php\/wp-json\/wp\/v2\/comments?post=4112"}],"version-history":[{"count":13,"href":"https:\/\/pms.phwien.ac.at\/index.php\/wp-json\/wp\/v2\/pages\/4112\/revisions"}],"predecessor-version":[{"id":4187,"href":"https:\/\/pms.phwien.ac.at\/index.php\/wp-json\/wp\/v2\/pages\/4112\/revisions\/4187"}],"wp:attachment":[{"href":"https:\/\/pms.phwien.ac.at\/index.php\/wp-json\/wp\/v2\/media?parent=4112"}],"wp:term":[{"taxonomy":"jahrgang","embeddable":true,"href":"https:\/\/pms.phwien.ac.at\/index.php\/wp-json\/wp\/v2\/jahrgang?post=4112"}],"curies":[{"name":"wp","href":"https:\/\/api.w.org\/{rel}","templated":true}]}}