{"id":4113,"date":"2026-01-27T08:10:39","date_gmt":"2026-01-27T08:10:39","guid":{"rendered":"https:\/\/pms.phwien.ac.at\/?page_id=4113"},"modified":"2026-02-03T19:29:22","modified_gmt":"2026-02-03T19:29:22","slug":"werte-fuer-die-schuelerinnen-und-schueler","status":"publish","type":"page","link":"https:\/\/pms.phwien.ac.at\/index.php\/werte-fuer-die-schuelerinnen-und-schueler\/","title":{"rendered":"Werte f\u00fcr die Sch\u00fclerinnen und Sch\u00fcler"},"content":{"rendered":"\t\t<div data-elementor-type=\"wp-page\" data-elementor-id=\"4113\" class=\"elementor elementor-4113\" data-elementor-post-type=\"page\">\n\t\t\t\t<div class=\"has_eae_slider elementor-element elementor-element-3c33ef4 e-flex e-con-boxed e-con e-parent\" data-eae-slider=\"97013\" data-id=\"3c33ef4\" data-element_type=\"container\" data-e-type=\"container\">\n\t\t\t\t\t<div class=\"e-con-inner\">\n\t\t\t\t<div class=\"elementor-element elementor-element-2042b34 elementor-widget elementor-widget-heading\" data-id=\"2042b34\" data-element_type=\"widget\" data-e-type=\"widget\" data-widget_type=\"heading.default\">\n\t\t\t\t<div class=\"elementor-widget-container\">\n\t\t\t\t\t<h2 class=\"elementor-heading-title elementor-size-default\">Werte f\u00fcr die Sch\u00fcler*innen und Sch\u00fcler<\/h2>\t\t\t\t<\/div>\n\t\t\t\t<\/div>\n\t\t\t\t<div class=\"elementor-element elementor-element-cbc7412 elementor-widget-divider--view-line elementor-widget elementor-widget-divider\" data-id=\"cbc7412\" data-element_type=\"widget\" data-e-type=\"widget\" data-widget_type=\"divider.default\">\n\t\t\t\t<div class=\"elementor-widget-container\">\n\t\t\t\t\t\t\t<div class=\"elementor-divider\">\n\t\t\t<span class=\"elementor-divider-separator\">\n\t\t\t\t\t\t<\/span>\n\t\t<\/div>\n\t\t\t\t\t\t<\/div>\n\t\t\t\t<\/div>\n\t\t\t\t<div class=\"elementor-element elementor-element-4d6f194 elementor-widget elementor-widget-text-editor\" data-id=\"4d6f194\" data-element_type=\"widget\" data-e-type=\"widget\" data-widget_type=\"text-editor.default\">\n\t\t\t\t<div class=\"elementor-widget-container\">\n\t\t\t\t\t\t\t\t\t<p>Wir, Sch\u00fclerinnen und Sch\u00fcler, sind <strong>wertsch\u00e4tzend<\/strong>, weil wir<\/p><p>&#8230; einander zuh\u00f6ren.<br \/>&#8230; auf eine wohlwollende Sprache achten.<br \/>&#8230; unser Schulleben friedlich gestalten.<br \/>&#8230; uns f\u00fcr eine positive Fehlerkultur einsetzen und aus unseren Fehlern lernen.<br \/>&#8230; uns in Gespr\u00e4chen Zeit f\u00fcreinander nehmen.<br \/><br \/><br \/><br \/>Wir, Sch\u00fclerinnen und Sch\u00fcler, sind <strong>toleran<\/strong>t, weil wir<\/p><p>&#8230; allen verantwortungs- und w\u00fcrdevoll, unabh\u00e4ngig ihres Alters, ihres Geschlechts, ihrer Herkunft, ihrer Sprache, ihrer Religion, ihres sozio\u00f6konomischen Hintergrundes und ihrer Begabungen begegnen.<br \/>&#8230; Argumenten und Meinungen anderer gegen\u00fcber offen sind.<br \/>&#8230; verantwortungsbewusst mit Mehrsprachigkeit umgehen.<br \/>&#8230; eigene Bed\u00fcrfnisse wahrnehmen und artikulieren sie auf angemessene Art und Weise.<br \/>&#8230; Bed\u00fcrfnisse anderer wahrnehmen.<br \/><br \/><br \/><br \/>Wir, Sch\u00fclerinnen und Sch\u00fcler, leben<strong> Teamgeist<\/strong>, weil wir<br \/>&#8230; uns an unsere Vereinbarungen und Termine halten.<br \/>&#8230; unsere St\u00e4rken und akzeptieren unsere Schw\u00e4chen sch\u00e4tzen.<br \/>&#8230; uns ausreichend Zeit als Team zu wachsen nehmen.<br \/>&#8230; ziel- und l\u00f6sungsorientiert arbeiten.<br \/>&#8230; unsere verschiedenen Rollen wahrnehmen.<br \/>&#8230; einen Beitrag f\u00fcr das Zusammenleben in unserer Schulgemeinschaft leisten.<br \/>&#8230; aufeinander achten.<br \/>&#8230; \u00fcber die Konsequenzen unseres Handelns und Nichthandelns nachdenken.<br \/><br \/><br \/><br \/>Wir, Sch\u00fclerinnen und Sch\u00fcler, sind <strong>professionell<\/strong>, weil wir<\/p><p>&#8230; p\u00fcnktlich sind.<br \/>&#8230; auf unsere Sprache, die Wortwahl und den Umgangston unabh\u00e4ngig unserer pers\u00f6nlichen Befindlichkeiten achten.<br \/>&#8230; uns an Vorgaben und Regeln halten.<br \/>&#8230; einander zuh\u00f6ren, gemeinsam diskutieren und uns konstruktives Feedback geben.<br \/>&#8230; vorbereitet in den Unterricht gehen.<br \/>&#8230; Verantwortung \u00fcbernehmen.<br \/><br \/><br \/><br \/>Wir, Sch\u00fclerinnen und Sch\u00fcler, arbeiten<strong> transparent<\/strong>, weil wir<\/p><p>&#8230; aktualisierte Informationen, Formulare, Listen, Termine, etc. zeitnah f\u00fcr unsere Schulgemeinschaft analog oder digital bereitstellen.<br \/>&#8230; eine klar definierte Aufgabenverteilung bzw. unsere Verantwortungsbereiche kennen.<br \/>&#8230; unsere Anforderungen, Ziele, Erwartungen, Ergebnisse, etc. offenlegen.<br \/>&#8230; unsere relevanten Schulvereinbarungen \u00f6ffentlich aufzeigen.<br \/>&#8230; Beschl\u00fcsse, Konsequenzen, Ma\u00dfnahmen, etc. die zuvor vereinbart und somit von allen getragen werden, setzen.<\/p>\t\t\t\t\t\t\t\t<\/div>\n\t\t\t\t<\/div>\n\t\t\t\t<div class=\"elementor-element elementor-element-bc10e97 elementor-widget-divider--view-line elementor-widget elementor-widget-divider\" data-id=\"bc10e97\" data-element_type=\"widget\" data-e-type=\"widget\" data-widget_type=\"divider.default\">\n\t\t\t\t<div class=\"elementor-widget-container\">\n\t\t\t\t\t\t\t<div class=\"elementor-divider\">\n\t\t\t<span class=\"elementor-divider-separator\">\n\t\t\t\t\t\t<\/span>\n\t\t<\/div>\n\t\t\t\t\t\t<\/div>\n\t\t\t\t<\/div>\n\t\t\t\t<div class=\"elementor-element elementor-element-b4f72f4 elementor-widget-divider--view-line elementor-widget elementor-widget-divider\" data-id=\"b4f72f4\" data-element_type=\"widget\" data-e-type=\"widget\" data-widget_type=\"divider.default\">\n\t\t\t\t<div class=\"elementor-widget-container\">\n\t\t\t\t\t\t\t<div class=\"elementor-divider\">\n\t\t\t<span class=\"elementor-divider-separator\">\n\t\t\t\t\t\t<\/span>\n\t\t<\/div>\n\t\t\t\t\t\t<\/div>\n\t\t\t\t<\/div>\n\t\t\t\t\t<\/div>\n\t\t\t\t<\/div>\n\t\t\t\t<\/div>\n\t\t","protected":false},"excerpt":{"rendered":"<p>Werte f\u00fcr die Sch\u00fcler*innen und Sch\u00fcler Wir, Sch\u00fclerinnen und Sch\u00fcler, sind wertsch\u00e4tzend, weil wir &#8230; einander zuh\u00f6ren.&#8230; auf eine wohlwollende Sprache achten.&#8230; unser Schulleben friedlich gestalten.&#8230; uns f\u00fcr eine positive Fehlerkultur einsetzen und aus unseren Fehlern lernen.&#8230; uns in Gespr\u00e4chen Zeit f\u00fcreinander nehmen. Wir, Sch\u00fclerinnen und Sch\u00fcler, sind tolerant, weil wir &#8230; allen verantwortungs- und [&hellip;]<\/p>\n","protected":false},"author":3,"featured_media":0,"parent":0,"menu_order":0,"comment_status":"closed","ping_status":"closed","template":"","meta":{"_acf_changed":false,"footnotes":""},"jahrgang":[],"class_list":["post-4113","page","type-page","status-publish","hentry"],"acf":[],"_links":{"self":[{"href":"https:\/\/pms.phwien.ac.at\/index.php\/wp-json\/wp\/v2\/pages\/4113","targetHints":{"allow":["GET"]}}],"collection":[{"href":"https:\/\/pms.phwien.ac.at\/index.php\/wp-json\/wp\/v2\/pages"}],"about":[{"href":"https:\/\/pms.phwien.ac.at\/index.php\/wp-json\/wp\/v2\/types\/page"}],"author":[{"embeddable":true,"href":"https:\/\/pms.phwien.ac.at\/index.php\/wp-json\/wp\/v2\/users\/3"}],"replies":[{"embeddable":true,"href":"https:\/\/pms.phwien.ac.at\/index.php\/wp-json\/wp\/v2\/comments?post=4113"}],"version-history":[{"count":10,"href":"https:\/\/pms.phwien.ac.at\/index.php\/wp-json\/wp\/v2\/pages\/4113\/revisions"}],"predecessor-version":[{"id":4193,"href":"https:\/\/pms.phwien.ac.at\/index.php\/wp-json\/wp\/v2\/pages\/4113\/revisions\/4193"}],"wp:attachment":[{"href":"https:\/\/pms.phwien.ac.at\/index.php\/wp-json\/wp\/v2\/media?parent=4113"}],"wp:term":[{"taxonomy":"jahrgang","embeddable":true,"href":"https:\/\/pms.phwien.ac.at\/index.php\/wp-json\/wp\/v2\/jahrgang?post=4113"}],"curies":[{"name":"wp","href":"https:\/\/api.w.org\/{rel}","templated":true}]}}