{"id":4285,"date":"2026-02-23T12:25:34","date_gmt":"2026-02-23T12:25:34","guid":{"rendered":"https:\/\/pms.phwien.ac.at\/?page_id=4285"},"modified":"2026-02-23T12:37:31","modified_gmt":"2026-02-23T12:37:31","slug":"hannover-hildesheim","status":"publish","type":"page","link":"https:\/\/pms.phwien.ac.at\/index.php\/hannover-hildesheim\/","title":{"rendered":"Hannover &#038; Hildesheim"},"content":{"rendered":"\t\t<div data-elementor-type=\"wp-page\" data-elementor-id=\"4285\" class=\"elementor elementor-4285\" data-elementor-post-type=\"page\">\n\t\t\t\t<div class=\"has_eae_slider elementor-element elementor-element-643cd66 e-flex e-con-boxed e-con e-parent\" data-eae-slider=\"84888\" data-id=\"643cd66\" data-element_type=\"container\" data-e-type=\"container\">\n\t\t\t\t\t<div class=\"e-con-inner\">\n\t\t\t\t<div class=\"elementor-element elementor-element-451dae5 elementor-widget-divider--view-line elementor-widget elementor-widget-divider\" data-id=\"451dae5\" data-element_type=\"widget\" data-e-type=\"widget\" data-widget_type=\"divider.default\">\n\t\t\t\t<div class=\"elementor-widget-container\">\n\t\t\t\t\t\t\t<div class=\"elementor-divider\">\n\t\t\t<span class=\"elementor-divider-separator\">\n\t\t\t\t\t\t<\/span>\n\t\t<\/div>\n\t\t\t\t\t\t<\/div>\n\t\t\t\t<\/div>\n\t\t\t\t<div class=\"elementor-element elementor-element-bf7ce7a elementor-widget elementor-widget-heading\" data-id=\"bf7ce7a\" data-element_type=\"widget\" data-e-type=\"widget\" data-widget_type=\"heading.default\">\n\t\t\t\t<div class=\"elementor-widget-container\">\n\t\t\t\t\t<h2 class=\"elementor-heading-title elementor-size-default\">Hannover &amp; Hildesheim <\/h2>\t\t\t\t<\/div>\n\t\t\t\t<\/div>\n\t\t\t\t<div class=\"elementor-element elementor-element-0973a98 elementor-widget-divider--view-line elementor-widget elementor-widget-divider\" data-id=\"0973a98\" data-element_type=\"widget\" data-e-type=\"widget\" data-widget_type=\"divider.default\">\n\t\t\t\t<div class=\"elementor-widget-container\">\n\t\t\t\t\t\t\t<div class=\"elementor-divider\">\n\t\t\t<span class=\"elementor-divider-separator\">\n\t\t\t\t\t\t<\/span>\n\t\t<\/div>\n\t\t\t\t\t\t<\/div>\n\t\t\t\t<\/div>\n\t\t\t\t<div class=\"elementor-element elementor-element-ccc2747 elementor-widget elementor-widget-text-editor\" data-id=\"ccc2747\" data-element_type=\"widget\" data-e-type=\"widget\" data-widget_type=\"text-editor.default\">\n\t\t\t\t<div class=\"elementor-widget-container\">\n\t\t\t\t\t\t\t\t\t<p>Unmittelbar nach dem Schulschluss nahmen die Prof. Pucher-Baechle und Prof. Tankir im Auftrag unserer Schulleitung an einer dreit\u00e4gigen Dienstreise (30.06.\u201302.07.2025) nach Hannover und Hildesheim teil. Ziel war es, das reformp\u00e4dagogisch orientierte Lernformat <u>\u201eFreir\u00e4ume\u201c bzw. den FreiDay<\/u> kennenzulernen und m\u00f6gliche Ankn\u00fcpfungspunkte f\u00fcr unsere eigene Schulentwicklung zu pr\u00fcfen.<\/p><p><strong>Tag 1:<\/strong> Am Montag besuchten wir den <u>Freir\u00e4ume-Kongress in Hannover<\/u>. Dort erhielten wir eine Einf\u00fchrung in das Konzept: Sch\u00fclerinnen und Sch\u00fcler arbeiten in regelm\u00e4\u00dfigen Zeitfenstern eigenst\u00e4ndig an selbst gew\u00e4hlten Fragestellungen, h\u00e4ufig mit gesellschaftlichem oder \u00f6kologischem Bezug. Lehrpersonen \u00fcbernehmen dabei verst\u00e4rkt die Rolle von Lernbegleiterinnen und Lernbegleitern, die Prozesse strukturieren und beraten. In Vortr\u00e4gen und Workshops wurden Praxisbeispiele vorgestellt und Erfahrungen zwischen Schulen ausgetauscht.<\/p><p><strong>Tag 2:<\/strong> Am Dienstag besuchten wir die <u>Integrierte Gesamtschule Garbsen-Berenbostel,<\/u> eine Modellschule, die den FreiDay bereits im Schulalltag umsetzt. Wir konnten beobachten, wie Sch\u00fclerinnen und Sch\u00fcler in Gruppen an eigenen Projekten arbeiteten, recherchierten und Ergebnisse vorbereiteten. Die Lehrpersonen unterst\u00fctzten den Lernprozess vor allem beratend. Auff\u00e4llig waren die ruhige Arbeitsatmosph\u00e4re und die hohe Eigenst\u00e4ndigkeit der Lernenden.<\/p><p><strong>Tag 3:<\/strong> Am Mittwoch f\u00fchrte uns die Reise nach Hildesheim zum <u>Nieders\u00e4chsischen Landesinstitut f\u00fcr schulische Qualit\u00e4tsentwicklung (NLQ<\/u>). Dort erhielten wir Einblicke in Lehrerinnenfortbildung und Schulentwicklungsstrukturen, unter anderem in den Mentorinnen-Lehrgang GHR 300. Zudem wurde ein in Entwicklung befindliches KI-gest\u00fctztes Sprachbildungs-Tool vorgestellt, f\u00fcr das wir unsere Schule als m\u00f6gliche Testschule in Aussicht stellten. Weitere Themen waren digitale Fortbildungsangebote, schulische Vernetzung und kollegiale Hospitation.<\/p><p>Nach dem Programm nutzten wir den Nachmittag f\u00fcr einen kurzen Stadteindruck und besichtigten den <u>Hildesheimer Dom mit dem bekannten tausendj\u00e4hrigen Rosenstock sowie die Michaeliskirche (UNESCO-Welterbe).<\/u><\/p><p>Insgesamt erhielten wir wertvolle Impulse f\u00fcr projektorientiertes und eigenverantwortliches Lernen. Die gewonnenen Eindr\u00fccke werden wir im Kollegium weitergeben und uns \u00fcberlegen, in welcher Form einzelne Elemente wir an unserer Schule erproben und etablieren k\u00f6nnen.<\/p><p>.<\/p>\t\t\t\t\t\t\t\t<\/div>\n\t\t\t\t<\/div>\n\t\t\t\t\t<\/div>\n\t\t\t\t<\/div>\n\t\t<div class=\"has_eae_slider elementor-element elementor-element-6e73659 e-flex e-con-boxed e-con e-parent\" data-eae-slider=\"30485\" data-id=\"6e73659\" data-element_type=\"container\" data-e-type=\"container\">\n\t\t\t\t\t<div class=\"e-con-inner\">\n\t\t\t\t\t<\/div>\n\t\t\t\t<\/div>\n\t\t<div class=\"has_eae_slider elementor-element elementor-element-45c80a6 e-flex e-con-boxed e-con e-parent\" data-eae-slider=\"30509\" data-id=\"45c80a6\" data-element_type=\"container\" data-e-type=\"container\">\n\t\t\t\t\t<div class=\"e-con-inner\">\n\t\t\t\t<div class=\"elementor-element elementor-element-9205c7a dce_masking-none elementor-widget elementor-widget-image\" data-id=\"9205c7a\" data-element_type=\"widget\" data-e-type=\"widget\" data-widget_type=\"image.default\">\n\t\t\t\t<div class=\"elementor-widget-container\">\n\t\t\t\t\t\t\t\t\t\t\t\t\t\t\t<img fetchpriority=\"high\" decoding=\"async\" width=\"576\" height=\"1024\" src=\"https:\/\/pms.phwien.ac.at\/wp-content\/uploads\/2026\/02\/WhatsApp-Image-2026-02-13-at-16.04.10-576x1024.jpeg\" class=\"attachment-large size-large wp-image-4289\" alt=\"\" srcset=\"https:\/\/pms.phwien.ac.at\/wp-content\/uploads\/2026\/02\/WhatsApp-Image-2026-02-13-at-16.04.10-576x1024.jpeg 576w, https:\/\/pms.phwien.ac.at\/wp-content\/uploads\/2026\/02\/WhatsApp-Image-2026-02-13-at-16.04.10-169x300.jpeg 169w, https:\/\/pms.phwien.ac.at\/wp-content\/uploads\/2026\/02\/WhatsApp-Image-2026-02-13-at-16.04.10-768x1365.jpeg 768w, https:\/\/pms.phwien.ac.at\/wp-content\/uploads\/2026\/02\/WhatsApp-Image-2026-02-13-at-16.04.10-864x1536.jpeg 864w, https:\/\/pms.phwien.ac.at\/wp-content\/uploads\/2026\/02\/WhatsApp-Image-2026-02-13-at-16.04.10.jpeg 1057w\" sizes=\"(max-width: 576px) 100vw, 576px\" \/>\t\t\t\t\t\t\t\t\t\t\t\t\t\t\t<\/div>\n\t\t\t\t<\/div>\n\t\t\t\t<div class=\"elementor-element elementor-element-59c8d4f dce_masking-none elementor-widget elementor-widget-image\" data-id=\"59c8d4f\" data-element_type=\"widget\" data-e-type=\"widget\" data-widget_type=\"image.default\">\n\t\t\t\t<div class=\"elementor-widget-container\">\n\t\t\t\t\t\t\t\t\t\t\t\t\t\t\t<img decoding=\"async\" width=\"800\" height=\"600\" src=\"https:\/\/pms.phwien.ac.at\/wp-content\/uploads\/2026\/02\/WhatsApp-Image-2026-02-13-at-16.04.32-1024x768.jpeg\" class=\"attachment-large size-large wp-image-4290\" alt=\"\" srcset=\"https:\/\/pms.phwien.ac.at\/wp-content\/uploads\/2026\/02\/WhatsApp-Image-2026-02-13-at-16.04.32-1024x768.jpeg 1024w, https:\/\/pms.phwien.ac.at\/wp-content\/uploads\/2026\/02\/WhatsApp-Image-2026-02-13-at-16.04.32-300x225.jpeg 300w, https:\/\/pms.phwien.ac.at\/wp-content\/uploads\/2026\/02\/WhatsApp-Image-2026-02-13-at-16.04.32-768x576.jpeg 768w, https:\/\/pms.phwien.ac.at\/wp-content\/uploads\/2026\/02\/WhatsApp-Image-2026-02-13-at-16.04.32-1536x1152.jpeg 1536w, https:\/\/pms.phwien.ac.at\/wp-content\/uploads\/2026\/02\/WhatsApp-Image-2026-02-13-at-16.04.32.jpeg 1600w\" sizes=\"(max-width: 800px) 100vw, 800px\" \/>\t\t\t\t\t\t\t\t\t\t\t\t\t\t\t<\/div>\n\t\t\t\t<\/div>\n\t\t\t\t<div class=\"elementor-element elementor-element-88c55f9 dce_masking-none elementor-widget elementor-widget-image\" data-id=\"88c55f9\" data-element_type=\"widget\" data-e-type=\"widget\" data-widget_type=\"image.default\">\n\t\t\t\t<div class=\"elementor-widget-container\">\n\t\t\t\t\t\t\t\t\t\t\t\t\t\t\t<img decoding=\"async\" width=\"800\" height=\"600\" src=\"https:\/\/pms.phwien.ac.at\/wp-content\/uploads\/2026\/02\/WhatsApp-Image-2026-02-13-at-16.04.59-1024x768.jpeg\" class=\"attachment-large size-large wp-image-4291\" alt=\"\" srcset=\"https:\/\/pms.phwien.ac.at\/wp-content\/uploads\/2026\/02\/WhatsApp-Image-2026-02-13-at-16.04.59-1024x768.jpeg 1024w, https:\/\/pms.phwien.ac.at\/wp-content\/uploads\/2026\/02\/WhatsApp-Image-2026-02-13-at-16.04.59-300x225.jpeg 300w, https:\/\/pms.phwien.ac.at\/wp-content\/uploads\/2026\/02\/WhatsApp-Image-2026-02-13-at-16.04.59-768x576.jpeg 768w, https:\/\/pms.phwien.ac.at\/wp-content\/uploads\/2026\/02\/WhatsApp-Image-2026-02-13-at-16.04.59-1536x1152.jpeg 1536w, https:\/\/pms.phwien.ac.at\/wp-content\/uploads\/2026\/02\/WhatsApp-Image-2026-02-13-at-16.04.59.jpeg 2008w\" sizes=\"(max-width: 800px) 100vw, 800px\" \/>\t\t\t\t\t\t\t\t\t\t\t\t\t\t\t<\/div>\n\t\t\t\t<\/div>\n\t\t\t\t<div class=\"elementor-element elementor-element-14a3120 dce_masking-none elementor-widget elementor-widget-image\" data-id=\"14a3120\" data-element_type=\"widget\" data-e-type=\"widget\" data-widget_type=\"image.default\">\n\t\t\t\t<div class=\"elementor-widget-container\">\n\t\t\t\t\t\t\t\t\t\t\t\t\t\t\t<img loading=\"lazy\" decoding=\"async\" width=\"800\" height=\"1015\" src=\"https:\/\/pms.phwien.ac.at\/wp-content\/uploads\/2026\/02\/WhatsApp-Image-2026-02-13-at-16.11.36-807x1024.jpeg\" class=\"attachment-large size-large wp-image-4294\" alt=\"\" srcset=\"https:\/\/pms.phwien.ac.at\/wp-content\/uploads\/2026\/02\/WhatsApp-Image-2026-02-13-at-16.11.36-807x1024.jpeg 807w, https:\/\/pms.phwien.ac.at\/wp-content\/uploads\/2026\/02\/WhatsApp-Image-2026-02-13-at-16.11.36-236x300.jpeg 236w, https:\/\/pms.phwien.ac.at\/wp-content\/uploads\/2026\/02\/WhatsApp-Image-2026-02-13-at-16.11.36-768x974.jpeg 768w, https:\/\/pms.phwien.ac.at\/wp-content\/uploads\/2026\/02\/WhatsApp-Image-2026-02-13-at-16.11.36-1211x1536.jpeg 1211w, https:\/\/pms.phwien.ac.at\/wp-content\/uploads\/2026\/02\/WhatsApp-Image-2026-02-13-at-16.11.36.jpeg 1258w\" sizes=\"(max-width: 800px) 100vw, 800px\" \/>\t\t\t\t\t\t\t\t\t\t\t\t\t\t\t<\/div>\n\t\t\t\t<\/div>\n\t\t\t\t\t<\/div>\n\t\t\t\t<\/div>\n\t\t\t\t<\/div>\n\t\t","protected":false},"excerpt":{"rendered":"<p>Hannover &amp; Hildesheim Unmittelbar nach dem Schulschluss nahmen die Prof. Pucher-Baechle und Prof. Tankir im Auftrag unserer Schulleitung an einer dreit\u00e4gigen Dienstreise (30.06.\u201302.07.2025) nach Hannover und Hildesheim teil. Ziel war es, das reformp\u00e4dagogisch orientierte Lernformat \u201eFreir\u00e4ume\u201c bzw. den FreiDay kennenzulernen und m\u00f6gliche Ankn\u00fcpfungspunkte f\u00fcr unsere eigene Schulentwicklung zu pr\u00fcfen. Tag 1: Am Montag besuchten wir [&hellip;]<\/p>\n","protected":false},"author":3,"featured_media":0,"parent":0,"menu_order":0,"comment_status":"closed","ping_status":"closed","template":"","meta":{"_acf_changed":false,"footnotes":""},"jahrgang":[],"class_list":["post-4285","page","type-page","status-publish","hentry"],"acf":[],"_links":{"self":[{"href":"https:\/\/pms.phwien.ac.at\/index.php\/wp-json\/wp\/v2\/pages\/4285","targetHints":{"allow":["GET"]}}],"collection":[{"href":"https:\/\/pms.phwien.ac.at\/index.php\/wp-json\/wp\/v2\/pages"}],"about":[{"href":"https:\/\/pms.phwien.ac.at\/index.php\/wp-json\/wp\/v2\/types\/page"}],"author":[{"embeddable":true,"href":"https:\/\/pms.phwien.ac.at\/index.php\/wp-json\/wp\/v2\/users\/3"}],"replies":[{"embeddable":true,"href":"https:\/\/pms.phwien.ac.at\/index.php\/wp-json\/wp\/v2\/comments?post=4285"}],"version-history":[{"count":7,"href":"https:\/\/pms.phwien.ac.at\/index.php\/wp-json\/wp\/v2\/pages\/4285\/revisions"}],"predecessor-version":[{"id":4300,"href":"https:\/\/pms.phwien.ac.at\/index.php\/wp-json\/wp\/v2\/pages\/4285\/revisions\/4300"}],"wp:attachment":[{"href":"https:\/\/pms.phwien.ac.at\/index.php\/wp-json\/wp\/v2\/media?parent=4285"}],"wp:term":[{"taxonomy":"jahrgang","embeddable":true,"href":"https:\/\/pms.phwien.ac.at\/index.php\/wp-json\/wp\/v2\/jahrgang?post=4285"}],"curies":[{"name":"wp","href":"https:\/\/api.w.org\/{rel}","templated":true}]}}