{"id":7,"date":"2023-10-09T10:46:59","date_gmt":"2023-10-09T10:46:59","guid":{"rendered":"https:\/\/pms.phwien.ac.at\/?page_id=7"},"modified":"2026-05-01T22:13:33","modified_gmt":"2026-05-01T22:13:33","slug":"unsere-schule","status":"publish","type":"page","link":"https:\/\/pms.phwien.ac.at\/index.php\/unsere-schule\/","title":{"rendered":"Unsere Schule"},"content":{"rendered":"\t\t<div data-elementor-type=\"wp-post\" data-elementor-id=\"7\" class=\"elementor elementor-7\" data-elementor-post-type=\"page\">\n\t\t\t\t<div class=\"has_eae_slider elementor-element elementor-element-8fafed5 e-flex e-con-boxed e-con e-parent\" data-eae-slider=\"54341\" data-id=\"8fafed5\" data-element_type=\"container\" data-e-type=\"container\">\n\t\t\t\t\t<div class=\"e-con-inner\">\n\t\t\t\t<div class=\"elementor-element elementor-element-f9ba66e elementor-widget-divider--view-line elementor-widget elementor-widget-divider\" data-id=\"f9ba66e\" data-element_type=\"widget\" data-e-type=\"widget\" data-widget_type=\"divider.default\">\n\t\t\t\t<div class=\"elementor-widget-container\">\n\t\t\t\t\t\t\t<div class=\"elementor-divider\">\n\t\t\t<span class=\"elementor-divider-separator\">\n\t\t\t\t\t\t<\/span>\n\t\t<\/div>\n\t\t\t\t\t\t<\/div>\n\t\t\t\t<\/div>\n\t\t\t\t<div class=\"elementor-element elementor-element-40a6b4d elementor-widget elementor-widget-heading\" data-id=\"40a6b4d\" data-element_type=\"widget\" data-e-type=\"widget\" data-widget_type=\"heading.default\">\n\t\t\t\t<div class=\"elementor-widget-container\">\n\t\t\t\t\t<h1 class=\"elementor-heading-title elementor-size-default\">\u00dcberblick <\/h1>\t\t\t\t<\/div>\n\t\t\t\t<\/div>\n\t\t\t\t<div class=\"elementor-element elementor-element-ffbc0e2 elementor-widget-divider--view-line elementor-widget elementor-widget-divider\" data-id=\"ffbc0e2\" data-element_type=\"widget\" data-e-type=\"widget\" data-widget_type=\"divider.default\">\n\t\t\t\t<div class=\"elementor-widget-container\">\n\t\t\t\t\t\t\t<div class=\"elementor-divider\">\n\t\t\t<span class=\"elementor-divider-separator\">\n\t\t\t\t\t\t<\/span>\n\t\t<\/div>\n\t\t\t\t\t\t<\/div>\n\t\t\t\t<\/div>\n\t\t\t\t\t<\/div>\n\t\t\t\t<\/div>\n\t\t<div class=\"has_eae_slider elementor-element elementor-element-c1d7a8f e-flex e-con-boxed e-con e-parent\" data-eae-slider=\"3494\" data-id=\"c1d7a8f\" data-element_type=\"container\" data-e-type=\"container\">\n\t\t\t\t\t<div class=\"e-con-inner\">\n\t\t\t\t<div class=\"elementor-element elementor-element-aa11bf8 dce_masking-none elementor-widget elementor-widget-image\" data-id=\"aa11bf8\" data-element_type=\"widget\" data-e-type=\"widget\" data-widget_type=\"image.default\">\n\t\t\t\t<div class=\"elementor-widget-container\">\n\t\t\t\t\t\t\t\t\t\t\t\t\t\t\t<img fetchpriority=\"high\" decoding=\"async\" width=\"1406\" height=\"662\" src=\"https:\/\/pms.phwien.ac.at\/wp-content\/uploads\/2026\/05\/hochladen_aktuell.png\" class=\"attachment-full size-full wp-image-4645\" alt=\"\" srcset=\"https:\/\/pms.phwien.ac.at\/wp-content\/uploads\/2026\/05\/hochladen_aktuell.png 1406w, https:\/\/pms.phwien.ac.at\/wp-content\/uploads\/2026\/05\/hochladen_aktuell-300x141.png 300w, https:\/\/pms.phwien.ac.at\/wp-content\/uploads\/2026\/05\/hochladen_aktuell-1024x482.png 1024w, https:\/\/pms.phwien.ac.at\/wp-content\/uploads\/2026\/05\/hochladen_aktuell-768x362.png 768w\" sizes=\"(max-width: 1406px) 100vw, 1406px\" \/>\t\t\t\t\t\t\t\t\t\t\t\t\t\t\t<\/div>\n\t\t\t\t<\/div>\n\t\t\t\t\t<\/div>\n\t\t\t\t<\/div>\n\t\t<div class=\"has_eae_slider elementor-element elementor-element-b13f65e e-flex e-con-boxed e-con e-parent\" data-eae-slider=\"49004\" data-id=\"b13f65e\" data-element_type=\"container\" data-e-type=\"container\">\n\t\t\t\t\t<div class=\"e-con-inner\">\n\t\t\t\t<div class=\"elementor-element elementor-element-48e1756 elementor-widget elementor-widget-heading\" data-id=\"48e1756\" data-element_type=\"widget\" data-e-type=\"widget\" data-widget_type=\"heading.default\">\n\t\t\t\t<div class=\"elementor-widget-container\">\n\t\t\t\t\t<h1 class=\"elementor-heading-title elementor-size-default\">Unsere Schule<\/h1>\t\t\t\t<\/div>\n\t\t\t\t<\/div>\n\t\t\t\t<div class=\"elementor-element elementor-element-4522341 elementor-widget-divider--view-line elementor-widget elementor-widget-divider\" data-id=\"4522341\" data-element_type=\"widget\" data-e-type=\"widget\" data-widget_type=\"divider.default\">\n\t\t\t\t<div class=\"elementor-widget-container\">\n\t\t\t\t\t\t\t<div class=\"elementor-divider\">\n\t\t\t<span class=\"elementor-divider-separator\">\n\t\t\t\t\t\t<\/span>\n\t\t<\/div>\n\t\t\t\t\t\t<\/div>\n\t\t\t\t<\/div>\n\t\t\t\t<div class=\"elementor-element elementor-element-e6abd45 elementor-widget elementor-widget-text-editor\" data-id=\"e6abd45\" data-element_type=\"widget\" data-e-type=\"widget\" data-widget_type=\"text-editor.default\">\n\t\t\t\t<div class=\"elementor-widget-container\">\n\t\t\t\t\t\t\t\t\t<p>Als Teil der P\u00e4dagogischen Hochschule Wien sind wir eine Bundesschule, welche auf die individuellen St\u00e4rken und Bed\u00fcrfnisse unserer Sch\u00fclerinnen und Sch\u00fcler eingeht. Wir gew\u00e4hrleisten eine lehrplangem\u00e4\u00dfe Bildung und vermitteln fachliche, soziale sowie methodische Kompetenzen, die den aktuellen Bildungsstandards entsprechen. Unser Ziel ist es, alle Sch\u00fclerinnen und Sch\u00fcler optimal auf die Anforderungen einer modernen Gesellschaft vorzubereiten.<br \/>Mit unserer innovativen Lehr- und Lernkultur schaffen wir ein Umfeld, das gezielte F\u00f6rderung und differenzierte Bildungsangebote erm\u00f6glicht. Wir begleiten jedes Kind auf seinem Weg zum pers\u00f6nlichen Erfolg und legen Wert auf Chancengerechtigkeit und nachhaltige Bildung.<\/p><p>Unsere Schule umfasst <span style=\"text-decoration: underline;\">acht Klassen<\/span>, darunter <strong>vier<\/strong> <strong>MINT-Klassen <\/strong>und <strong>zwei inklusive Mehrstufenklassen.<\/strong><\/p><p><strong><br \/><\/strong><strong><span style=\"text-decoration: underline;\">Schulpraxis<\/span><\/strong><\/p><p>Unser kompetentes Team kombiniert fachliche und p\u00e4dagogische Expertisen mit einer fundierten Mentor*innenausbildung. Jede Lehrkraft betreut pro Semester f\u00fcnf bis zehn Lehramtsstudierende, die aktiv in den Schulalltag eingebunden werden. Dieser integrative Ansatz f\u00f6rdert eine kontinuierliche Weiterentwicklung unseres Unterrichts im Einklang mit aktuellen p\u00e4dagogischen Standards und bereichert zugleich die Praxisphasen der Studierenden. Nach dem Prinzip \u201elearning by reflective doing\u201c setzen sich die Studierenden intensiv mit unterschiedlichen Methoden und Ans\u00e4tzen des Unterrichtens auseinander, erproben diese praktisch und reflektieren ihre Erfahrungen.<\/p><p>Wir begleiten j\u00e4hrlich<strong> 500 bis 600 Lehramtstudierende<\/strong> w\u00e4hrend ihrer Praxisphase.<br \/><br \/><\/p>\t\t\t\t\t\t\t\t<\/div>\n\t\t\t\t<\/div>\n\t\t\t\t<div class=\"elementor-element elementor-element-8a4baa7 elementor-widget elementor-widget-heading\" data-id=\"8a4baa7\" data-element_type=\"widget\" data-e-type=\"widget\" data-widget_type=\"heading.default\">\n\t\t\t\t<div class=\"elementor-widget-container\">\n\t\t\t\t\t<h2 class=\"elementor-heading-title elementor-size-default\">Schwerpunkte<\/h2>\t\t\t\t<\/div>\n\t\t\t\t<\/div>\n\t\t\t\t<div class=\"elementor-element elementor-element-57acea9 elementor-widget-divider--view-line elementor-widget elementor-widget-divider\" data-id=\"57acea9\" data-element_type=\"widget\" data-e-type=\"widget\" data-widget_type=\"divider.default\">\n\t\t\t\t<div class=\"elementor-widget-container\">\n\t\t\t\t\t\t\t<div class=\"elementor-divider\">\n\t\t\t<span class=\"elementor-divider-separator\">\n\t\t\t\t\t\t<\/span>\n\t\t<\/div>\n\t\t\t\t\t\t<\/div>\n\t\t\t\t<\/div>\n\t\t\t\t<div class=\"elementor-element elementor-element-cbc4ba5 elementor-widget elementor-widget-text-editor\" data-id=\"cbc4ba5\" data-element_type=\"widget\" data-e-type=\"widget\" data-widget_type=\"text-editor.default\">\n\t\t\t\t<div class=\"elementor-widget-container\">\n\t\t\t\t\t\t\t\t\t<p><strong><span style=\"text-decoration: underline;\">Schwerpunkt MINT &amp; MINT-Klassen<\/span><\/strong><\/p><p>Unsere Schule tr\u00e4gt stolz das <strong>MINT-G\u00fctesiegel <\/strong>(<strong>M<\/strong>athematik, <strong>I<\/strong>nformatik, <strong>N<\/strong>aturwissenschaft und <strong>T<\/strong>echnik), das uns als besonders engagierte Bildungseinrichtung in den Bereichen Mathematik, Informatik, Naturwissenschaften und Technik auszeichnet. Mit vier <strong>MINT-Klassen<\/strong> setzen wir einen klaren Schwerpunkt auf die F\u00f6rderung von Kompetenzen in diesen zukunftsorientierten Fachbereichen. Durch praxisnahe Projekte, innovative Lehrmethoden und enge Kooperation mit Wissenschaft, Wirtschaft und Technik bereiten wir unsere Sch\u00fclerinnen und Sch\u00fcler optimal auf die Anforderungen einer technologiebasierten Welt vor. Unser Ziel ist es, Begeisterung f\u00fcr MINT-F\u00e4cher zu wecken und Talente gezielt zu f\u00f6rdern. Weitere Informationen zu unserem MINT-Angebot finden Sie im entsprechenden Abschnitt auf unserer Homepage.<\/p><p><strong><br \/><span style=\"text-decoration: underline;\">Schwerpunkt Labs &amp; Labwochen<\/span><\/strong><\/p><p>Unser zweites Hauptaugenmerk liegt auf den <strong>f\u00fcnf<\/strong> <strong>Labs<\/strong>, die in unserer Schule einen zentralen Bestandteil des Lehrplans darstellen. In den einzelnen Bereichen erfolgt eine vertiefte Auseinandersetzung mit den jeweiligen Themen, um eine umfassende F\u00f6rderung der Sch\u00fclerinnen und Sch\u00fcler zu gew\u00e4hrleisten. Die spezifischen Zielsetzungen der Labs sowie die verschiedenen Aktivit\u00e4ten, die im Rahmen der Labs durchgef\u00fchrt werden, k\u00f6nnen Sie detailliert dem Abschnitt &#8222;Schwerpunkt &#8211; Labs\u201c auf unserer Homepage entnehmen. Unsere Labs sind:<\/p><ul><li><strong>Art-Lab<\/strong><\/li><li><strong>Global-Lab<\/strong><\/li><li><strong>Health-Lab<\/strong><\/li><li><strong>Language-Lab<\/strong><\/li><li><b>MINT-Lab<\/b><\/li><\/ul><p><br \/>Unsere Kernbereiche werden durch <strong>Workshops, Projekt- und Sportwochen<\/strong> erg\u00e4nzt, die das Lernen \u00fcber den regul\u00e4ren Unterricht hinaus bereichern und wichtige Impulse f\u00fcr die pers\u00f6nliche Entwicklung der Sch\u00fclerinnen und Sch\u00fcler setzen.<\/p><p>\u00a0<\/p>\t\t\t\t\t\t\t\t<\/div>\n\t\t\t\t<\/div>\n\t\t\t\t<div class=\"elementor-element elementor-element-9c24754 elementor-widget elementor-widget-heading\" data-id=\"9c24754\" data-element_type=\"widget\" data-e-type=\"widget\" data-widget_type=\"heading.default\">\n\t\t\t\t<div class=\"elementor-widget-container\">\n\t\t\t\t\t<h2 class=\"elementor-heading-title elementor-size-default\">Organisatorisches Konzept<\/h2>\t\t\t\t<\/div>\n\t\t\t\t<\/div>\n\t\t\t\t<div class=\"elementor-element elementor-element-2dc96f0 elementor-widget-divider--view-line elementor-widget elementor-widget-divider\" data-id=\"2dc96f0\" data-element_type=\"widget\" data-e-type=\"widget\" data-widget_type=\"divider.default\">\n\t\t\t\t<div class=\"elementor-widget-container\">\n\t\t\t\t\t\t\t<div class=\"elementor-divider\">\n\t\t\t<span class=\"elementor-divider-separator\">\n\t\t\t\t\t\t<\/span>\n\t\t<\/div>\n\t\t\t\t\t\t<\/div>\n\t\t\t\t<\/div>\n\t\t\t\t<div class=\"elementor-element elementor-element-1979d75 elementor-widget elementor-widget-text-editor\" data-id=\"1979d75\" data-element_type=\"widget\" data-e-type=\"widget\" data-widget_type=\"text-editor.default\">\n\t\t\t\t<div class=\"elementor-widget-container\">\n\t\t\t\t\t\t\t\t\t<div class=\"content clearfix\"><p><strong>Teamteaching\/Kleingruppen<\/strong><br \/><span style=\"font-size: 1rem;\">Jede Schulstufe wird von einem engagierten und kooperativen Team betreut, das durch enge Zusammenarbeit eine optimale F\u00f6rderung der Sch\u00fclerinnen und Sch\u00fcler sicherstellt. Der Unterricht wird \u00fcberwiegend im <\/span>Teamteaching<span style=\"font-size: 1rem;\"> oder in <\/span>Kleingruppen<span style=\"font-size: 1rem;\"> gestaltet, wodurch eine individuelle Unterst\u00fctzung und gezielte Ansprache erm\u00f6glicht wird.<\/span><\/p><p><span data-olk-copy-source=\"MessageBody\"><strong>F\u00e4cher\u00fcbergreifende Bildung<\/strong><br \/><\/span>Das Fach <span style=\"text-decoration: underline;\">Naturwissenschaftliche Bildung (Nawi) <\/span>vereint Biologie, Physik und Chemie, um grundlegende naturwissenschaftliche Zusammenh\u00e4nge verst\u00e4ndlich zu machen. Das Fach <span style=\"text-decoration: underline;\">Wirtschaftlich-gesellschaftliche Bildung (WGB)<\/span>\u00a0f\u00fchrt Geographie und Geschichte zusammen und er\u00f6ffnet Einblicke in wirtschaftliche, gesellschaftliche und r\u00e4umliche Entwicklungen. In der <span style=\"text-decoration: underline;\">K\u00fcnstlerisch-kreativen Bildung (KKB)<\/span> stehen Zeichnen und Werken im Mittelpunkt und f\u00f6rdern Fantasie, Ausdruck sowie gestalterische F\u00e4higkeiten.<\/p><\/div><div class=\"content clearfix\"><p><strong>Lerncoaching und Lernclub<\/strong><br \/>Durch Lerncoaching und die Teilnahme am Lernclub erhalten die Sch\u00fclerinnen und Sch\u00fcler gezielte Unterst\u00fctzung, um ihre Lernkompetenzen weiterzuentwickeln und ihre Lernmotivation langfristig zu st\u00e4rken. Diese Angebote bieten eine ma\u00dfgeschneiderte F\u00f6rderung, die den Sch\u00fclerinnen und Sch\u00fclern hilft, ihre Potenziale optimal zu entfalten.<\/p><p data-start=\"125\" data-end=\"173\"><strong data-start=\"125\" data-end=\"173\">E.S.L. \u2013 Erweiterte Schulleiter*innensitzung<br \/><\/strong>Im Rahmen unseres Schulkonzepts findet regelm\u00e4\u00dfig die Erweiterte Schulleiter*innensitzung (E.S.L.) statt.<br data-start=\"284\" data-end=\"287\" \/>An dieser Sitzung nehmen die Schulleitung, eine Vertreter*in des Klassenteams, die Nachmittagsgestaltung, der Schulpsychologe bzw. die Schulpsychologin sowie die Sozialarbeiterin teil. Ziel dieser Treffen ist es, organisatorische Themen zu besprechen, Abl\u00e4ufe zu verbessern und W\u00fcnsche oder Anliegen gemeinsam zu vereinbaren. Beschl\u00fcsse werden partizipativ in der kommenden Konferenz mit allen Lehrkr\u00e4ften abgestimmt.<\/p><\/div><p data-start=\"103\" data-end=\"118\"><strong data-start=\"103\" data-end=\"118\">Teamschiene<br \/><\/strong>Die Teamschiene findet bei uns montags f\u00fcr zwei Unterrichtsstunden statt. In dieser Zeit arbeiten die jeweiligen Klassenteams gemeinsam an allen wichtigen organisatorischen und p\u00e4dagogischen Themen. Dazu geh\u00f6ren unter anderem die Planung von Projekten und Schularbeitsterminen, die Einteilung von Gruppen und Gestaltung des Unterrichtsalltags,\u00a0der Austausch \u00fcber aktuelle Themen oder Anliegen innerhalb der Klasse und vieles mehr. Die Teamschiene dient somit der koordinierten Zusammenarbeit und kontinuierlichen Weiterentwicklung der p\u00e4dagogischen Arbeit in den Klassen.<\/p><p data-start=\"103\" data-end=\"118\">\u00a0<\/p>\t\t\t\t\t\t\t\t<\/div>\n\t\t\t\t<\/div>\n\t\t\t\t\t<\/div>\n\t\t\t\t<\/div>\n\t\t<div class=\"has_eae_slider elementor-element elementor-element-1c7cbef e-grid e-con-boxed e-con e-parent\" data-eae-slider=\"24100\" data-id=\"1c7cbef\" data-element_type=\"container\" data-e-type=\"container\">\n\t\t\t\t\t<div class=\"e-con-inner\">\n\t\t\t\t<div class=\"elementor-element elementor-element-b8375af elementor-widget-divider--view-line elementor-widget elementor-widget-divider\" data-id=\"b8375af\" data-element_type=\"widget\" data-e-type=\"widget\" data-widget_type=\"divider.default\">\n\t\t\t\t<div class=\"elementor-widget-container\">\n\t\t\t\t\t\t\t<div class=\"elementor-divider\">\n\t\t\t<span class=\"elementor-divider-separator\">\n\t\t\t\t\t\t<\/span>\n\t\t<\/div>\n\t\t\t\t\t\t<\/div>\n\t\t\t\t<\/div>\n\t\t\t\t\t<\/div>\n\t\t\t\t<\/div>\n\t\t<div class=\"has_eae_slider elementor-element elementor-element-c8d1296 e-flex e-con-boxed e-con e-parent\" data-eae-slider=\"80690\" data-id=\"c8d1296\" data-element_type=\"container\" data-e-type=\"container\">\n\t\t\t\t\t<div class=\"e-con-inner\">\n\t\t\t\t\t<\/div>\n\t\t\t\t<\/div>\n\t\t<div class=\"has_eae_slider elementor-element elementor-element-e741d08 e-flex e-con-boxed e-con e-parent\" data-eae-slider=\"69225\" data-id=\"e741d08\" data-element_type=\"container\" data-e-type=\"container\">\n\t\t\t\t\t<div class=\"e-con-inner\">\n\t\t\t\t\t<\/div>\n\t\t\t\t<\/div>\n\t\t\t\t<\/div>\n\t\t","protected":false},"excerpt":{"rendered":"<p>\u00dcberblick Unsere Schule Als Teil der P\u00e4dagogischen Hochschule Wien sind wir eine Bundesschule, welche auf die individuellen St\u00e4rken und Bed\u00fcrfnisse unserer Sch\u00fclerinnen und Sch\u00fcler eingeht. Wir gew\u00e4hrleisten eine lehrplangem\u00e4\u00dfe Bildung und vermitteln fachliche, soziale sowie methodische Kompetenzen, die den aktuellen Bildungsstandards entsprechen. Unser Ziel ist es, alle Sch\u00fclerinnen und Sch\u00fcler optimal auf die Anforderungen einer [&hellip;]<\/p>\n","protected":false},"author":1,"featured_media":0,"parent":0,"menu_order":0,"comment_status":"closed","ping_status":"closed","template":"","meta":{"_acf_changed":false,"footnotes":""},"jahrgang":[],"class_list":["post-7","page","type-page","status-publish","hentry"],"acf":[],"_links":{"self":[{"href":"https:\/\/pms.phwien.ac.at\/index.php\/wp-json\/wp\/v2\/pages\/7","targetHints":{"allow":["GET"]}}],"collection":[{"href":"https:\/\/pms.phwien.ac.at\/index.php\/wp-json\/wp\/v2\/pages"}],"about":[{"href":"https:\/\/pms.phwien.ac.at\/index.php\/wp-json\/wp\/v2\/types\/page"}],"author":[{"embeddable":true,"href":"https:\/\/pms.phwien.ac.at\/index.php\/wp-json\/wp\/v2\/users\/1"}],"replies":[{"embeddable":true,"href":"https:\/\/pms.phwien.ac.at\/index.php\/wp-json\/wp\/v2\/comments?post=7"}],"version-history":[{"count":296,"href":"https:\/\/pms.phwien.ac.at\/index.php\/wp-json\/wp\/v2\/pages\/7\/revisions"}],"predecessor-version":[{"id":4648,"href":"https:\/\/pms.phwien.ac.at\/index.php\/wp-json\/wp\/v2\/pages\/7\/revisions\/4648"}],"wp:attachment":[{"href":"https:\/\/pms.phwien.ac.at\/index.php\/wp-json\/wp\/v2\/media?parent=7"}],"wp:term":[{"taxonomy":"jahrgang","embeddable":true,"href":"https:\/\/pms.phwien.ac.at\/index.php\/wp-json\/wp\/v2\/jahrgang?post=7"}],"curies":[{"name":"wp","href":"https:\/\/api.w.org\/{rel}","templated":true}]}}