{"id":995,"date":"2024-09-13T09:24:24","date_gmt":"2024-09-13T09:24:24","guid":{"rendered":"https:\/\/pms.phwien.ac.at\/?page_id=995"},"modified":"2025-09-03T13:03:21","modified_gmt":"2025-09-03T13:03:21","slug":"global-citizenship","status":"publish","type":"page","link":"https:\/\/pms.phwien.ac.at\/index.php\/global-citizenship\/","title":{"rendered":"Global Citizenship"},"content":{"rendered":"\t\t<div data-elementor-type=\"wp-page\" data-elementor-id=\"995\" class=\"elementor elementor-995\" data-elementor-post-type=\"page\">\n\t\t\t\t<div class=\"has_eae_slider elementor-element elementor-element-f532422 e-flex e-con-boxed e-con e-parent\" data-eae-slider=\"19623\" data-id=\"f532422\" data-element_type=\"container\" data-e-type=\"container\">\n\t\t\t\t\t<div class=\"e-con-inner\">\n\t\t\t\t<div class=\"elementor-element elementor-element-22f1442 elementor-widget elementor-widget-heading\" data-id=\"22f1442\" data-element_type=\"widget\" data-e-type=\"widget\" data-widget_type=\"heading.default\">\n\t\t\t\t<div class=\"elementor-widget-container\">\n\t\t\t\t\t<h2 class=\"elementor-heading-title elementor-size-default\">Global Lab<\/h2>\t\t\t\t<\/div>\n\t\t\t\t<\/div>\n\t\t\t\t<div class=\"elementor-element elementor-element-43dcfcb elementor-widget-divider--view-line elementor-widget elementor-widget-divider\" data-id=\"43dcfcb\" data-element_type=\"widget\" data-e-type=\"widget\" data-widget_type=\"divider.default\">\n\t\t\t\t<div class=\"elementor-widget-container\">\n\t\t\t\t\t\t\t<div class=\"elementor-divider\">\n\t\t\t<span class=\"elementor-divider-separator\">\n\t\t\t\t\t\t<\/span>\n\t\t<\/div>\n\t\t\t\t\t\t<\/div>\n\t\t\t\t<\/div>\n\t\t\t\t<div class=\"elementor-element elementor-element-f5e1af3 elementor-widget elementor-widget-text-editor\" data-id=\"f5e1af3\" data-element_type=\"widget\" data-e-type=\"widget\" data-widget_type=\"text-editor.default\">\n\t\t\t\t<div class=\"elementor-widget-container\">\n\t\t\t\t\t\t\t\t\t<p>Das <em>Global Lab<\/em> setzt sich mit globalen Zusammenh\u00e4ngen auseinander, die Menschen, Orte und Ereignisse weltweit miteinander verbindet.<\/p><p>Die Sch\u00fcler*innen sollen dabei \u00fcber die blo\u00dfen Kenntnisse globaler Ph\u00e4nomene hinaus wichtige F\u00e4higkeiten entwickeln, die f\u00fcr eine qualitative und zukunftsf\u00e4hige Ausbildung wichtig sind. Dazu z\u00e4hlen u.a.<\/p><ul><li>kritisches Denken<\/li><li>den eigenen Standpunkt erkl\u00e4ren<\/li><li>andere Standpunkte akzeptieren und nachvollziehen<\/li><li>fortschreitende Globalisierungsprozesse verstehen und deren Einfl\u00fcsse auf das eigene Leben erkennen bzw. damit umgehen<\/li><\/ul><p>Die Sch\u00fcler*innen sollen beim Umgang mit globalen Entwicklungen durch verinnerlichte Werte und Haltungen, wie etwa<\/p><ul><li>Respekt,<\/li><li>Offenheit,<\/li><li>Empathie,<\/li><li>Integrit\u00e4t,<\/li><li>Verantwortung,<\/li><li>Solidarit\u00e4t,<\/li><li>Freiheit und W\u00fcrde,<\/li><li>Vielfalt,<\/li><li>Nachhaltigkeit,<\/li><li>Gerechtigkeit und Gleichberechtigung<\/li><\/ul><p>begleitet und unterst\u00fctzt werden.<\/p><p>Folgende Themen k\u00f6nnen im Rahmen des <em>Global Labs<\/em> methodisch-didaktisch vielf\u00e4ltig behandelt werden &#8211; ohne, dass diese als \u201ezus\u00e4tzlicher\u201c Stoff bzw. Unterrichtsfach f\u00fcr Lehrer*innen und Sch\u00fcler*innen verstanden werden:<\/p><ul><li>Friede und Konflikte<\/li><li>Klima- und Umweltschutz<\/li><li>Ressourcen<\/li><li>Diversit\u00e4t<\/li><li>Inklusion<\/li><li>Politische Macht, Demokratie und Menschenrechte<\/li><li>Konsum und Produktion<\/li><li>Weltwirtschaft und internationaler Handel<\/li><li>Migration<br \/>u.v.m.<\/li><\/ul>\t\t\t\t\t\t\t\t<\/div>\n\t\t\t\t<\/div>\n\t\t\t\t<div class=\"elementor-element elementor-element-4c0b579 elementor-widget-divider--view-line elementor-widget elementor-widget-divider\" data-id=\"4c0b579\" data-element_type=\"widget\" data-e-type=\"widget\" data-widget_type=\"divider.default\">\n\t\t\t\t<div class=\"elementor-widget-container\">\n\t\t\t\t\t\t\t<div class=\"elementor-divider\">\n\t\t\t<span class=\"elementor-divider-separator\">\n\t\t\t\t\t\t<\/span>\n\t\t<\/div>\n\t\t\t\t\t\t<\/div>\n\t\t\t\t<\/div>\n\t\t\t\t<div class=\"elementor-element elementor-element-f338109 elementor-widget elementor-widget-jet-listing-grid\" data-id=\"f338109\" data-element_type=\"widget\" data-e-type=\"widget\" data-settings=\"{&quot;columns&quot;:&quot;1&quot;}\" data-widget_type=\"jet-listing-grid.default\">\n\t\t\t\t<div class=\"elementor-widget-container\">\n\t\t\t\t\t<div class=\"jet-listing-grid jet-listing\"><div class=\"jet-listing-grid__items grid-col-desk-1 grid-col-tablet-1 grid-col-mobile-1 jet-listing-grid--992\" data-queried-id=\"995|WP_Post\" data-nav=\"{&quot;enabled&quot;:true,&quot;type&quot;:&quot;scroll&quot;,&quot;more_el&quot;:null,&quot;query&quot;:{&quot;post_status&quot;:[&quot;publish&quot;],&quot;post_type&quot;:&quot;global-citizenship&quot;,&quot;posts_per_page&quot;:&quot;6&quot;,&quot;paged&quot;:&quot;1&quot;,&quot;ignore_sticky_posts&quot;:&quot;1&quot;,&quot;date_query&quot;:[{&quot;column&quot;:&quot;post_date&quot;,&quot;after&quot;:&quot;&quot;,&quot;before&quot;:&quot;&quot;}],&quot;signature&quot;:&quot;a278a6b5adb0c866b8f961d091f5a9e90217feb38a63c9a8e2c4bba1713e6fef&quot;},&quot;widget_settings&quot;:{&quot;lisitng_id&quot;:992,&quot;posts_num&quot;:6,&quot;columns&quot;:1,&quot;columns_tablet&quot;:1,&quot;columns_mobile&quot;:1,&quot;column_min_width&quot;:240,&quot;column_min_width_tablet&quot;:240,&quot;column_min_width_mobile&quot;:240,&quot;inline_columns_css&quot;:false,&quot;is_archive_template&quot;:&quot;&quot;,&quot;post_status&quot;:[&quot;publish&quot;],&quot;use_random_posts_num&quot;:&quot;&quot;,&quot;max_posts_num&quot;:9,&quot;not_found_message&quot;:&quot;Noch keine Beitr\\u00e4ge vorhanden.&quot;,&quot;is_masonry&quot;:false,&quot;equal_columns_height&quot;:&quot;&quot;,&quot;use_load_more&quot;:&quot;yes&quot;,&quot;load_more_id&quot;:&quot;&quot;,&quot;load_more_type&quot;:&quot;scroll&quot;,&quot;load_more_offset&quot;:{&quot;unit&quot;:&quot;px&quot;,&quot;size&quot;:0,&quot;sizes&quot;:[]},&quot;use_custom_post_types&quot;:&quot;&quot;,&quot;custom_post_types&quot;:[],&quot;hide_widget_if&quot;:&quot;&quot;,&quot;carousel_enabled&quot;:&quot;&quot;,&quot;slides_to_scroll&quot;:&quot;1&quot;,&quot;arrows&quot;:&quot;true&quot;,&quot;arrow_icon&quot;:&quot;fa fa-angle-left&quot;,&quot;dots&quot;:&quot;&quot;,&quot;autoplay&quot;:&quot;true&quot;,&quot;pause_on_hover&quot;:&quot;true&quot;,&quot;autoplay_speed&quot;:5000,&quot;infinite&quot;:&quot;true&quot;,&quot;center_mode&quot;:&quot;&quot;,&quot;effect&quot;:&quot;slide&quot;,&quot;speed&quot;:500,&quot;inject_alternative_items&quot;:&quot;&quot;,&quot;injection_items&quot;:[],&quot;scroll_slider_enabled&quot;:&quot;&quot;,&quot;scroll_slider_on&quot;:[&quot;desktop&quot;,&quot;tablet&quot;,&quot;mobile&quot;],&quot;custom_query&quot;:false,&quot;custom_query_id&quot;:&quot;&quot;,&quot;_element_id&quot;:&quot;&quot;,&quot;collapse_first_last_gap&quot;:false,&quot;list_tag_selection&quot;:&quot;&quot;,&quot;list_items_wrapper_tag&quot;:&quot;div&quot;,&quot;list_item_tag&quot;:&quot;div&quot;,&quot;empty_items_wrapper_tag&quot;:&quot;div&quot;}}\" data-page=\"1\" data-pages=\"1\" data-listing-source=\"posts\" data-listing-id=\"992\" data-query-id=\"\"><div class=\"jet-listing-grid__item jet-listing-dynamic-post-4257\" data-post-id=\"4257\"  >\t\t<div data-elementor-type=\"jet-listing-items\" data-elementor-id=\"992\" class=\"elementor elementor-992\" data-elementor-post-type=\"jet-engine\">\n\t\t\t\t<a class=\"has_eae_slider elementor-element elementor-element-dc86f15 e-transform e-flex e-con-boxed e-con e-parent\" data-eae-slider=\"67605\" data-id=\"dc86f15\" data-element_type=\"container\" data-e-type=\"container\" data-settings=\"{&quot;_transform_scale_effect_hover&quot;:{&quot;unit&quot;:&quot;px&quot;,&quot;size&quot;:1.01,&quot;sizes&quot;:[]},&quot;_transform_scale_effect_hover_tablet&quot;:{&quot;unit&quot;:&quot;px&quot;,&quot;size&quot;:&quot;&quot;,&quot;sizes&quot;:[]},&quot;_transform_scale_effect_hover_mobile&quot;:{&quot;unit&quot;:&quot;px&quot;,&quot;size&quot;:&quot;&quot;,&quot;sizes&quot;:[]}}\" href=\"https:\/\/pms.phwien.ac.at\/index.php\/global-citizenship\/lab-days-global-lab\/\">\n\t\t\t\t\t<div class=\"e-con-inner\">\n\t\t<div class=\"has_eae_slider elementor-element elementor-element-e94a4c4 e-con-full e-flex e-con e-child\" data-eae-slider=\"79923\" data-id=\"e94a4c4\" data-element_type=\"container\" data-e-type=\"container\">\n\t\t\t\t<div class=\"elementor-element elementor-element-d6bb958 dce_masking-none elementor-widget elementor-widget-image\" data-id=\"d6bb958\" data-element_type=\"widget\" data-e-type=\"widget\" data-widget_type=\"image.default\">\n\t\t\t\t<div class=\"elementor-widget-container\">\n\t\t\t\t\t\t\t\t\t\t\t\t\t\t\t<img fetchpriority=\"high\" decoding=\"async\" width=\"225\" height=\"300\" src=\"https:\/\/pms.phwien.ac.at\/wp-content\/uploads\/2026\/02\/IMG_2865-225x300.jpg\" class=\"attachment-medium size-medium wp-image-4266\" alt=\"\" srcset=\"https:\/\/pms.phwien.ac.at\/wp-content\/uploads\/2026\/02\/IMG_2865-225x300.jpg 225w, https:\/\/pms.phwien.ac.at\/wp-content\/uploads\/2026\/02\/IMG_2865-768x1024.jpg 768w, https:\/\/pms.phwien.ac.at\/wp-content\/uploads\/2026\/02\/IMG_2865-1152x1536.jpg 1152w, https:\/\/pms.phwien.ac.at\/wp-content\/uploads\/2026\/02\/IMG_2865-1536x2048.jpg 1536w, https:\/\/pms.phwien.ac.at\/wp-content\/uploads\/2026\/02\/IMG_2865-scaled.jpg 1920w\" sizes=\"(max-width: 225px) 100vw, 225px\" \/>\t\t\t\t\t\t\t\t\t\t\t\t\t\t\t<\/div>\n\t\t\t\t<\/div>\n\t\t\t\t<\/div>\n\t\t<div class=\"has_eae_slider elementor-element elementor-element-4a3f6da e-con-full e-flex e-con e-child\" data-eae-slider=\"78682\" data-id=\"4a3f6da\" data-element_type=\"container\" data-e-type=\"container\">\n\t\t\t\t<div class=\"elementor-element elementor-element-3623b9c elementor-widget elementor-widget-heading\" data-id=\"3623b9c\" data-element_type=\"widget\" data-e-type=\"widget\" data-widget_type=\"heading.default\">\n\t\t\t\t<div class=\"elementor-widget-container\">\n\t\t\t\t\t<h2 class=\"elementor-heading-title elementor-size-default\">Lab Days: Global Lab<\/h2>\t\t\t\t<\/div>\n\t\t\t\t<\/div>\n\t\t\t\t<div class=\"elementor-element elementor-element-9798cf2 elementor-widget elementor-widget-text-editor\" data-id=\"9798cf2\" data-element_type=\"widget\" data-e-type=\"widget\" data-widget_type=\"text-editor.default\">\n\t\t\t\t<div class=\"elementor-widget-container\">\n\t\t\t\t\t\t\t\t\t<p>Im Rahmen unserer Lab Days erfolgte im Global Lab eine vielf\u00e4ltige Vertiefung der unterschiedlichen Themenbereiche.<\/p>\n<p>F\u00fcr weitere Informationen besuchen Sie bitte den folgenden Link: https:\/\/www.facebook.com\/share\/r\/14XtL1TJdiW\/<\/p>\n\t\t\t\t\t\t\t\t<\/div>\n\t\t\t\t<\/div>\n\t\t\t\t<div class=\"elementor-element elementor-element-405a56e elementor-widget elementor-widget-text-editor\" data-id=\"405a56e\" data-element_type=\"widget\" data-e-type=\"widget\" data-widget_type=\"text-editor.default\">\n\t\t\t\t<div class=\"elementor-widget-container\">\n\t\t\t\t\t\t\t\t\t<p>mehr erfahren&#8230;<\/p>\t\t\t\t\t\t\t\t<\/div>\n\t\t\t\t<\/div>\n\t\t\t\t<\/div>\n\t\t\t\t\t<\/div>\n\t\t\t\t<\/a>\n\t\t\t\t<\/div>\n\t\t<\/div><div class=\"jet-listing-grid__item jet-listing-dynamic-post-4180\" data-post-id=\"4180\"  >\t\t<div data-elementor-type=\"jet-listing-items\" data-elementor-id=\"992\" class=\"elementor elementor-992\" data-elementor-post-type=\"jet-engine\">\n\t\t\t\t<a class=\"has_eae_slider elementor-element elementor-element-dc86f15 e-transform e-flex e-con-boxed e-con e-parent\" data-eae-slider=\"46290\" data-id=\"dc86f15\" data-element_type=\"container\" data-e-type=\"container\" data-settings=\"{&quot;_transform_scale_effect_hover&quot;:{&quot;unit&quot;:&quot;px&quot;,&quot;size&quot;:1.01,&quot;sizes&quot;:[]},&quot;_transform_scale_effect_hover_tablet&quot;:{&quot;unit&quot;:&quot;px&quot;,&quot;size&quot;:&quot;&quot;,&quot;sizes&quot;:[]},&quot;_transform_scale_effect_hover_mobile&quot;:{&quot;unit&quot;:&quot;px&quot;,&quot;size&quot;:&quot;&quot;,&quot;sizes&quot;:[]}}\" href=\"https:\/\/pms.phwien.ac.at\/index.php\/global-citizenship\/global-lab-kidness-to-go\/\">\n\t\t\t\t\t<div class=\"e-con-inner\">\n\t\t<div class=\"has_eae_slider elementor-element elementor-element-e94a4c4 e-con-full e-flex e-con e-child\" data-eae-slider=\"40037\" data-id=\"e94a4c4\" data-element_type=\"container\" data-e-type=\"container\">\n\t\t\t\t<div class=\"elementor-element elementor-element-d6bb958 dce_masking-none elementor-widget elementor-widget-image\" data-id=\"d6bb958\" data-element_type=\"widget\" data-e-type=\"widget\" data-widget_type=\"image.default\">\n\t\t\t\t<div class=\"elementor-widget-container\">\n\t\t\t\t\t\t\t\t\t\t\t\t\t\t\t<img decoding=\"async\" width=\"249\" height=\"300\" src=\"https:\/\/pms.phwien.ac.at\/wp-content\/uploads\/2026\/02\/33932a2d-c64c-4963-bbe3-6048647c4626-249x300.jpeg\" class=\"attachment-medium size-medium wp-image-4181\" alt=\"\" srcset=\"https:\/\/pms.phwien.ac.at\/wp-content\/uploads\/2026\/02\/33932a2d-c64c-4963-bbe3-6048647c4626-249x300.jpeg 249w, https:\/\/pms.phwien.ac.at\/wp-content\/uploads\/2026\/02\/33932a2d-c64c-4963-bbe3-6048647c4626-849x1024.jpeg 849w, https:\/\/pms.phwien.ac.at\/wp-content\/uploads\/2026\/02\/33932a2d-c64c-4963-bbe3-6048647c4626-768x926.jpeg 768w, https:\/\/pms.phwien.ac.at\/wp-content\/uploads\/2026\/02\/33932a2d-c64c-4963-bbe3-6048647c4626-1274x1536.jpeg 1274w, https:\/\/pms.phwien.ac.at\/wp-content\/uploads\/2026\/02\/33932a2d-c64c-4963-bbe3-6048647c4626.jpeg 1493w\" sizes=\"(max-width: 249px) 100vw, 249px\" \/>\t\t\t\t\t\t\t\t\t\t\t\t\t\t\t<\/div>\n\t\t\t\t<\/div>\n\t\t\t\t<\/div>\n\t\t<div class=\"has_eae_slider elementor-element elementor-element-4a3f6da e-con-full e-flex e-con e-child\" data-eae-slider=\"79458\" data-id=\"4a3f6da\" data-element_type=\"container\" data-e-type=\"container\">\n\t\t\t\t<div class=\"elementor-element elementor-element-3623b9c elementor-widget elementor-widget-heading\" data-id=\"3623b9c\" data-element_type=\"widget\" data-e-type=\"widget\" data-widget_type=\"heading.default\">\n\t\t\t\t<div class=\"elementor-widget-container\">\n\t\t\t\t\t<h2 class=\"elementor-heading-title elementor-size-default\">Global-Lab: &#8222;kidness to go&#8220;<\/h2>\t\t\t\t<\/div>\n\t\t\t\t<\/div>\n\t\t\t\t<div class=\"elementor-element elementor-element-9798cf2 elementor-widget elementor-widget-text-editor\" data-id=\"9798cf2\" data-element_type=\"widget\" data-e-type=\"widget\" data-widget_type=\"text-editor.default\">\n\t\t\t\t<div class=\"elementor-widget-container\">\n\t\t\t\t\t\t\t\t\t<div>Die Sch\u00fcler:innen des Global Labs verpacken eine Portion \u201ekindness to go\u201c in liebevoll selbstgestalteten Boxen. Wer auch immer so eine Box \u00f6ffnet, wird merken &#8211; Wertsch\u00e4tzung wirkt Wunder!<\/div>\n\t\t\t\t\t\t\t\t<\/div>\n\t\t\t\t<\/div>\n\t\t\t\t<div class=\"elementor-element elementor-element-405a56e elementor-widget elementor-widget-text-editor\" data-id=\"405a56e\" data-element_type=\"widget\" data-e-type=\"widget\" data-widget_type=\"text-editor.default\">\n\t\t\t\t<div class=\"elementor-widget-container\">\n\t\t\t\t\t\t\t\t\t<p>mehr erfahren&#8230;<\/p>\t\t\t\t\t\t\t\t<\/div>\n\t\t\t\t<\/div>\n\t\t\t\t<\/div>\n\t\t\t\t\t<\/div>\n\t\t\t\t<\/a>\n\t\t\t\t<\/div>\n\t\t<\/div><\/div><div class=\"jet-listing-grid__loader\"><div class=\"jet-listing-grid__loader-spinner\"><\/div><\/div><\/div>\t\t\t\t<\/div>\n\t\t\t\t<\/div>\n\t\t\t\t\t<\/div>\n\t\t\t\t<\/div>\n\t\t\t\t<\/div>\n\t\t","protected":false},"excerpt":{"rendered":"<p>Global Lab Das Global Lab setzt sich mit globalen Zusammenh\u00e4ngen auseinander, die Menschen, Orte und Ereignisse weltweit miteinander verbindet. Die Sch\u00fcler*innen sollen dabei \u00fcber die blo\u00dfen Kenntnisse globaler Ph\u00e4nomene hinaus wichtige F\u00e4higkeiten entwickeln, die f\u00fcr eine qualitative und zukunftsf\u00e4hige Ausbildung wichtig sind. Dazu z\u00e4hlen u.a. kritisches Denken den eigenen Standpunkt erkl\u00e4ren andere Standpunkte akzeptieren und [&hellip;]<\/p>\n","protected":false},"author":1,"featured_media":0,"parent":0,"menu_order":0,"comment_status":"closed","ping_status":"closed","template":"","meta":{"_acf_changed":false,"footnotes":""},"jahrgang":[],"class_list":["post-995","page","type-page","status-publish","hentry"],"acf":[],"_links":{"self":[{"href":"https:\/\/pms.phwien.ac.at\/index.php\/wp-json\/wp\/v2\/pages\/995","targetHints":{"allow":["GET"]}}],"collection":[{"href":"https:\/\/pms.phwien.ac.at\/index.php\/wp-json\/wp\/v2\/pages"}],"about":[{"href":"https:\/\/pms.phwien.ac.at\/index.php\/wp-json\/wp\/v2\/types\/page"}],"author":[{"embeddable":true,"href":"https:\/\/pms.phwien.ac.at\/index.php\/wp-json\/wp\/v2\/users\/1"}],"replies":[{"embeddable":true,"href":"https:\/\/pms.phwien.ac.at\/index.php\/wp-json\/wp\/v2\/comments?post=995"}],"version-history":[{"count":28,"href":"https:\/\/pms.phwien.ac.at\/index.php\/wp-json\/wp\/v2\/pages\/995\/revisions"}],"predecessor-version":[{"id":3390,"href":"https:\/\/pms.phwien.ac.at\/index.php\/wp-json\/wp\/v2\/pages\/995\/revisions\/3390"}],"wp:attachment":[{"href":"https:\/\/pms.phwien.ac.at\/index.php\/wp-json\/wp\/v2\/media?parent=995"}],"wp:term":[{"taxonomy":"jahrgang","embeddable":true,"href":"https:\/\/pms.phwien.ac.at\/index.php\/wp-json\/wp\/v2\/jahrgang?post=995"}],"curies":[{"name":"wp","href":"https:\/\/api.w.org\/{rel}","templated":true}]}}